{"id":1490,"date":"2018-05-12T23:38:36","date_gmt":"2018-05-12T21:38:36","guid":{"rendered":"https:\/\/www.hear-her.com\/?page_id=1490"},"modified":"2018-05-12T23:38:36","modified_gmt":"2018-05-12T21:38:36","slug":"despatch","status":"publish","type":"page","link":"https:\/\/www.hear-her.com\/en\/despatch\/","title":{"rendered":"Despatch"},"content":{"rendered":"<h2 class=\"p1\">Shipping costs order<\/h2>\n<p class=\"p1\"><em>Free Shipping Worldwide<\/em><\/p>\n<p class=\"p1\">We take over the shipping costs for you &#8211; no matter where you live.<\/p>\n<h2 class=\"p1\">Shipping costs, revocation and warranty<\/h2>\n<table style=\"font-weight: 400;\" width=\"321\">\n<tbody>\n<tr>\n<td width=\"80\"><\/td>\n<td width=\"80\"><span style=\"font-weight: 400;\">Delivery time<\/span><\/td>\n<td width=\"80\">EU<\/td>\n<td width=\"80\">not EU<\/td>\n<\/tr>\n<tr>\n<td width=\"80\"><span style=\"font-weight: 400;\">Revocation<\/span><\/td>\n<td width=\"80\">14 days<\/td>\n<td width=\"80\">\u00a0\u00a0\u00a0\u00a0\u00a0\u00a0\u00a0\u00a0\u00a0\u00a0\u00a0\u00a0\u00a0\u00a0\u00a0\u00a0 &#8211;\u00a0\u00a0 \u20ac<\/td>\n<td width=\"80\">\u00a0\u00a0\u00a0\u00a0\u00a0\u00a0\u00a0\u00a0\u00a0\u00a039,00 \u20ac<\/td>\n<\/tr>\n<tr>\n<td width=\"80\"><span style=\"font-weight: 400;\">Warranty<\/span><\/td>\n<td width=\"80\">1 year<\/td>\n<td width=\"80\">\u00a0\u00a0\u00a0\u00a0\u00a0\u00a0\u00a0\u00a0\u00a0\u00a0\u00a0\u00a0\u00a0\u00a0\u00a0\u00a0 &#8211;\u00a0\u00a0 \u20ac<\/td>\n<td width=\"80\">\u00a0\u00a0\u00a0\u00a0\u00a0\u00a0\u00a0\u00a0\u00a0\u00a0\u00a0\u00a0\u00a0\u00a0\u00a0\u00a0\u00a0&#8211;\u00a0\u00a0 \u20ac<\/td>\n<\/tr>\n<\/tbody>\n<\/table>\n<h2 class=\"p1\">Despatch types<\/h2>\n<p><span style=\"font-weight: 400;\">Your order will be shipped via DHL.<\/span><\/p>\n<h2 class=\"p1\">Delivery times<\/h2>\n<p><span style=\"font-weight: 400;\">Your order will be shipped to you within 48 hours on weekdays. You can see the average delivery times of the consignment in the table below. Countries not listed can be found on the <a href=\"https:\/\/www.dhl.de\/de\/geschaeftskunden\/paket\/ab-200-pakete\/internationaler-versand\/paket-international.html\">DHL International<\/a>\u00a0website or can be requested from us.<\/span><\/p>\n<table style=\"font-weight: 400;\" width=\"321\">\n<tbody>\n<tr>\n<td width=\"80\">\u00a0<strong>Countries<\/strong><\/td>\n<td width=\"80\"><strong>Delivery time (workdays)<\/strong><\/td>\n<\/tr>\n<tr>\n<td width=\"80\">Deutschland<\/td>\n<td width=\"80\">1\u20132<\/td>\n<\/tr>\n<tr>\n<td width=\"80\">Australien<\/td>\n<td width=\"80\">11<\/td>\n<\/tr>\n<tr>\n<td width=\"80\">Frankreich<\/td>\n<td width=\"80\">3<\/td>\n<\/tr>\n<tr>\n<td width=\"80\">Gro\u00dfbritannien inkl. Nordirland<\/td>\n<td width=\"80\">2\u20133<\/td>\n<\/tr>\n<tr>\n<td width=\"80\">Irland<\/td>\n<td width=\"80\">3\u20134<\/td>\n<\/tr>\n<tr>\n<td width=\"80\">Italien<\/td>\n<td width=\"80\">3<\/td>\n<\/tr>\n<tr>\n<td width=\"80\">Kanada<\/td>\n<td width=\"80\">10<\/td>\n<\/tr>\n<tr>\n<td width=\"80\">Niederlande<\/td>\n<td width=\"80\">2<\/td>\n<\/tr>\n<tr>\n<td width=\"80\">Norwegen<\/td>\n<td width=\"80\">7\u20138<\/td>\n<\/tr>\n<tr>\n<td width=\"80\">\u00d6sterreich<\/td>\n<td width=\"80\">2<\/td>\n<\/tr>\n<tr>\n<td width=\"80\">Polen<\/td>\n<td width=\"80\">2\u20133<\/td>\n<\/tr>\n<tr>\n<td width=\"80\">Portugal<\/td>\n<td width=\"80\">4\u20135<\/td>\n<\/tr>\n<tr>\n<td width=\"80\">Schweden<\/td>\n<td width=\"80\">3<\/td>\n<\/tr>\n<tr>\n<td width=\"80\">Schweiz<\/td>\n<td width=\"80\">4<\/td>\n<\/tr>\n<tr>\n<td width=\"80\">Spanien<\/td>\n<td width=\"80\">4\u20135<\/td>\n<\/tr>\n<tr>\n<td width=\"80\">T\u00fcrkei<\/td>\n<td width=\"80\">10\u201315<\/td>\n<\/tr>\n<tr>\n<td width=\"80\">Vereinigte Staaten von Amerika<\/td>\n<td width=\"80\">10\u201312<\/td>\n<\/tr>\n<\/tbody>\n<\/table>\n<p>Eine Sendungsverfolgung ist f\u00fcr alle Ziell\u00e4nder \u00fcber <a href=\"http:\/\/www.dhl.de\">www.dhl.de<\/a> m\u00f6glich.<\/p>\n<h2 class=\"p1\">Customs<\/h2>\n<p>Sonic Sales does not assume any customs or other costs that may be incurred.<\/p>\n<p><strong>Non-EU countries<\/strong><\/p>\n<p>If your order goes to a country outside the EU, there may be additional costs, customs duties, taxes, etc.<br \/>\nWe ship the goods according to the Incoterm DDU (&#8220;duties and taxes unpaid&#8221;), i.e. we bring your order to the place of delivery, but are not responsible for additional local taxes or customs costs.<\/p>\n<p>The person who receives the package will be responsible for any additional costs of importing the products (even if the order is rejected).<\/p>\n<p>It is also possible that the delivery of the order may be delayed for customs inspection reasons.<\/p>\n","protected":false},"excerpt":{"rendered":"<p>Shipping costs order Free Shipping Worldwide We take over the shipping costs for you &#8211; no matter where you live. Shipping costs, revocation&hellip;<\/p>\n","protected":false},"author":1,"featured_media":0,"parent":0,"menu_order":0,"comment_status":"closed","ping_status":"closed","template":"page-templates\/her-pages.php","meta":{"footnotes":""},"class_list":["post-1490","page","type-page","status-publish","hentry"],"_links":{"self":[{"href":"https:\/\/www.hear-her.com\/en\/wp-json\/wp\/v2\/pages\/1490","targetHints":{"allow":["GET"]}}],"collection":[{"href":"https:\/\/www.hear-her.com\/en\/wp-json\/wp\/v2\/pages"}],"about":[{"href":"https:\/\/www.hear-her.com\/en\/wp-json\/wp\/v2\/types\/page"}],"author":[{"embeddable":true,"href":"https:\/\/www.hear-her.com\/en\/wp-json\/wp\/v2\/users\/1"}],"replies":[{"embeddable":true,"href":"https:\/\/www.hear-her.com\/en\/wp-json\/wp\/v2\/comments?post=1490"}],"version-history":[{"count":1,"href":"https:\/\/www.hear-her.com\/en\/wp-json\/wp\/v2\/pages\/1490\/revisions"}],"predecessor-version":[{"id":1495,"href":"https:\/\/www.hear-her.com\/en\/wp-json\/wp\/v2\/pages\/1490\/revisions\/1495"}],"wp:attachment":[{"href":"https:\/\/www.hear-her.com\/en\/wp-json\/wp\/v2\/media?parent=1490"}],"curies":[{"name":"wp","href":"https:\/\/api.w.org\/{rel}","templated":true}]}}