{"id":3370,"date":"2018-09-28T15:28:52","date_gmt":"2018-09-28T13:28:52","guid":{"rendered":"https:\/\/www.hear-her.com\/?page_id=3370"},"modified":"2021-03-01T20:20:22","modified_gmt":"2021-03-01T19:20:22","slug":"un-women","status":"publish","type":"page","link":"https:\/\/www.hear-her.com\/en\/un-women\/","title":{"rendered":"h\u00ebr headphones help"},"content":{"rendered":"<h3>h\u00ebr headphones help<\/h3>\n<p>h\u00ebr headphones are truly a statement piece. With h\u00ebr by your side, you can live life with confidence, determination and without compromise; just like our headphones which offer the best in quality technology and design.<\/p>\n<p>We are committed to gender equality and the empowerment of women and actively address this using <strong>#hearher<\/strong> to ensure women continue to be heard more across the world.<\/p>\n<p>For this reason, we also commit to donating a fixed percentage of at least 5% of our profits to a charitable project that supports women.<\/p>\n","protected":false},"excerpt":{"rendered":"<p>h\u00ebr headphones help h\u00ebr headphones are truly a statement piece. With h\u00ebr by your side, you can live life with confidence, determination and&hellip;<\/p>\n","protected":false},"author":1,"featured_media":8708,"parent":0,"menu_order":0,"comment_status":"closed","ping_status":"closed","template":"page-templates\/her-pages.php","meta":{"footnotes":""},"class_list":["post-3370","page","type-page","status-publish","has-post-thumbnail","hentry"],"_links":{"self":[{"href":"https:\/\/www.hear-her.com\/en\/wp-json\/wp\/v2\/pages\/3370","targetHints":{"allow":["GET"]}}],"collection":[{"href":"https:\/\/www.hear-her.com\/en\/wp-json\/wp\/v2\/pages"}],"about":[{"href":"https:\/\/www.hear-her.com\/en\/wp-json\/wp\/v2\/types\/page"}],"author":[{"embeddable":true,"href":"https:\/\/www.hear-her.com\/en\/wp-json\/wp\/v2\/users\/1"}],"replies":[{"embeddable":true,"href":"https:\/\/www.hear-her.com\/en\/wp-json\/wp\/v2\/comments?post=3370"}],"version-history":[{"count":3,"href":"https:\/\/www.hear-her.com\/en\/wp-json\/wp\/v2\/pages\/3370\/revisions"}],"predecessor-version":[{"id":9172,"href":"https:\/\/www.hear-her.com\/en\/wp-json\/wp\/v2\/pages\/3370\/revisions\/9172"}],"wp:featuredmedia":[{"embeddable":true,"href":"https:\/\/www.hear-her.com\/en\/wp-json\/wp\/v2\/media\/8708"}],"wp:attachment":[{"href":"https:\/\/www.hear-her.com\/en\/wp-json\/wp\/v2\/media?parent=3370"}],"curies":[{"name":"wp","href":"https:\/\/api.w.org\/{rel}","templated":true}]}}