{"id":1224,"date":"2018-04-23T23:19:19","date_gmt":"2018-04-23T21:19:19","guid":{"rendered":"https:\/\/www.hear-her.com\/?page_id=1224"},"modified":"2021-05-19T20:45:03","modified_gmt":"2021-05-19T18:45:03","slug":"pie-de-imprenta","status":"publish","type":"page","link":"https:\/\/www.hear-her.com\/es\/pie-de-imprenta\/","title":{"rendered":"Pie de imprenta"},"content":{"rendered":"<h1>Empresa<\/h1>\n<p>Sonic Sales GmbH&gt;<br \/>\nLiebigstr. 24<br \/>\n33803 Steinhagen<\/p>\n<h2>Intl. Address<\/h2>\n<p>Sonic Sales GmbH<br \/>\nc\/o h\u00ebr headphones<br \/>\n3479 NE 163rd Street<br \/>\nNorth Miami Beach<br \/>\nFL 33160<br \/>\nUSA<\/p>\n<h2>Representada por<\/h2>\n<p>Matthias Herbst<\/p>\n<h2>lazo<\/h2>\n<p>llamar: +49 | 5204-9247888<br \/>\nfax: +49 | 5204-9247888<br \/>\ncorreo electr\u00f3nico: info@hear-her.com<\/p>\n<h2>Entrada de registro<\/h2>\n<p>Inscripci\u00f3n en el Registro Mercantil.<br \/>\nJuzgado de registro: Amtsgericht G\u00fctersloh<br \/>\nn\u00famero de matr\u00edcula: HRB 11373<\/p>\n<p>WEEE Reg. Nr.: 46352590<\/p>\n<h2>VAT ID<\/h2>\n<p>N\u00famero de identificaci\u00f3n del impuesto sobre las ventas de acuerdo con \u00a727 a la ley del impuesto sobre las ventas:<br \/>\nDE 815415147<\/p>\n<p>Plataforma de la Comisi\u00f3n Europea para la resoluci\u00f3n de litigios en l\u00ednea:\u00a0<a href=\"https:\/\/ec.europa.eu\/consumers\/odr\" target=\"_blank\" rel=\"noopener noreferrer\">https:\/\/ec.europa.eu\/consumers\/odr<\/a><\/p>\n<p>No estamos obligados ni dispuestos a participar en un procedimiento de resoluci\u00f3n de conflictos ante un organismo de arbitraje de consumo.<\/p>\n<h2>Design<\/h2>\n<p>Franziska Feldmann | www.franziska-feldmann.de<\/p>\n<h2>Fotos<\/h2>\n<p>Patrick Jaworek | www.patrickjaworek.com (Fotos &amp; Videos)<br \/>\nprodukteria | www.produkteria.de (360\u00b0-Ansicht)<br \/>\nJ\u00f6rg Diekmann | www.dieckmann-fotodesign.de (Fotos Kopfh\u00f6rer Produktseite)<br \/>\nSarah Jonek | www.jonek-fotografie.de (Foto About-Seite)<\/p>\n<p>Todas las contribuciones, fotos y dise\u00f1os est\u00e1n protegidos por derechos de autor. Su posterior publicaci\u00f3n tanto en Internet como en soportes de datos o en forma impresa requiere el consentimiento por escrito del titular de los derechos de autor.<\/p>\n<p>Los enlaces de Internet a www.hear-her.com son expresamente deseados.<\/p>\n<p>El pie de imprenta tambi\u00e9n se aplica a los siguientes perfiles de medios sociales:<\/p>\n<p><strong>Facebook:<\/strong>\u00a0<a href=\"http:\/\/www.facebook.com\/originalher\/\">www.facebook.com\/originalher\/<br \/>\n<\/a><strong>Instagram:<\/strong>\u00a0<a href=\"http:\/\/www.instagram.com\/her_original\/\">www.instagram.com\/her_original\/<\/a><br \/>\n<strong>Twitter:<\/strong>\u00a0<a href=\"https:\/\/twitter.com\/her_original\">www.twitter.com\/her_original\/<\/a><\/p>\n","protected":false},"excerpt":{"rendered":"<p>Empresa Sonic Sales GmbH&gt; Liebigstr. 24 33803 Steinhagen Intl. Address Sonic Sales GmbH c\/o h\u00ebr headphones 3479 NE 163rd Street North Miami Beach&hellip;<\/p>\n","protected":false},"author":1,"featured_media":0,"parent":0,"menu_order":0,"comment_status":"closed","ping_status":"closed","template":"page-templates\/her-pages.php","meta":{"footnotes":""},"class_list":["post-1224","page","type-page","status-publish","hentry"],"_links":{"self":[{"href":"https:\/\/www.hear-her.com\/es\/wp-json\/wp\/v2\/pages\/1224","targetHints":{"allow":["GET"]}}],"collection":[{"href":"https:\/\/www.hear-her.com\/es\/wp-json\/wp\/v2\/pages"}],"about":[{"href":"https:\/\/www.hear-her.com\/es\/wp-json\/wp\/v2\/types\/page"}],"author":[{"embeddable":true,"href":"https:\/\/www.hear-her.com\/es\/wp-json\/wp\/v2\/users\/1"}],"replies":[{"embeddable":true,"href":"https:\/\/www.hear-her.com\/es\/wp-json\/wp\/v2\/comments?post=1224"}],"version-history":[{"count":7,"href":"https:\/\/www.hear-her.com\/es\/wp-json\/wp\/v2\/pages\/1224\/revisions"}],"predecessor-version":[{"id":9321,"href":"https:\/\/www.hear-her.com\/es\/wp-json\/wp\/v2\/pages\/1224\/revisions\/9321"}],"wp:attachment":[{"href":"https:\/\/www.hear-her.com\/es\/wp-json\/wp\/v2\/media?parent=1224"}],"curies":[{"name":"wp","href":"https:\/\/api.w.org\/{rel}","templated":true}]}}