{"id":1492,"date":"2018-05-12T23:36:21","date_gmt":"2018-05-12T21:36:21","guid":{"rendered":"https:\/\/www.hear-her.com\/?page_id=1492"},"modified":"2018-05-12T23:36:21","modified_gmt":"2018-05-12T21:36:21","slug":"envio","status":"publish","type":"page","link":"https:\/\/www.hear-her.com\/es\/envio\/","title":{"rendered":"Env\u00edo"},"content":{"rendered":"<h2 class=\"p1\">Gastos de env\u00edo del pedido<\/h2>\n<p class=\"p1\"><em>Env\u00edo gratuito a todo el mundo<\/em><\/p>\n<p class=\"p1\">Nosotros nos hacemos cargo de los gastos de env\u00edo por usted &#8211; no importa donde viva.<\/p>\n<h2 class=\"p1\">Gastos de env\u00edo, revocaci\u00f3n y garant\u00eda<\/h2>\n<table style=\"font-weight: 400;\" width=\"321\">\n<tbody>\n<tr>\n<td width=\"80\"><\/td>\n<td width=\"80\">Plazo de entrega<\/td>\n<td width=\"80\">UE<\/td>\n<td width=\"80\">fuera de la UE<\/td>\n<\/tr>\n<tr>\n<td width=\"80\">Revocaci\u00f3n<\/td>\n<td width=\"80\">14 d\u00edas<\/td>\n<td width=\"80\">\u00a0\u00a0\u00a0\u00a0\u00a0\u00a0\u00a0\u00a0\u00a0\u00a0\u00a0\u00a0\u00a0\u00a0\u00a0\u00a0 &#8211;\u00a0\u00a0 \u20ac<\/td>\n<td width=\"80\">\u00a0\u00a0\u00a0\u00a0\u00a0\u00a0\u00a0\u00a0\u00a0\u00a039,00 \u20ac<\/td>\n<\/tr>\n<tr>\n<td width=\"80\">Garantizar<\/td>\n<td width=\"80\">1 a\u00f1o<\/td>\n<td width=\"80\">\u00a0\u00a0\u00a0\u00a0\u00a0\u00a0\u00a0\u00a0\u00a0\u00a0\u00a0\u00a0\u00a0\u00a0\u00a0\u00a0 &#8211;\u00a0\u00a0 \u20ac<\/td>\n<td width=\"80\">\u00a0\u00a0\u00a0\u00a0\u00a0\u00a0\u00a0\u00a0\u00a0\u00a0\u00a0\u00a0\u00a0\u00a0\u00a0\u00a0\u00a0&#8211;\u00a0\u00a0 \u20ac<\/td>\n<\/tr>\n<\/tbody>\n<\/table>\n<h2 class=\"p1\">Modo de env\u00edo<\/h2>\n<p>Su pedido ser\u00e1 enviado a trav\u00e9s de DHL.<\/p>\n<h2 class=\"p1\">Plazos de entrega<\/h2>\n<p>Su pedido le ser\u00e1 enviado dentro de las 48 horas de los d\u00edas laborables. Puede ver los plazos medios de entrega del env\u00edo en la siguiente tabla. Los pa\u00edses que no aparecen en la lista se pueden encontrar en el sitio web de\u00a0<a href=\"https:\/\/www.dhl.de\/de\/geschaeftskunden\/paket\/ab-200-pakete\/internationaler-versand\/paket-international.html\">DHL International<\/a>\u00a0o se nos pueden solicitar.<\/p>\n<table style=\"font-weight: 400;\" width=\"321\">\n<tbody>\n<tr>\n<td width=\"80\">\u00a0<strong>Pa\u00edses<\/strong><\/td>\n<td width=\"80\"><strong>Plazo de entrega (d\u00edas laborables)<\/strong><\/td>\n<\/tr>\n<tr>\n<td width=\"80\">Deutschland<\/td>\n<td width=\"80\">1\u20132<\/td>\n<\/tr>\n<tr>\n<td width=\"80\">Australien<\/td>\n<td width=\"80\">11<\/td>\n<\/tr>\n<tr>\n<td width=\"80\">Frankreich<\/td>\n<td width=\"80\">3<\/td>\n<\/tr>\n<tr>\n<td width=\"80\">Gro\u00dfbritannien inkl. Nordirland<\/td>\n<td width=\"80\">2\u20133<\/td>\n<\/tr>\n<tr>\n<td width=\"80\">Irland<\/td>\n<td width=\"80\">3\u20134<\/td>\n<\/tr>\n<tr>\n<td width=\"80\">Italien<\/td>\n<td width=\"80\">3<\/td>\n<\/tr>\n<tr>\n<td width=\"80\">Kanada<\/td>\n<td width=\"80\">10<\/td>\n<\/tr>\n<tr>\n<td width=\"80\">Niederlande<\/td>\n<td width=\"80\">2<\/td>\n<\/tr>\n<tr>\n<td width=\"80\">Norwegen<\/td>\n<td width=\"80\">7\u20138<\/td>\n<\/tr>\n<tr>\n<td width=\"80\">\u00d6sterreich<\/td>\n<td width=\"80\">2<\/td>\n<\/tr>\n<tr>\n<td width=\"80\">Polen<\/td>\n<td width=\"80\">2\u20133<\/td>\n<\/tr>\n<tr>\n<td width=\"80\">Portugal<\/td>\n<td width=\"80\">4\u20135<\/td>\n<\/tr>\n<tr>\n<td width=\"80\">Schweden<\/td>\n<td width=\"80\">3<\/td>\n<\/tr>\n<tr>\n<td width=\"80\">Schweiz<\/td>\n<td width=\"80\">4<\/td>\n<\/tr>\n<tr>\n<td width=\"80\">Spanien<\/td>\n<td width=\"80\">4\u20135<\/td>\n<\/tr>\n<tr>\n<td width=\"80\">T\u00fcrkei<\/td>\n<td width=\"80\">10\u201315<\/td>\n<\/tr>\n<tr>\n<td width=\"80\">Vereinigte Staaten von Amerika<\/td>\n<td width=\"80\">10\u201312<\/td>\n<\/tr>\n<\/tbody>\n<\/table>\n<p>El seguimiento del env\u00edo es posible para todos los pa\u00edses de destino a trav\u00e9s de\u00a0<a href=\"http:\/\/www.dhl.de\">www.dhl.de<\/a>.<\/p>\n<h2 class=\"p1\">Aduanas<\/h2>\n<p>Sonic Sales no asume ning\u00fan gasto de aduana ni de otro tipo en el que se pueda incurrir.<\/p>\n<p><strong>Pa\u00edses extracomunitarios<\/strong><\/p>\n<p>Si su pedido va a un pa\u00eds fuera de la UE, puede haber costes adicionales, derechos de aduana, impuestos, etc.<br \/>\nEnviamos la mercanc\u00eda de acuerdo con el Incoterm DDU (\u00abderechos e impuestos no pagados\u00bb), es decir, llevamos su pedido al lugar de entrega, pero no nos hacemos responsables de los impuestos locales adicionales ni de los costes de aduana.<\/p>\n<p>La persona que reciba el paquete ser\u00e1 responsable de cualquier coste adicional de importaci\u00f3n de los productos (incluso si el pedido es rechazado).<\/p>\n<p>Tambi\u00e9n es posible que la entrega del pedido se retrase por razones de inspecci\u00f3n aduanera.<\/p>\n","protected":false},"excerpt":{"rendered":"<p>Gastos de env\u00edo del pedido Env\u00edo gratuito a todo el mundo Nosotros nos hacemos cargo de los gastos de env\u00edo por usted &#8211;&hellip;<\/p>\n","protected":false},"author":1,"featured_media":0,"parent":0,"menu_order":0,"comment_status":"closed","ping_status":"closed","template":"page-templates\/her-pages.php","meta":{"footnotes":""},"class_list":["post-1492","page","type-page","status-publish","hentry"],"_links":{"self":[{"href":"https:\/\/www.hear-her.com\/es\/wp-json\/wp\/v2\/pages\/1492","targetHints":{"allow":["GET"]}}],"collection":[{"href":"https:\/\/www.hear-her.com\/es\/wp-json\/wp\/v2\/pages"}],"about":[{"href":"https:\/\/www.hear-her.com\/es\/wp-json\/wp\/v2\/types\/page"}],"author":[{"embeddable":true,"href":"https:\/\/www.hear-her.com\/es\/wp-json\/wp\/v2\/users\/1"}],"replies":[{"embeddable":true,"href":"https:\/\/www.hear-her.com\/es\/wp-json\/wp\/v2\/comments?post=1492"}],"version-history":[{"count":1,"href":"https:\/\/www.hear-her.com\/es\/wp-json\/wp\/v2\/pages\/1492\/revisions"}],"predecessor-version":[{"id":1493,"href":"https:\/\/www.hear-her.com\/es\/wp-json\/wp\/v2\/pages\/1492\/revisions\/1493"}],"wp:attachment":[{"href":"https:\/\/www.hear-her.com\/es\/wp-json\/wp\/v2\/media?parent=1492"}],"curies":[{"name":"wp","href":"https:\/\/api.w.org\/{rel}","templated":true}]}}