{"id":3375,"date":"2018-09-28T15:31:48","date_gmt":"2018-09-28T13:31:48","guid":{"rendered":"https:\/\/www.hear-her.com\/?page_id=3375"},"modified":"2021-03-01T20:17:59","modified_gmt":"2021-03-01T19:17:59","slug":"un-women","status":"publish","type":"page","link":"https:\/\/www.hear-her.com\/es\/un-women\/","title":{"rendered":"Los auriculares h\u00ebr ayudan"},"content":{"rendered":"<h3>Los auriculares h\u00ebr ayudan<\/h3>\n<p>\u00a1Los auriculares h\u00ebr son una declaraci\u00f3n para cualquier mujer! Pasa por la vida con confianza y autodeterminaci\u00f3n. Sin compromisos, porque con los auriculares h\u00ebr la tecnolog\u00eda se une al dise\u00f1o.<\/p>\n<p>Estamos comprometidos activamente con la igualdad de g\u00e9nero y el empoderamiento de las mujeres y abordaremos activamente esta cuesti\u00f3n con el hashtag <strong>#hearher<\/strong> para hacer que las mujeres sean m\u00e1s escuchadas en todo el mundo.<\/p>\n<p>Por esta raz\u00f3n, tambi\u00e9n nos comprometemos a donar un porcentaje fijo de al menos el 5% de nuestros beneficios a un proyecto ben\u00e9fico que apoye a las mujeres.<\/p>\n","protected":false},"excerpt":{"rendered":"<p>Los auriculares h\u00ebr ayudan \u00a1Los auriculares h\u00ebr son una declaraci\u00f3n para cualquier mujer! Pasa por la vida con confianza y autodeterminaci\u00f3n. Sin compromisos,&hellip;<\/p>\n","protected":false},"author":1,"featured_media":8714,"parent":0,"menu_order":0,"comment_status":"closed","ping_status":"closed","template":"page-templates\/her-pages.php","meta":{"footnotes":""},"class_list":["post-3375","page","type-page","status-publish","has-post-thumbnail","hentry"],"_links":{"self":[{"href":"https:\/\/www.hear-her.com\/es\/wp-json\/wp\/v2\/pages\/3375","targetHints":{"allow":["GET"]}}],"collection":[{"href":"https:\/\/www.hear-her.com\/es\/wp-json\/wp\/v2\/pages"}],"about":[{"href":"https:\/\/www.hear-her.com\/es\/wp-json\/wp\/v2\/types\/page"}],"author":[{"embeddable":true,"href":"https:\/\/www.hear-her.com\/es\/wp-json\/wp\/v2\/users\/1"}],"replies":[{"embeddable":true,"href":"https:\/\/www.hear-her.com\/es\/wp-json\/wp\/v2\/comments?post=3375"}],"version-history":[{"count":3,"href":"https:\/\/www.hear-her.com\/es\/wp-json\/wp\/v2\/pages\/3375\/revisions"}],"predecessor-version":[{"id":9166,"href":"https:\/\/www.hear-her.com\/es\/wp-json\/wp\/v2\/pages\/3375\/revisions\/9166"}],"wp:featuredmedia":[{"embeddable":true,"href":"https:\/\/www.hear-her.com\/es\/wp-json\/wp\/v2\/media\/8714"}],"wp:attachment":[{"href":"https:\/\/www.hear-her.com\/es\/wp-json\/wp\/v2\/media?parent=3375"}],"curies":[{"name":"wp","href":"https:\/\/api.w.org\/{rel}","templated":true}]}}