{"id":1201,"date":"2018-01-30T22:22:22","date_gmt":"2018-01-30T21:22:22","guid":{"rendered":"https:\/\/www.hear-her.com\/produkt\/her-on-ear-bluetooth-stereo-headphone\/"},"modified":"2026-05-10T21:17:02","modified_gmt":"2026-05-10T19:17:02","slug":"her-auriculares-bluetooth-estereo-en-el-oido","status":"publish","type":"product","link":"https:\/\/www.hear-her.com\/es\/produkt\/her-auriculares-bluetooth-estereo-en-el-oido\/","title":{"rendered":"h\u00ebr <br\/>auriculares bluetooth est\u00e9reo en el o\u00eddo"},"content":{"rendered":"<h3>Auriculares h\u00ebr<\/h3>\n<p>El dise\u00f1o fue especialmente creado acuerdo a tus deseos, porque te encantan los productos que se adaptan perfectamente a tu vida y que resalten de la corriente principal. Ligeras, delicadas y extremadamente c\u00f3modas, son mucho m\u00e1s que solo un accesorio elegante convenci\u00e9ndote sobre todo por su sonido n\u00edtido. Los auriculares h\u00ebr han sido dise\u00f1ados por uno de los fabricantes y mayoristas en el campo de la tecnolog\u00eda del sonido m\u00e1s importantes de Europa y, por lo tanto, cumplen los m\u00e1s altos est\u00e1ndares de calidad.<\/p>\n<h3>Libertad inal\u00e1mbrica<\/h3>\n<p>Los auriculares h\u00ebr son de uso universal. Ya sea que est\u00e9s de viaje, haciendo deporte o en casa, gracias a Bluetooth tendr\u00e1s total libertad de movimiento. Si la bater\u00eda est\u00e1 vac\u00eda, o si usas un dispositivo que no sea Bluetooth, los auriculares se pueden usar f\u00e1cilmente con el cable jack est\u00e1ndar incluido.<\/p>\n<h3>Configuraci\u00f3n sencilla<\/h3>\n<p>Es f\u00e1cil de configurar con Bluetooth, todo lo que necesitas es una interfaz Bluetooth y estar\u00e1 compatible con todos tus dispositivos, incluyendo tu smartphone, laptop, tablet, reproductor MP3, PC, iPad, iPod, iPhone, MacBook e iMac. <a href=\"https:\/\/www.hear-her.com\/support\/\" data-mce-href=\"https:\/\/www.hear-her.com\/support\/\">Emparejamiento de Tutoriales<\/a><\/p>\n<h3>Dise\u00f1o minimalista<\/h3>\n<p>Los auriculares h\u00ebr est\u00e1n dise\u00f1ados en elegantes tonos nude y beige para enfatizar tu estilo. El metal mate y el cuero suave forman una composici\u00f3n de alta calidad con una h\u00e1ptica excelente. Las suaves y flexibles almohadillas (On Ear) proporcionan un ajuste agradable en la cabeza y proporcionan un aspecto femenino.<\/p>\n<h3>Comodidad<\/h3>\n<p>Los auriculares h\u00ebr son ligeros y c\u00f3modos. Los auriculares pesan solo 200 g y, gracias a las almohadillas ultrasuaves en los o\u00eddos y la cabeza, tambi\u00e9n se pueden llevar m\u00e1s tiempo sin problemas. Permiten un ajuste discreto y sencillo, por lo que son adecuados para todas las formas de cabezas.<\/p>\n<h3>Hablar por tel\u00e9fono<\/h3>\n<p>Un micr\u00f3fono incorporado te facilita contestar al instante llamadas con tus auriculares. Puedes utilizar los botones para contestar, rechazar y pausar llamadas, eliminando la necesidad de tener que usar un smartphone, tanto para escuchar m\u00fasica como para hablar por tel\u00e9fono.<\/p>\n<h3>El compa\u00f1ero ideal<\/h3>\n<p>F\u00e1ciles de guardar en la bolsa de lino suministrada, los auriculares h\u00ebr son s\u00faper port\u00e1tiles y, por lo tanto, el compa\u00f1ero ideal para el uso diario.<\/p>\n<h3>Entrega r\u00e1pida<\/h3>\n<p>Como uno de los mayoristas de audio m\u00e1s grandes de Europa, sabemos lo importante que es para usted un env\u00edo r\u00e1pido y sin problemas. Por lo tanto, su pedido ser\u00e1 procesado inmediatamente, embalado y enviado por DHL en un plazo de 24 horas.<\/p>\n","protected":false},"excerpt":{"rendered":"<h5><em>Ligeros, delicados y confortables<\/em><\/h5>\n<p>Los auriculares de h\u00ebr son como t\u00fa te sientes. Ligeros y flexibles como son se adaptan a tu estilo y subrayan tu aspecto seguro de ti mismo. Disfruta de tu m\u00fasica favorita en cualquier momento y cualquier lugar con libertad ilimitada de movimiento. A tus o\u00eddos les encantar\u00e1n, ya que el sonido no permite comprimiso, al igual que la comodidad. El suave cuero y las patillas ajustables se adaptan a ti, as\u00ed que \u00a1s\u00e9 tu mismo y disfr\u00fatalo!<\/p>\n","protected":false},"featured_media":716,"comment_status":"open","ping_status":"closed","template":"","meta":[],"product_brand":[],"product_cat":[27],"product_tag":[],"class_list":{"0":"post-1201","1":"product","2":"type-product","3":"status-publish","4":"has-post-thumbnail","6":"product_cat-auriculares","8":"first","9":"instock","10":"featured","11":"taxable","12":"shipping-taxable","13":"purchasable","14":"product-type-simple"},"_links":{"self":[{"href":"https:\/\/www.hear-her.com\/es\/wp-json\/wp\/v2\/product\/1201","targetHints":{"allow":["GET"]}}],"collection":[{"href":"https:\/\/www.hear-her.com\/es\/wp-json\/wp\/v2\/product"}],"about":[{"href":"https:\/\/www.hear-her.com\/es\/wp-json\/wp\/v2\/types\/product"}],"replies":[{"embeddable":true,"href":"https:\/\/www.hear-her.com\/es\/wp-json\/wp\/v2\/comments?post=1201"}],"wp:featuredmedia":[{"embeddable":true,"href":"https:\/\/www.hear-her.com\/es\/wp-json\/wp\/v2\/media\/716"}],"wp:attachment":[{"href":"https:\/\/www.hear-her.com\/es\/wp-json\/wp\/v2\/media?parent=1201"}],"wp:term":[{"taxonomy":"product_brand","embeddable":true,"href":"https:\/\/www.hear-her.com\/es\/wp-json\/wp\/v2\/product_brand?post=1201"},{"taxonomy":"product_cat","embeddable":true,"href":"https:\/\/www.hear-her.com\/es\/wp-json\/wp\/v2\/product_cat?post=1201"},{"taxonomy":"product_tag","embeddable":true,"href":"https:\/\/www.hear-her.com\/es\/wp-json\/wp\/v2\/product_tag?post=1201"}],"curies":[{"name":"wp","href":"https:\/\/api.w.org\/{rel}","templated":true}]}}