{"id":7370,"date":"2019-09-30T22:59:36","date_gmt":"2019-09-30T21:49:20","guid":{"rendered":"https:\/\/www.hear-her.com\/?post_type=product&#038;p=7370"},"modified":"2026-04-15T06:32:43","modified_gmt":"2026-04-15T04:32:43","slug":"auriculares-in-ear-bluetooth-her","status":"publish","type":"product","link":"https:\/\/www.hear-her.com\/es\/produkt\/auriculares-in-ear-bluetooth-her\/","title":{"rendered":"Auriculares in-ear bluetooth h\u00ebr"},"content":{"rendered":"<h3>Auriculares in-ear h\u00ebr<\/h3>\n<p>Los auriculares in-ear h\u00ebr han sido dise\u00f1ados por uno de los fabricantes y mayoristas en el campo de la tecnolog\u00eda del sonido m\u00e1s importantes de Europa. Cada detalle del dise\u00f1o ha sido cuidado para lograr la mejor experiencia de sonido posible para tus auriculares in-ear h\u00ebr. Adem\u00e1s, los auriculares in-ear h\u00ebr son mucho m\u00e1s que un accesorio elegante: col\u00f3calos en tus o\u00eddos y disfruta de un sonido claro y de alta calidad con una conexi\u00f3n fiable.<\/p>\n<h3>Libertad sin cables<\/h3>\n<p>Gracias a la \u00faltima tecnolog\u00eda de bluetooth, tus auriculares in-ear h\u00ebr ofrecen una gran libertad de movimiento. As\u00ed, no te tendr\u00e1s que preocupar de que lleves contigo tu smartphone en la mano, en el bolso, en un soporte en tu brazo o mientras practicas deporte en el gimnasio.<\/p>\n<h3>F\u00e1cil configuraci\u00f3n<\/h3>\n<p>La configuraci\u00f3n del bluetooth se realiza de forma muy sencilla. Tus auriculares in-ear h\u00ebr funcionan con todos los dispositivos con bluetooth, como smartphone, port\u00e1til, tablet, reproductor de MP3, PC, iPad, iPod, iPhone, MacBook, iMac, etc. Simplemente empar\u00e9jalos y comienza a escuchar tu m\u00fasica favorita.<\/p>\n<h3>Dise\u00f1o minimalista<\/h3>\n<p>Los auriculares in-ear h\u00ebr se presentan con un dise\u00f1o elegante con tonos nude y se adaptan a tus orejas de forma ideal. El estuche de carga incluido se adapta c\u00f3modamente a la mano, cabe en cualquier bolso y dispone de un mecanismo giratorio para que tus auriculares in-ear h\u00ebr est\u00e9n siempre perfectamente protegidos durante el transporte y la carga.<\/p>\n<h3>Gran comodidad<\/h3>\n<p>Los auriculares in-ear h\u00ebr ofrecen la mayor comodidad y un ajuste seguro. Ya sea durante entrenamientos de una hora, un viaje en tren o un d\u00eda en casa, podr\u00e1s ir siempre acompa\u00f1ado de tu m\u00fasica favorita sin que sientas los auriculares in-ear h\u00ebr en tus o\u00eddos. Con las almohadillas incluidas en tres tama\u00f1os diferentes (S, M, L), podr\u00e1s encontrar f\u00e1cilmente la talla que m\u00e1s te convenga.<\/p>\n<h3>Hablar por tel\u00e9fono<\/h3>\n<p>Un micr\u00f3fono incorporado te facilita contestar al instante llamadas con tus auriculares. Puedes utilizar los botones para contestar, rechazar y pausar llamadas, eliminando la necesidad de tener que usar un smartphone, tanto para escuchar m\u00fasica como para hablar por tel\u00e9fono.<\/p>\n<h3>El compa\u00f1ero ideal<\/h3>\n<p>El estuche de carga incluido proporciona la mayor protecci\u00f3n y energ\u00eda renovada al mismo tiempo. Mientras transportas los auriculares in-ear h\u00ebr en el estuche de protecci\u00f3n, tambi\u00e9n podr\u00e1s cargarlos de nuevo hasta tres veces.<\/p>\n<h3>Entrega r\u00e1pida<\/h3>\n<p>Como uno de los mayoristas de audio m\u00e1s grandes de Europa, sabemos lo importante que es para usted un env\u00edo r\u00e1pido y sin problemas. Por lo tanto, su pedido ser\u00e1 procesado inmediatamente, embalado y enviado por DHL en un plazo de 24 horas.<\/p>\n<h3>Auriculares h\u00ebr<\/h3>\n<p style=\"min-height: 250px;\"><a href=\"https:\/\/www.hear-her.com\/produkt\/her-on-ear-bluetooth-stereo-headphone\/\"><img loading=\"lazy\" decoding=\"async\" class=\"size-medium wp-image-716 alignleft\" src=\"https:\/\/www.hear-her.com\/wp-content\/uploads\/2018\/01\/HF8-Main-300x300.png\" alt=\"\" width=\"300\" height=\"300\" srcset=\"https:\/\/www.hear-her.com\/wp-content\/uploads\/2018\/01\/HF8-Main-300x300.png 300w, https:\/\/www.hear-her.com\/wp-content\/uploads\/2018\/01\/HF8-Main-790x790.png 790w, https:\/\/www.hear-her.com\/wp-content\/uploads\/2018\/01\/HF8-Main-100x100.png 100w, https:\/\/www.hear-her.com\/wp-content\/uploads\/2018\/01\/HF8-Main-150x150.png 150w, https:\/\/www.hear-her.com\/wp-content\/uploads\/2018\/01\/HF8-Main-768x768.png 768w, https:\/\/www.hear-her.com\/wp-content\/uploads\/2018\/01\/HF8-Main-1024x1024.png 1024w, https:\/\/www.hear-her.com\/wp-content\/uploads\/2018\/01\/HF8-Main-690x690.png 690w, https:\/\/www.hear-her.com\/wp-content\/uploads\/2018\/01\/HF8-Main-600x600.png 600w\" sizes=\"auto, (max-width: 300px) 100vw, 300px\" \/><\/a><\/p>\n","protected":false},"excerpt":{"rendered":"<h5><em>Un verdadero multitalento discreto, sencillo, minimalista y port\u00e1til<\/em><\/h5>\n<p>Para cualquier ocasi\u00f3n, los auriculares in-ear h\u00ebr son los compa\u00f1eros ideales. Ya sea de viaje, mientras practicas deporte o en casa, te deleitar\u00e1n de forma fiable con su sonido n\u00edtido y claro y su ac\u00fastica equilibrada.Adem\u00e1s, no importa c\u00f3mo te sientas durante el d\u00eda, ya que los auriculares in-ear h\u00ebr se adaptan de forma ideal a tu estilo gracias a su dise\u00f1o con tonos nude. El estuche incluido protege a tus auriculares in-ear h\u00ebr, y al mismo tiempo, tambi\u00e9n funciona como estaci\u00f3n de carga.<\/p>\n","protected":false},"featured_media":7278,"comment_status":"open","ping_status":"closed","template":"","meta":[],"product_brand":[],"product_cat":[178],"product_tag":[],"class_list":{"0":"post-7370","1":"product","2":"type-product","3":"status-publish","4":"has-post-thumbnail","6":"product_cat-in-ears-es","8":"first","9":"instock","10":"taxable","11":"shipping-taxable","12":"purchasable","13":"product-type-simple"},"_links":{"self":[{"href":"https:\/\/www.hear-her.com\/es\/wp-json\/wp\/v2\/product\/7370","targetHints":{"allow":["GET"]}}],"collection":[{"href":"https:\/\/www.hear-her.com\/es\/wp-json\/wp\/v2\/product"}],"about":[{"href":"https:\/\/www.hear-her.com\/es\/wp-json\/wp\/v2\/types\/product"}],"replies":[{"embeddable":true,"href":"https:\/\/www.hear-her.com\/es\/wp-json\/wp\/v2\/comments?post=7370"}],"wp:featuredmedia":[{"embeddable":true,"href":"https:\/\/www.hear-her.com\/es\/wp-json\/wp\/v2\/media\/7278"}],"wp:attachment":[{"href":"https:\/\/www.hear-her.com\/es\/wp-json\/wp\/v2\/media?parent=7370"}],"wp:term":[{"taxonomy":"product_brand","embeddable":true,"href":"https:\/\/www.hear-her.com\/es\/wp-json\/wp\/v2\/product_brand?post=7370"},{"taxonomy":"product_cat","embeddable":true,"href":"https:\/\/www.hear-her.com\/es\/wp-json\/wp\/v2\/product_cat?post=7370"},{"taxonomy":"product_tag","embeddable":true,"href":"https:\/\/www.hear-her.com\/es\/wp-json\/wp\/v2\/product_tag?post=7370"}],"curies":[{"name":"wp","href":"https:\/\/api.w.org\/{rel}","templated":true}]}}