{"id":1668,"date":"2018-05-26T15:03:52","date_gmt":"2018-05-26T13:03:52","guid":{"rendered":"https:\/\/www.hear-her.com\/?page_id=1668"},"modified":"2021-03-01T20:12:34","modified_gmt":"2021-03-01T19:12:34","slug":"a-propos","status":"publish","type":"page","link":"https:\/\/www.hear-her.com\/fr\/a-propos\/","title":{"rendered":"A propos"},"content":{"rendered":"\n\t\t<!-- MasterSlider -->\n\t\t<div id=\"P_MS5e63840a83ef5\" class=\"master-slider-parent fs-slider  ms-parent-id-6\"  >\n\n\t\t\t\n\t\t\t<!-- MasterSlider Main -->\n\t\t\t<div id=\"MS5e63840a83ef5\" class=\"master-slider ms-skin-default\" >\n\t\t\t\t \t\t\t\t \n\n\t\t\t<div  class=\"ms-slide fullwidth-layers\" data-delay=\"7.5\" data-fill-mode=\"fill\"   >\n\t\t\t\t\t<img decoding=\"async\" src=\"https:\/\/www.hear-her.com\/wp-content\/plugins\/masterslider\/public\/assets\/css\/blank.gif\" alt=\"\" title=\"\" data-src=\"https:\/\/www.hear-her.com\/wp-content\/uploads\/2018\/02\/Slide-background-1.jpg\" \/>\n\n\t\t\t\t\t<img decoding=\"async\"  class=\"ms-layer  msp-cn-121-4\" src=\"https:\/\/www.hear-her.com\/wp-content\/plugins\/masterslider\/public\/assets\/css\/blank.gif\" data-src=\"https:\/\/www.hear-her.com\/wp-content\/uploads\/2018\/02\/Slidertest-distel2-1.png\" alt=\"\" style=\"width:290px;\"  data-effect=\"t(true,n,-250,n,-50,n,n,n,n,n,n,n,n,n,n)\" data-duration=\"4000\" data-delay=\"600\" data-ease=\"easeOutQuart\"       data-parallax=\"2\" data-type=\"image\"          data-offset-x=\"508\" data-offset-y=\"-267\" data-origin=\"mc\" data-position=\"normal\" \/>\n\n\t\t\t\t\t<img decoding=\"async\"  class=\"ms-layer  msp-cn-121-5\" src=\"https:\/\/www.hear-her.com\/wp-content\/plugins\/masterslider\/public\/assets\/css\/blank.gif\" data-src=\"https:\/\/www.hear-her.com\/wp-content\/uploads\/2018\/02\/Slidertest-distel1-1.png\" alt=\"\" style=\"width:200px;\"  data-effect=\"t(true,-150,n,n,3,n,n,n,n,n,n,n,n,n,n)\" data-duration=\"5000\" data-delay=\"200\" data-ease=\"easeOutQuart\"       data-parallax=\"1\" data-type=\"image\"          data-offset-x=\"0\" data-offset-y=\"0\" data-origin=\"bl\" data-position=\"normal\" \/>\n\n\t\t\t\t\t<img decoding=\"async\"  class=\"ms-layer  msp-cn-121-2\" src=\"https:\/\/www.hear-her.com\/wp-content\/plugins\/masterslider\/public\/assets\/css\/blank.gif\" data-src=\"https:\/\/www.hear-her.com\/wp-content\/uploads\/2018\/02\/Slider-tastatur.png\" alt=\"\" style=\"\"  data-effect=\"t(true,n,-150,n,n,n,n,n,n,n,n,n,n,n,n)\" data-duration=\"5000\" data-delay=\"1800\" data-ease=\"easeOutQuart\"       data-parallax=\"1\" data-type=\"image\"          data-offset-x=\"181\" data-offset-y=\"404\" data-origin=\"bl\" data-position=\"normal\" \/>\n\n\t\t\t\t\t<img decoding=\"async\"  class=\"ms-layer  msp-cn-6-24\" src=\"https:\/\/www.hear-her.com\/wp-content\/plugins\/masterslider\/public\/assets\/css\/blank.gif\" data-src=\"https:\/\/www.hear-her.com\/wp-content\/uploads\/2018\/02\/Slidertest-herheadphone.png\" alt=\"\" style=\"\"  data-effect=\"t(true,-30,10,n,n,n,n,n,n,n,n,n,n,n,n)\" data-duration=\"5000\" data-delay=\"1800\" data-ease=\"easeOutQuart\"       data-parallax=\"1\" data-type=\"image\"          data-offset-x=\"200\" data-offset-y=\"-43\" data-origin=\"bl\" data-position=\"normal\" \/>\n\n\t\t\t\t\t<div  class=\"ms-layer  msp-cn-6-25\" style=\"\"   data-effect=\"t(true,n,n,1500,250,n,n,n,n,n,n,n,n,n,n)\"   data-ease=\"easeOutQuint\"                data-offset-x=\"0\" data-offset-y=\"0\" data-origin=\"mc\" data-position=\"normal\"  >\n#hearher<\/div>\n\n\n\t\t\t\t<\/div>\n\n\t\t\t<\/div>\n\t\t\t<!-- END MasterSlider Main -->\n\n\t\t\t \n\t\t<\/div>\n\t\t<!-- END MasterSlider -->\n\n\t\t<script>\n\t\t( window.MSReady = window.MSReady || [] ).push( function( $ ) {\n\n\t\t\t\"use strict\";\n\t\t\tvar masterslider_3ef5 = new MasterSlider();\n\n\t\t\t\/\/ slider controls\n\t\t\t\/\/ slider setup\n\t\t\tmasterslider_3ef5.setup(\"MS5e63840a83ef5\", {\n\t\t\t\twidth           : 1280,\n\t\t\t\theight          : 768,\n\t\t\t\tminHeight       : 0,\n\t\t\t\tspace           : 0,\n\t\t\t\tstart           : 1,\n\t\t\t\tgrabCursor      : true,\n\t\t\t\tswipe           : true,\n\t\t\t\tmouse           : true,\n\t\t\t\tkeyboard        : true,\n\t\t\t\tlayout          : \"fullwidth\",\n\t\t\t\twheel           : false,\n\t\t\t\tautoplay        : false,\n                instantStartLayers:false,\n\t\t\t\tmobileBGVideo:false,\n\t\t\t\tloop            : false,\n\t\t\t\tshuffle         : false,\n\t\t\t\tpreload         : 0,\n\t\t\t\theightLimit     : true,\n\t\t\t\tautoHeight      : false,\n\t\t\t\tsmoothHeight    : true,\n\t\t\t\tendPause        : false,\n\t\t\t\toverPause       : false,\n\t\t\t\tfillMode        : \"fill\",\n\t\t\t\tcenterControls  : false,\n\t\t\t\tstartOnAppear   : false,\n\t\t\t\tlayersMode      : \"center\",\n\t\t\t\tautofillTarget  : \"\",\n\t\t\t\thideLayers      : false,\n\t\t\t\tfullscreenMargin: 0,\n\t\t\t\tspeed           : 20,\n\t\t\t\tdir             : \"h\",\n\t\t\t\tparallaxMode    : 'mouse',\n\t\t\t\tview            : \"basic\"\n\t\t\t});\n\n\t\t\t\t\t\tMSScrollParallax.setup( masterslider_3ef5, 30, 50, false );\n\t\t\t$(\"head\").append( \"<link rel='stylesheet' id='ms-fonts'  href='\/\/fonts.googleapis.com\/css?family=Poiret+One:regular' type='text\/css' media='all' \/>\" );\n\n\t\t\twindow.masterslider_instances = window.masterslider_instances || [];\n\t\t\twindow.masterslider_instances.push( masterslider_3ef5 );\n\t\t});\n\t\t<\/script>\n\n\n<h3>Qui sommes-nous?<\/h3>\n<p>Nous sommes l\u2019une des plus grosses soci\u00e9t\u00e9s de commerce de gros pour les \u00e9quipements audio en Europe. En plus des revendeurs habituels sp\u00e9cialis\u00e9s dans la vente d\u2019instruments de musique en Europe (comme Musikhaus Thomann et Musicstore), nous comptons parmi nos clients des revendeurs sp\u00e9cialis\u00e9s dans les \u00e9quipements \u00e9lectroniques (comme Amazon Europe, Media Markt, Conrad) en Europe Centrale &#8211; ainsi que des soci\u00e9t\u00e9s de diffusion nationales et des \u00e9coles et universit\u00e9s \u00e0 travers le monde.<\/p>\n<p><img loading=\"lazy\" decoding=\"async\" class=\"aligncenter size-full wp-image-1685\" src=\"https:\/\/www.hear-her.com\/wp-content\/uploads\/2018\/05\/her-headphones-about-gruppenbild.jpg\" alt=\"\" width=\"1000\" height=\"638\" \/><br \/>\nUn nombre incalculable de micros, enceintes ou \u00e9couteurs passent entre nos mains avant qu\u2019ils ne soient livr\u00e9s chez vous par votre revendeur. Et dans le domaine des casques, nous vendons des mod\u00e8les de fabricants reconnus, mais nous fabriquons \u00e9galement certains produits nous-m\u00eames pour nos clients.<\/p>\n<h3>Pourquoi h\u00ebr headphones ?<\/h3>\n<p style=\"margin-top: 20px; font-size: 80%; color: white; line-height: 1.3; font-family: 'Lucida Console' !important;\"><strong style=\"font-family: 'Poiret One' !important; color: white; font-size: 150% !important;\">h\u00f6r<\/strong> [Allemand; Imp\u00e9ratif de h\u00f6ren; Perception des stimuli acoustiques par l&rsquo;oreille]<\/p>\n<p>En tant que cr\u00e9ateur et grossiste, nous savons l&rsquo;importance \u00e0 apporter \u00e0 un design sonore sophistiqu\u00e9. Les hauts-parleurs ont \u00e9t\u00e9 soigneusement s\u00e9lectionn\u00e9s afin de r\u00e9pondre aux normes les plus \u00e9l\u00e9v\u00e9es en mati\u00e8re de son. Gr\u00e2ce au plus grand magazine en ligne pour les \u00e9couteurs (Kopfhoerer.de), nous avons rassembl\u00e9 tous les mod\u00e8les disponibles sur le march\u00e9, dans la cat\u00e9gorie prix \/ performance ainsi que la recommandation de la r\u00e9daction (<a href=\"https:\/\/www.kopfhoerer.de\/test\/her-hf8\/\">Vers les tests<\/a>).<\/p>\n<p style=\"margin-top: 20px; font-size: 80%; color: white; line-height: 1.3; font-family: 'Lucida Console' !important;\"><strong style=\"font-family: 'Poiret One' !important; color: white; font-size: 150% !important;\">her<\/strong> [Anglais; Sa\/Ses; Pronom possessif f\u00e9minin]<\/p>\n<p>Nos clientes attendent plus de leur casque qu&rsquo;une simple qualit\u00e9 de son. C&rsquo;est pourquoi nous avons cr\u00e9\u00e9 h\u00ebr headphones avec ses lignes simples et \u00e9l\u00e9gantes. Il fait partie des casques les plus l\u00e9gers du march\u00e9 actuel et vous garantit un confort de port in\u00e9gal\u00e9 gr\u00e2ce \u00e0 son doux rembourrage. Gr\u00e2ce \u00e0 son micro HD int\u00e9gr\u00e9, il peut aussi \u00eatre utilis\u00e9 pour passer vos appels sans toucher \u00e0 votre t\u00e9l\u00e9phone. Sa libert\u00e9 de mouvement sans fil et la long\u00e9vit\u00e9 accrue de sa batterie font de votre h\u00ebr headphones, votre alli\u00e9 incontournable du quotidien.<\/p>\n<p><img loading=\"lazy\" decoding=\"async\" class=\"aligncenter size-large wp-image-3338\" src=\"https:\/\/www.hear-her.com\/wp-content\/uploads\/2018\/09\/her-gleichung-logo-1024x221.png\" alt=\"\" width=\"900\" height=\"194\" srcset=\"https:\/\/www.hear-her.com\/wp-content\/uploads\/2018\/09\/her-gleichung-logo-1024x221.png 1024w, https:\/\/www.hear-her.com\/wp-content\/uploads\/2018\/09\/her-gleichung-logo-300x65.png 300w, https:\/\/www.hear-her.com\/wp-content\/uploads\/2018\/09\/her-gleichung-logo-768x165.png 768w, https:\/\/www.hear-her.com\/wp-content\/uploads\/2018\/09\/her-gleichung-logo-1500x323.png 1500w, https:\/\/www.hear-her.com\/wp-content\/uploads\/2018\/09\/her-gleichung-logo-790x170.png 790w\" sizes=\"auto, (max-width: 900px) 100vw, 900px\" \/><\/p>\n<h3>Les casques h\u00ebr aident \u00e0<\/h3>\n<p>Le casque h\u00ebr est une v\u00e9ritable d\u00e9claration faite \u00e0 toutes les femmes ! Allez de l\u2019avant en toute confiance et restez d\u00e9termin\u00e9e. Sans compromis, comme le fait le casque h\u00ebr en alliant design et technologie.<\/p>\n<p>Nous nous engageons activement en faveur de l&rsquo;\u00e9galit\u00e9 des sexes et de l&rsquo;autonomisation des femmes et nous nous attaquerons activement \u00e0 ce probl\u00e8me avec le hashtag <strong>#hearher<\/strong> pour que les femmes soient mieux entendues dans le monde entier.<\/p>\n<p>Pour cette raison, nous nous engageons \u00e9galement \u00e0 donner un pourcentage fixe d&rsquo;au moins 5 % de nos b\u00e9n\u00e9fices \u00e0 un projet caritatif qui soutient les femmes.<\/p>\n","protected":false},"excerpt":{"rendered":"<p>Qui sommes-nous? Nous sommes l\u2019une des plus grosses soci\u00e9t\u00e9s de commerce de gros pour les \u00e9quipements audio en Europe. En plus des revendeurs&hellip;<\/p>\n","protected":false},"author":1,"featured_media":0,"parent":0,"menu_order":0,"comment_status":"closed","ping_status":"closed","template":"","meta":{"footnotes":""},"class_list":["post-1668","page","type-page","status-publish","hentry"],"_links":{"self":[{"href":"https:\/\/www.hear-her.com\/fr\/wp-json\/wp\/v2\/pages\/1668","targetHints":{"allow":["GET"]}}],"collection":[{"href":"https:\/\/www.hear-her.com\/fr\/wp-json\/wp\/v2\/pages"}],"about":[{"href":"https:\/\/www.hear-her.com\/fr\/wp-json\/wp\/v2\/types\/page"}],"author":[{"embeddable":true,"href":"https:\/\/www.hear-her.com\/fr\/wp-json\/wp\/v2\/users\/1"}],"replies":[{"embeddable":true,"href":"https:\/\/www.hear-her.com\/fr\/wp-json\/wp\/v2\/comments?post=1668"}],"version-history":[{"count":6,"href":"https:\/\/www.hear-her.com\/fr\/wp-json\/wp\/v2\/pages\/1668\/revisions"}],"predecessor-version":[{"id":9158,"href":"https:\/\/www.hear-her.com\/fr\/wp-json\/wp\/v2\/pages\/1668\/revisions\/9158"}],"wp:attachment":[{"href":"https:\/\/www.hear-her.com\/fr\/wp-json\/wp\/v2\/media?parent=1668"}],"curies":[{"name":"wp","href":"https:\/\/api.w.org\/{rel}","templated":true}]}}