{"id":1704,"date":"2018-05-26T15:32:34","date_gmt":"2018-05-26T13:32:34","guid":{"rendered":"https:\/\/www.hear-her.com\/?page_id=1704"},"modified":"2018-05-26T16:12:24","modified_gmt":"2018-05-26T14:12:24","slug":"expedition","status":"publish","type":"page","link":"https:\/\/www.hear-her.com\/fr\/expedition\/","title":{"rendered":"Exp\u00e9dition"},"content":{"rendered":"<h2 class=\"p1\">Frais de livraison<\/h2>\n<p class=\"p1\"><em>Frais de Livraison gratuits partout dans le monde<\/em><\/p>\n<p class=\"p1\">Nous prenons les frais de livraison \u00e0 notre charge &#8211; quel que soit l\u2019endroit o\u00f9 vous vous trouvez.<\/p>\n<h2 class=\"p1\">Frais de livraison, d\u00e9lai de r\u00e9tractation et garantie<\/h2>\n<table style=\"font-weight: 400;\" width=\"321\">\n<tbody>\n<tr>\n<td width=\"80\"><\/td>\n<td width=\"80\">D\u00e9lai de livraison<\/td>\n<td width=\"80\">UE<\/td>\n<td width=\"80\">en-dehors de l\u2019UE<\/td>\n<\/tr>\n<tr>\n<td width=\"80\">D\u00e9lai de r\u00e9tractation<\/td>\n<td width=\"80\">14 jours<\/td>\n<td width=\"80\">\u00a0\u00a0\u00a0\u00a0\u00a0\u00a0\u00a0\u00a0\u00a0\u00a0\u00a0\u00a0\u00a0\u00a0\u00a0\u00a0 &#8211;\u00a0\u00a0 \u20ac<\/td>\n<td width=\"80\">\u00a0\u00a0\u00a0\u00a0\u00a0\u00a0\u00a0\u00a0\u00a0\u00a039,00 \u20ac<\/td>\n<\/tr>\n<tr>\n<td width=\"80\">Garantie<\/td>\n<td width=\"80\">1 an<\/td>\n<td width=\"80\">\u00a0\u00a0\u00a0\u00a0\u00a0\u00a0\u00a0\u00a0\u00a0\u00a0\u00a0\u00a0\u00a0\u00a0\u00a0\u00a0 &#8211;\u00a0\u00a0 \u20ac<\/td>\n<td width=\"80\">\u00a0\u00a0\u00a0\u00a0\u00a0\u00a0\u00a0\u00a0\u00a0\u00a0\u00a0\u00a0\u00a0\u00a0\u00a0\u00a0\u00a0&#8211;\u00a0\u00a0 \u20ac<\/td>\n<\/tr>\n<\/tbody>\n<\/table>\n<h2 class=\"p1\">Soci\u00e9t\u00e9 d\u2019exp\u00e9dition<\/h2>\n<p>Votre commande sera trait\u00e9e par DHL.<\/p>\n<h2 class=\"p1\">D\u00e9lais de livraison<\/h2>\n<p>Votre commande vous sera envoy\u00e9e dans les 48 heures en semaine. Dans le tableau ci-dessous, vous trouverez les d\u00e9lais de livraison estim\u00e9s des commandes. Les pays non list\u00e9s sont visibles sur le site de DHL International, ou peuvent nous \u00eatre r\u00e9clam\u00e9s directement.<br \/>\nLe suivi de la livraison peut \u00eatre effectu\u00e9 pour tous les pays sur www.dhl.de.<\/p>\n<table style=\"font-weight: 400;\" width=\"321\">\n<tbody>\n<tr>\n<td width=\"80\"><strong>\u00c9tats<\/strong><\/td>\n<td width=\"80\"><strong>Dur\u00e9e (jours ouvrables)<\/strong><\/td>\n<\/tr>\n<tr>\n<td width=\"80\">Deutschland<\/td>\n<td width=\"80\">1\u20132<\/td>\n<\/tr>\n<tr>\n<td width=\"80\">Australien<\/td>\n<td width=\"80\">11<\/td>\n<\/tr>\n<tr>\n<td width=\"80\">Frankreich<\/td>\n<td width=\"80\">3<\/td>\n<\/tr>\n<tr>\n<td width=\"80\">Gro\u00dfbritannien inkl. Nordirland<\/td>\n<td width=\"80\">2\u20133<\/td>\n<\/tr>\n<tr>\n<td width=\"80\">Irland<\/td>\n<td width=\"80\">3\u20134<\/td>\n<\/tr>\n<tr>\n<td width=\"80\">Italien<\/td>\n<td width=\"80\">3<\/td>\n<\/tr>\n<tr>\n<td width=\"80\">Kanada<\/td>\n<td width=\"80\">10<\/td>\n<\/tr>\n<tr>\n<td width=\"80\">Niederlande<\/td>\n<td width=\"80\">2<\/td>\n<\/tr>\n<tr>\n<td width=\"80\">Norwegen<\/td>\n<td width=\"80\">7\u20138<\/td>\n<\/tr>\n<tr>\n<td width=\"80\">\u00d6sterreich<\/td>\n<td width=\"80\">2<\/td>\n<\/tr>\n<tr>\n<td width=\"80\">Polen<\/td>\n<td width=\"80\">2\u20133<\/td>\n<\/tr>\n<tr>\n<td width=\"80\">Portugal<\/td>\n<td width=\"80\">4\u20135<\/td>\n<\/tr>\n<tr>\n<td width=\"80\">Schweden<\/td>\n<td width=\"80\">3<\/td>\n<\/tr>\n<tr>\n<td width=\"80\">Schweiz<\/td>\n<td width=\"80\">4<\/td>\n<\/tr>\n<tr>\n<td width=\"80\">Spanien<\/td>\n<td width=\"80\">4\u20135<\/td>\n<\/tr>\n<tr>\n<td width=\"80\">T\u00fcrkei<\/td>\n<td width=\"80\">10\u201315<\/td>\n<\/tr>\n<tr>\n<td width=\"80\">Vereinigte Staaten von Amerika<\/td>\n<td width=\"80\">10\u201312<\/td>\n<\/tr>\n<\/tbody>\n<\/table>\n<p>Le suivi est possible pour tous les pays de destination via <a href=\"http:\/\/www.dhl.de\">www.dhl.de<\/a>.<\/p>\n<h2 class=\"p1\">Douane<\/h2>\n<p>Sonic Sales n&rsquo;assume aucuns frais de douane ou autres frais qui pourraient \u00eatre encourus.<\/p>\n<p><strong>Pays non membres de l&rsquo;UE<\/strong><\/p>\n<p>Si votre commande est destin\u00e9e \u00e0 un pays hors de l&rsquo;UE, il peut y avoir des frais suppl\u00e9mentaires, des droits de douane, des taxes, etc.<br \/>\nNous exp\u00e9dions la marchandise selon l&rsquo;Incoterm DDU (\u00abduties and taxes unpaid\u00bb), c&rsquo;est-\u00e0-dire que nous amenons votre commande au lieu de livraison, mais ne sommes pas responsables des taxes locales ou des frais de douane suppl\u00e9mentaires.<\/p>\n<p>La personne qui re\u00e7oit le colis sera responsable de tous les frais suppl\u00e9mentaires d&rsquo;importation des produits (m\u00eame si la commande est rejet\u00e9e).<\/p>\n<p>Il est \u00e9galement possible que la livraison de la commande soit retard\u00e9e pour des raisons de contr\u00f4le douanier.<\/p>\n","protected":false},"excerpt":{"rendered":"<p>Frais de livraison Frais de Livraison gratuits partout dans le monde Nous prenons les frais de livraison \u00e0 notre charge &#8211; quel que&hellip;<\/p>\n","protected":false},"author":1,"featured_media":0,"parent":0,"menu_order":0,"comment_status":"closed","ping_status":"closed","template":"page-templates\/her-pages.php","meta":{"footnotes":""},"class_list":["post-1704","page","type-page","status-publish","hentry"],"_links":{"self":[{"href":"https:\/\/www.hear-her.com\/fr\/wp-json\/wp\/v2\/pages\/1704","targetHints":{"allow":["GET"]}}],"collection":[{"href":"https:\/\/www.hear-her.com\/fr\/wp-json\/wp\/v2\/pages"}],"about":[{"href":"https:\/\/www.hear-her.com\/fr\/wp-json\/wp\/v2\/types\/page"}],"author":[{"embeddable":true,"href":"https:\/\/www.hear-her.com\/fr\/wp-json\/wp\/v2\/users\/1"}],"replies":[{"embeddable":true,"href":"https:\/\/www.hear-her.com\/fr\/wp-json\/wp\/v2\/comments?post=1704"}],"version-history":[{"count":4,"href":"https:\/\/www.hear-her.com\/fr\/wp-json\/wp\/v2\/pages\/1704\/revisions"}],"predecessor-version":[{"id":1723,"href":"https:\/\/www.hear-her.com\/fr\/wp-json\/wp\/v2\/pages\/1704\/revisions\/1723"}],"wp:attachment":[{"href":"https:\/\/www.hear-her.com\/fr\/wp-json\/wp\/v2\/media?parent=1704"}],"curies":[{"name":"wp","href":"https:\/\/api.w.org\/{rel}","templated":true}]}}