{"id":1709,"date":"2018-05-26T15:51:07","date_gmt":"2018-05-26T13:51:07","guid":{"rendered":"https:\/\/www.hear-her.com\/?page_id=1709"},"modified":"2018-11-12T16:30:37","modified_gmt":"2018-11-12T15:30:37","slug":"faq","status":"publish","type":"page","link":"https:\/\/www.hear-her.com\/fr\/faq\/","title":{"rendered":"FAQ"},"content":{"rendered":"<p class=\"p1\">La Foire aux Questions ci-dessous r\u00e9pondra \u00e0 la majorit\u00e9 de vos interrogations.<br \/>\nSi toutefois vous ne trouviez pas de r\u00e9ponse ad\u00e9quate, n\u2019h\u00e9sitez pas \u00e0 nous contacter.<br \/>\nVous pouvez nous contacter directement via le <a href=\"\/kontakt\/\">formulaire en ligne<\/a> ou par <a href=\"mailto:support@hear-her.com\">email<\/a>.<\/p>\n<h1><span style=\"color: #ffffff;\">Questions concernant les commandes<\/span><\/h1>\n<h6 class=\"p1\">Quand ma commande sera-t-elle exp\u00e9di\u00e9e ?<\/h6>\n<p>Votre commande vous sera envoy\u00e9e dans les 48 heures en semaine.<\/p>\n<h6 class=\"p1\">Quelle soci\u00e9t\u00e9 logistique s\u2019occupe du transport de ma commande ?<\/h6>\n<p>Votre commande sera trait\u00e9e par DHL.<\/p>\n<h6 class=\"p1\">Est-ce que je peux annuler ma commande ?<\/h6>\n<p>Oui, il n\u2019y a aucun probl\u00e8me pour annuler votre commande. Et si votre commande est d\u00e9j\u00e0 en cours d\u2019exp\u00e9dition, vous pouvez la retourner sans aucun frais suppl\u00e9mentaire.<\/p>\n<h6 class=\"p1\">Est-ce que je peux renvoyer ma commande ?<\/h6>\n<p>Oui, m\u00eame si l\u2019on pense que vous aimerez votre casque!<br \/>\nSi toutefois vous n\u2019\u00e9tiez pas satisfait(e), vous pouvez retourner votre commande, sans frais de retour suppl\u00e9mentaire (pour les pays membres de l\u2019Union Europ\u00e9enne), dans les 14 jours suivant la date de l\u2019achat et sans aucun motif.<br \/>\n<a href=\"https:\/\/www.hear-her.com\/fr\/expedition\/\">En savoir plus sur la livraison<\/a><\/p>\n<h6 class=\"p1\">Dans quels pays pouvez-vous exp\u00e9dier les casques h\u00ebr ?<\/h6>\n<p>Nous livrons les casques h\u00ebr partout dans le monde.<\/p>\n<h6>Quel est le montant des frais de livraison ?<\/h6>\n<p>Les frais de livraison sont gratuits partout dans le monde &#8211; aucun co\u00fbt suppl\u00e9mentaire pour vous.<br \/>\n<a href=\"https:\/\/www.hear-her.com\/fr\/expedition\/\">En savoir plus sur la livraison<\/a><\/p>\n<h6 class=\"p1\">Comment fonctionne le paiement via Amazon Pay ?<\/h6>\n<p>Vous payez tout simplement et en toute s\u00e9curit\u00e9 avec votre compte Amazon &#8211; un moyen rapide sans avoir besoin de vous connecter sur notre site.<\/p>\n<h6 class=\"p1\">Comment fonctionne le paiement avec la carte bancaire?<\/h6>\n<p>Vous payez tout simplement et en toute s\u00e9curit\u00e9 avec votre carte bancaire. Le traitement du paiement est g\u00e9r\u00e9 par le service fournisseur PayPal PLUS. Aucun compte PayPal n\u2019est n\u00e9cessaire pour cette op\u00e9ration.<\/p>\n<h1 class=\"p1\"><span style=\"color: #ffffff;\">Questions concernant le casque<\/span><\/h1>\n<h6 class=\"p1\">Quels sont les mat\u00e9riaux utilis\u00e9s pour la fabrication du casque ?<\/h6>\n<p>Cuir, metal, plastique. Les casques sont certifi\u00e9s CE et respectent les normes les plus strictes.<\/p>\n<h1 class=\"p1\"><span style=\"color: #ffffff;\">Questions concernant la commercialisation et la communication<\/span><\/h1>\n<h6 class=\"p1\">Je poss\u00e8de un blog et j\u2019aimerais r\u00e9diger un article \u00e0 votre sujet.<\/h6>\n<p>WNous sommes tr\u00e8s heureux que vous aimiez votre casque au point de r\u00e9diger un avis! Vous trouverez plus d\u2019informations concernant la marque dans la section A Propos. N\u2019h\u00e9sitez pas \u00e0 nous contacter directement par <a href=\"mailto:info@hear-her.com\">email<\/a>.<\/p>\n<h6 class=\"p1\">J\u2019ai un compte Instagram et j\u2019aimerais r\u00e9diger un article vous concernant.<\/h6>\n<p>Nous sommes tr\u00e8s heureux que vous aimiez votre casque et que vous souhaitiez r\u00e9diger un avis! Vous trouverez plus d\u2019informations concernant la marque dans la section A Propos. N\u2019h\u00e9sitez pas \u00e0 nous contacter directement par <a href=\"mailto:info@hear-her.com\">email<\/a>.<\/p>\n<h6 class=\"p1\">Est-ce qu\u2019il m\u2019est possible de tester le casque en magasin ?<\/h6>\n<p>Oui, les \u00e9couteurs sont disponibles dans des magasins renomm\u00e9s dans toute l&rsquo;Europe. Si vous le souhaitez, vous pouvez tester les \u00e9couteurs en les commandant dans notre boutique en ligne. Vous pouvez tr\u00e8s bien tester le casque h\u00ebr chez vous et nous le retourner sans frais d\u2019envoi (dans l&rsquo;UE).<\/p>\n","protected":false},"excerpt":{"rendered":"<p>La Foire aux Questions ci-dessous r\u00e9pondra \u00e0 la majorit\u00e9 de vos interrogations. Si toutefois vous ne trouviez pas de r\u00e9ponse ad\u00e9quate, n\u2019h\u00e9sitez pas&hellip;<\/p>\n","protected":false},"author":1,"featured_media":1715,"parent":0,"menu_order":0,"comment_status":"closed","ping_status":"closed","template":"page-templates\/her-pages.php","meta":{"footnotes":""},"class_list":["post-1709","page","type-page","status-publish","has-post-thumbnail","hentry"],"_links":{"self":[{"href":"https:\/\/www.hear-her.com\/fr\/wp-json\/wp\/v2\/pages\/1709","targetHints":{"allow":["GET"]}}],"collection":[{"href":"https:\/\/www.hear-her.com\/fr\/wp-json\/wp\/v2\/pages"}],"about":[{"href":"https:\/\/www.hear-her.com\/fr\/wp-json\/wp\/v2\/types\/page"}],"author":[{"embeddable":true,"href":"https:\/\/www.hear-her.com\/fr\/wp-json\/wp\/v2\/users\/1"}],"replies":[{"embeddable":true,"href":"https:\/\/www.hear-her.com\/fr\/wp-json\/wp\/v2\/comments?post=1709"}],"version-history":[{"count":3,"href":"https:\/\/www.hear-her.com\/fr\/wp-json\/wp\/v2\/pages\/1709\/revisions"}],"predecessor-version":[{"id":3694,"href":"https:\/\/www.hear-her.com\/fr\/wp-json\/wp\/v2\/pages\/1709\/revisions\/3694"}],"wp:featuredmedia":[{"embeddable":true,"href":"https:\/\/www.hear-her.com\/fr\/wp-json\/wp\/v2\/media\/1715"}],"wp:attachment":[{"href":"https:\/\/www.hear-her.com\/fr\/wp-json\/wp\/v2\/media?parent=1709"}],"curies":[{"name":"wp","href":"https:\/\/api.w.org\/{rel}","templated":true}]}}