{"id":1717,"date":"2018-05-26T16:00:58","date_gmt":"2018-05-26T14:00:58","guid":{"rendered":"https:\/\/www.hear-her.com\/?page_id=1717"},"modified":"2021-05-19T20:44:24","modified_gmt":"2021-05-19T18:44:24","slug":"mentions-legales","status":"publish","type":"page","link":"https:\/\/www.hear-her.com\/fr\/mentions-legales\/","title":{"rendered":"Mentions l\u00e9gales"},"content":{"rendered":"<h1>L&rsquo;entreprise<\/h1>\n<p>Sonic Sales GmbH<br \/>\nLiebigstr. 24<br \/>\n33803 Steinhagen<br \/>\nAllemagne<\/p>\n<h2>Intl. Address<\/h2>\n<p>Sonic Sales GmbH<br \/>\nc\/o h\u00ebr headphones<br \/>\n3479 NE 163rd Street<br \/>\nNorth Miami Beach<br \/>\nFL 33160<br \/>\nUSA<\/p>\n<h2>Repr\u00e9sent\u00e9 par<\/h2>\n<p>Matthias Herbst<\/p>\n<h2>Contact<\/h2>\n<p>T\u00e9l\u00e9phone : +49 | 5204-9247888<br \/>\nFax : +49 | 5204-9247889<br \/>\nCourriel : info@hear-her.com<\/p>\n<h2>Inscription au registre<\/h2>\n<p>Inscription au registre du commerce.<br \/>\nTribunal d&rsquo;enregistrement : Amtsgericht G\u00fctersloh<br \/>\nNum\u00e9ro d&rsquo;enregistrement : HRB 41003<\/p>\n<p>WEEE Reg. Nr.: 46352590<\/p>\n<h2>VAT-ID<\/h2>\n<p>Num\u00e9ro d&rsquo;identification de la taxe sur le chiffre d&rsquo;affaires conform\u00e9ment \u00e0 l&rsquo;article 27 de la loi sur la taxe sur le chiffre d&rsquo;affaires :<br \/>\nDE 815415147<\/p>\n<p>Plate-forme de la Commission europ\u00e9enne pour le r\u00e8glement des litiges en ligne : <a href=\"https:\/\/ec.europa.eu\/consumers\/odr\">https:\/\/ec.europa.eu\/consumers\/odr<\/a><\/p>\n<p>Nous ne sommes ni oblig\u00e9s ni pr\u00eats \u00e0 participer \u00e0 une proc\u00e9dure de r\u00e8glement des diff\u00e9rends devant un organisme d&rsquo;arbitrage des consommateurs.<\/p>\n<h2>Conception<\/h2>\n<p>Franziska Feldmann | www.franziska-feldmann.de<\/p>\n<h2>Photos<\/h2>\n<p>Patrick Jaworek | www.patrickjaworek.com (Fotos &amp; Videos)<br \/>\nprodukteria | www.produkteria.de (360\u00b0-Ansicht)<br \/>\nJ\u00f6rg Diekmann | www.dieckmann-fotodesign.de (Fotos Kopfh\u00f6rer Produktseite)<br \/>\nSarah Jonek | www.jonek-fotografie.de (Foto About-Seite)<\/p>\n<p>Toutes les contributions, photos et dessins sont prot\u00e9g\u00e9s par le droit d&rsquo;auteur. Leur publication ult\u00e9rieure sur Internet et sur des supports de donn\u00e9es ou sous forme imprim\u00e9e n\u00e9cessite l&rsquo;accord \u00e9crit du d\u00e9tenteur des droits d&rsquo;auteur.<\/p>\n<p>Des liens Internet vers www.hear-her.com sont express\u00e9ment souhait\u00e9s.<\/p>\n<p>L&#8217;empreinte s&rsquo;applique \u00e9galement aux profils de m\u00e9dias sociaux suivants :<br \/>\n<strong>Facebook:<\/strong>\u00a0<a href=\"http:\/\/www.facebook.com\/originalher\/\">www.facebook.com\/originalher\/<br \/>\n<\/a><strong>Instagram:<\/strong>\u00a0<a href=\"http:\/\/www.instagram.com\/her_original\/\">www.instagram.com\/her_original\/<\/a><br \/>\n<strong>Twitter:<\/strong>\u00a0<a href=\"https:\/\/twitter.com\/her_original\">www.twitter.com\/her_original\/<\/a><\/p>\n","protected":false},"excerpt":{"rendered":"<p>L&rsquo;entreprise Sonic Sales GmbH Liebigstr. 24 33803 Steinhagen Allemagne Intl. Address Sonic Sales GmbH c\/o h\u00ebr headphones 3479 NE 163rd Street North Miami&hellip;<\/p>\n","protected":false},"author":1,"featured_media":0,"parent":0,"menu_order":0,"comment_status":"closed","ping_status":"closed","template":"page-templates\/her-pages.php","meta":{"footnotes":""},"class_list":["post-1717","page","type-page","status-publish","hentry"],"_links":{"self":[{"href":"https:\/\/www.hear-her.com\/fr\/wp-json\/wp\/v2\/pages\/1717","targetHints":{"allow":["GET"]}}],"collection":[{"href":"https:\/\/www.hear-her.com\/fr\/wp-json\/wp\/v2\/pages"}],"about":[{"href":"https:\/\/www.hear-her.com\/fr\/wp-json\/wp\/v2\/types\/page"}],"author":[{"embeddable":true,"href":"https:\/\/www.hear-her.com\/fr\/wp-json\/wp\/v2\/users\/1"}],"replies":[{"embeddable":true,"href":"https:\/\/www.hear-her.com\/fr\/wp-json\/wp\/v2\/comments?post=1717"}],"version-history":[{"count":6,"href":"https:\/\/www.hear-her.com\/fr\/wp-json\/wp\/v2\/pages\/1717\/revisions"}],"predecessor-version":[{"id":4795,"href":"https:\/\/www.hear-her.com\/fr\/wp-json\/wp\/v2\/pages\/1717\/revisions\/4795"}],"wp:attachment":[{"href":"https:\/\/www.hear-her.com\/fr\/wp-json\/wp\/v2\/media?parent=1717"}],"curies":[{"name":"wp","href":"https:\/\/api.w.org\/{rel}","templated":true}]}}