{"id":4489,"date":"2019-02-20T19:05:25","date_gmt":"2019-02-20T18:05:25","guid":{"rendered":"https:\/\/www.hear-her.com\/?post_type=product&#038;p=4489"},"modified":"2021-03-01T20:25:47","modified_gmt":"2021-03-01T19:25:47","slug":"her-shirt","status":"publish","type":"product","link":"https:\/\/www.hear-her.com\/fr\/produkt\/her-shirt\/","title":{"rendered":"h\u00ebr shirt"},"content":{"rendered":"<h3>h\u00ebr shirt<\/h3>\n<p>Unsere shirts sind nicht nur als Merchandise f\u00fcr alle\u00a0h\u00ebr-Fans gedacht. Wir m\u00f6chten mit den T-Shirts ebenfalls ein Statement f\u00fcr Frauenrechte setzen und die Aufmerksamkeit darauf lenken, Frauen weltweit mehr Geh\u00f6r zu verschaffen.<\/p>\n<p>Unser shirt besteht zu 100% aus Baumwolle und wird fair und nachhaltig hergestellt. Es ist in XS, S, M und L erh\u00e4ltlich.<\/p>\n<h3>T-Shirt-Qualit\u00e4t<\/h3>\n<p>Die Bio-Produkte der Firma <a href=\"https:\/\/www.stanleystella.com\/de-de\/home-public\">Stanley\/Stella<\/a> werden unter dem\u00a0<strong>Global Organic Textile Standard (GOTS)<\/strong>\u00a0hergestellt und gew\u00e4hrleisten somit unter anderem die Erf\u00fcllung strenger \u00f6kologischer Auflagen.<\/p>\n<p>Entlang der gesamten Produktions- und Lieferkette werden hohe umwelttechnische Anforderungen und wichtige Sozialkriterien eingehalten.<\/p>\n<p>So tragen der Anbau von Baumwolle ohne genetisch ver\u00e4ndertes Saatgut und den Einsatz von sch\u00e4dlichen und umweltbelastenden Pestiziden sowie ein niedriger Energieverbrauch mit Strom aus erneuerbaren Energien zur wichtigen Nachhaltigkeit bei.<\/p>\n<h3>Druck<\/h3>\n<p>Die h\u00ebr shirts werden von der Berliner Textildruckerei und Stickerei <a href=\"https:\/\/nur-fabrik.de\/\">nur.Fabrik<\/a>\u00a0im Flex-Premium Transferdruck\u00a0bedruckt. Der Transferdruck\u00a0ist schadstoffgepr\u00fcft und nach &lsquo;OEKO-TEX\u00ae Standard 100&rsquo; zertifiziert und \u00e4u\u00dferst haltbar.<\/p>\n<h3>Gr\u00f6\u00dfentabelle<\/h3>\n<p><img loading=\"lazy\" decoding=\"async\" class=\"aligncenter size-large wp-image-4540\" src=\"https:\/\/www.hear-her.com\/wp-content\/uploads\/2019\/02\/Vorschau-Shirts-Damen-1024x897.png\" alt=\"\" width=\"900\" height=\"788\" srcset=\"https:\/\/www.hear-her.com\/wp-content\/uploads\/2019\/02\/Vorschau-Shirts-Damen-1024x897.png 1024w, https:\/\/www.hear-her.com\/wp-content\/uploads\/2019\/02\/Vorschau-Shirts-Damen-300x263.png 300w, https:\/\/www.hear-her.com\/wp-content\/uploads\/2019\/02\/Vorschau-Shirts-Damen-768x673.png 768w, https:\/\/www.hear-her.com\/wp-content\/uploads\/2019\/02\/Vorschau-Shirts-Damen-787x690.png 787w, https:\/\/www.hear-her.com\/wp-content\/uploads\/2019\/02\/Vorschau-Shirts-Damen-790x692.png 790w, https:\/\/www.hear-her.com\/wp-content\/uploads\/2019\/02\/Vorschau-Shirts-Damen.png 1197w\" sizes=\"auto, (max-width: 900px) 100vw, 900px\" \/><\/p>\n","protected":false},"excerpt":{"rendered":"<h5><em>Fairtrade T-Shirt<\/em><\/h5>\n<p>Setze ein Statement mit deinem neuen h\u00ebr shirt aus Bio-Baumwolle.<\/p>\n<p>Pro T-Shirt spenden wir 5 \u20ac an ein gemeinn\u00fctziges Projekt, das Frauen unterst\u00fctzt.<\/p>\n<div style=\"font-style: italic; font-size: small; line-height: 130% !important; color: grey;\">sofort versandfertig<br \/>\nLieferfrist 1-3 Werktage f\u00fcr Deutschland und \u00d6sterreich. Lieferfrist bis zu 5 Werktage f\u00fcr die Schweiz.<\/div>\n","protected":false},"featured_media":4526,"comment_status":"closed","ping_status":"closed","template":"","meta":[],"product_brand":[],"product_cat":[164],"product_tag":[],"class_list":{"0":"post-4489","1":"product","2":"type-product","3":"status-publish","4":"has-post-thumbnail","6":"product_cat-merchandise","8":"first","9":"instock","10":"taxable","11":"shipping-taxable","12":"purchasable","13":"product-type-variable"},"_links":{"self":[{"href":"https:\/\/www.hear-her.com\/fr\/wp-json\/wp\/v2\/product\/4489","targetHints":{"allow":["GET"]}}],"collection":[{"href":"https:\/\/www.hear-her.com\/fr\/wp-json\/wp\/v2\/product"}],"about":[{"href":"https:\/\/www.hear-her.com\/fr\/wp-json\/wp\/v2\/types\/product"}],"replies":[{"embeddable":true,"href":"https:\/\/www.hear-her.com\/fr\/wp-json\/wp\/v2\/comments?post=4489"}],"wp:featuredmedia":[{"embeddable":true,"href":"https:\/\/www.hear-her.com\/fr\/wp-json\/wp\/v2\/media\/4526"}],"wp:attachment":[{"href":"https:\/\/www.hear-her.com\/fr\/wp-json\/wp\/v2\/media?parent=4489"}],"wp:term":[{"taxonomy":"product_brand","embeddable":true,"href":"https:\/\/www.hear-her.com\/fr\/wp-json\/wp\/v2\/product_brand?post=4489"},{"taxonomy":"product_cat","embeddable":true,"href":"https:\/\/www.hear-her.com\/fr\/wp-json\/wp\/v2\/product_cat?post=4489"},{"taxonomy":"product_tag","embeddable":true,"href":"https:\/\/www.hear-her.com\/fr\/wp-json\/wp\/v2\/product_tag?post=4489"}],"curies":[{"name":"wp","href":"https:\/\/api.w.org\/{rel}","templated":true}]}}