{"id":3152,"date":"2018-09-04T20:57:40","date_gmt":"2018-09-04T18:57:40","guid":{"rendered":"https:\/\/www.hear-her.com\/?page_id=3152"},"modified":"2018-11-12T22:53:12","modified_gmt":"2018-11-12T21:53:12","slug":"podrska","status":"publish","type":"page","link":"https:\/\/www.hear-her.com\/hr\/podrska\/","title":{"rendered":"Podr\u0161ka"},"content":{"rendered":"<h3>Uputstva<\/h3>\n<p>Ovdje mo\u017eete prona\u0107i poveznicu za preuzimanje uputstva za svoje slu\u0161alice.<\/p>\n<p><a href=\"https:\/\/hear-her.com\/wp-content\/uploads\/2018\/02\/her-Manual-Deutsch.pdf\"><img loading=\"lazy\" decoding=\"async\" class=\"aligncenter wp-image-3167 size-medium\" src=\"https:\/\/www.hear-her.com\/wp-content\/uploads\/2018\/02\/her-headphone-manual-cover-259x300.jpg\" alt=\"\" width=\"259\" height=\"300\" srcset=\"https:\/\/www.hear-her.com\/wp-content\/uploads\/2018\/02\/her-headphone-manual-cover-259x300.jpg 259w, https:\/\/www.hear-her.com\/wp-content\/uploads\/2018\/02\/her-headphone-manual-cover-768x890.jpg 768w, https:\/\/www.hear-her.com\/wp-content\/uploads\/2018\/02\/her-headphone-manual-cover-883x1024.jpg 883w, https:\/\/www.hear-her.com\/wp-content\/uploads\/2018\/02\/her-headphone-manual-cover-595x690.jpg 595w, https:\/\/www.hear-her.com\/wp-content\/uploads\/2018\/02\/her-headphone-manual-cover-790x916.jpg 790w, https:\/\/www.hear-her.com\/wp-content\/uploads\/2018\/02\/her-headphone-manual-cover.jpg 886w\" sizes=\"auto, (max-width: 259px) 100vw, 259px\" \/><\/a><\/p>\n<p><a href=\"https:\/\/hear-her.com\/wp-content\/uploads\/2018\/02\/her-Manual-Deutsch.pdf\">Njema\u010dki<\/a> | <a href=\"https:\/\/hear-her.com\/wp-content\/uploads\/2018\/02\/her-Manual-Englisch.pdf\">Engleski<\/a> | <a href=\"https:\/\/hear-her.com\/wp-content\/uploads\/2018\/02\/her-Manual-Franzoesisch.pdf\">Francuski<\/a> | <a href=\"https:\/\/hear-her.com\/wp-content\/uploads\/2018\/02\/her-Manual-Italienisch.pdf\">Talijanski<\/a>  | <a href=\"https:\/\/www.hear-her.com\/wp-content\/uploads\/2018\/11\/her-Manual-Polnisch.pdf\">Poljski<\/a> | <a href=\"https:\/\/hear-her.com\/wp-content\/uploads\/2018\/02\/her-Manual-Spanisch.pdf\">\u0160panjolski<\/a><\/p>\n<p>&nbsp;<\/p>\n<h3>Vodi\u010d za uparivanje<\/h3>\n<p><iframe loading=\"lazy\" src=\"https:\/\/www.youtube-nocookie.com\/embed\/2dZYeqe2clQ?rel=0&amp;color=white\" width=\"560\" height=\"315\" frameborder=\"0\" allowfullscreen=\"allowfullscreen\"><\/iframe><\/p>\n<h3>Podr\u0161ka<\/h3>\n<p>Ako imate problema s slu\u0161alicama, slobodno nas izravno <a href=\"\/kontakt\/\">kontaktirajte putem kontakt<\/a> obrasca ili <a href=\"mailto:support@hear-her.com\">e-mailom.<\/a><\/p>\n<h3>Usluga<\/h3>\n<p>Slu\u0161alice ti se ipak ne svi\u0111aju? U razdoblju otkazivanja mo\u017ee\u0161 besplatno i bez razloga vratiti slu\u0161alice (unutar EU-a).\u00a0<a href=\"https:\/\/www.hear-her.com\/en\/cancellation-policy\/\">Daljnje informacije o opozivu i razdoblju opoziva<\/a><\/p>\n<p>Tvoje slu\u0161alice su neispravne ili o\u0161te\u0107ene? Kako bi mogli provjeriti tvoju reklamaciju molimo te da proizvod ne vrati\u0161 izravno, ve\u0107 da nas najprije kontaktira\u0161. Ako unutar prve godine od kupnje postoji jamstveno potra\u017eivanje, ispuni obrazac za povratak kako bismo \u0161to br\u017ee mogli organizirati povrat:<\/p>\n\n<div class=\"wpcf7 no-js\" id=\"wpcf7-f1333-o1\" lang=\"de-DE\" dir=\"ltr\" data-wpcf7-id=\"1333\">\n<div class=\"screen-reader-response\"><p role=\"status\" aria-live=\"polite\" aria-atomic=\"true\"><\/p> <ul><\/ul><\/div>\n<form action=\"\/hr\/wp-json\/wp\/v2\/pages\/3152#wpcf7-f1333-o1\" method=\"post\" class=\"wpcf7-form init\" aria-label=\"Contact form\" novalidate=\"novalidate\" data-status=\"init\">\n<fieldset class=\"hidden-fields-container\"><input type=\"hidden\" name=\"_wpcf7\" value=\"1333\" \/><input type=\"hidden\" name=\"_wpcf7_version\" value=\"6.1.2\" \/><input type=\"hidden\" name=\"_wpcf7_locale\" value=\"de_DE\" \/><input type=\"hidden\" name=\"_wpcf7_unit_tag\" value=\"wpcf7-f1333-o1\" \/><input type=\"hidden\" name=\"_wpcf7_container_post\" value=\"0\" \/><input type=\"hidden\" name=\"_wpcf7_posted_data_hash\" value=\"\" \/>\n<\/fieldset>\n<p><label> Seriennummer*\/Serial number* (can be found on the package besides QR code)<br \/>\n<span class=\"wpcf7-form-control-wrap\" data-name=\"serial-number\"><input size=\"40\" maxlength=\"400\" class=\"wpcf7-form-control wpcf7-text wpcf7-validates-as-required\" aria-required=\"true\" aria-invalid=\"false\" value=\"\" type=\"text\" name=\"serial-number\" \/><\/span> <\/label>\n<\/p>\n<p><label> Rechnungsnummer* \/ Invoice number*<br \/>\n<span class=\"wpcf7-form-control-wrap\" data-name=\"invoice-number\"><input size=\"40\" maxlength=\"400\" class=\"wpcf7-form-control wpcf7-text wpcf7-validates-as-required\" aria-required=\"true\" aria-invalid=\"false\" value=\"\" type=\"text\" name=\"invoice-number\" \/><\/span> <\/label><br \/>\n<span id=\"wpcf7-69f69d71168a4-wrapper\" class=\"wpcf7-form-control-wrap my-address-wrap\" style=\"display:none !important; visibility:hidden !important;\"><label for=\"wpcf7-69f69d71168a4-field\" class=\"hp-message\">Please leave this field empty.<\/label><input id=\"wpcf7-69f69d71168a4-field\"  class=\"wpcf7-form-control wpcf7-text\" type=\"text\" name=\"my-address\" value=\"\" size=\"40\" tabindex=\"-1\" autocomplete=\"new-password\" \/><\/span>\n<\/p>\n<p><label> E-Mail \/ email<br \/>\n<span class=\"wpcf7-form-control-wrap\" data-name=\"email-address\"><input size=\"40\" maxlength=\"400\" class=\"wpcf7-form-control wpcf7-email wpcf7-text wpcf7-validates-as-email\" aria-invalid=\"false\" value=\"\" type=\"email\" name=\"email-address\" \/><\/span> <\/label><br \/>\n<span id=\"wpcf7-69f69d7116945-wrapper\" class=\"wpcf7-form-control-wrap my-email-wrap\" style=\"display:none !important; visibility:hidden !important;\"><label for=\"wpcf7-69f69d7116945-field\" class=\"hp-message\">Please leave this field empty.<\/label><input id=\"wpcf7-69f69d7116945-field\"  class=\"wpcf7-form-control wpcf7-text\" type=\"text\" name=\"my-email\" value=\"\" size=\"40\" tabindex=\"-1\" autocomplete=\"new-password\" \/><\/span>\n<\/p>\n<p><label> Retourengrund*\/Return reason*<br \/>\n<span class=\"wpcf7-form-control-wrap\" data-name=\"return-reason\"><textarea cols=\"40\" rows=\"10\" maxlength=\"2000\" class=\"wpcf7-form-control wpcf7-textarea wpcf7-validates-as-required\" aria-required=\"true\" aria-invalid=\"false\" placeholder=\"Bitte beschreib den Fehler so genau wie m\u00f6glich. Schlagw\u00f6rter wie &quot;defekt&quot;, &quot;geht nicht&quot;, sind unzul\u00e4ssig (mindestens 25 Zeichen). \/ Please describe the error as accurately as possible. Key-words such as &quot;defective&quot;, &quot;not working&quot; are inadmissible (at least 25 characters).\" name=\"return-reason\"><\/textarea><\/span> <\/label>\n<\/p>\n<p><i>Mit dem Absenden des Retourenformulars erkl\u00e4rst du dich damit einverstanden, dass deine Daten zur Bearbeitung des Anliegens verwendet werden (weitere Informationen und Widerrufshinweise findest du in unserer <a href=\"\/datenschutzerklaerung\/\">Datenschutzerkl\u00e4rung<\/a>).<\/i>\n<\/p>\n<p><input class=\"wpcf7-form-control wpcf7-submit has-spinner\" type=\"submit\" value=\"Senden\" \/>\n<\/p><input type='hidden' class='wpcf7-pum' value='{\"closepopup\":false,\"closedelay\":0,\"openpopup\":false,\"openpopup_id\":0}' \/><div class=\"wpcf7-response-output\" aria-hidden=\"true\"><\/div>\n<\/form>\n<\/div>\n\n","protected":false},"excerpt":{"rendered":"<p>Uputstva Ovdje mo\u017eete prona\u0107i poveznicu za preuzimanje uputstva za svoje slu\u0161alice. Njema\u010dki | Engleski | Francuski | Talijanski | Poljski | \u0160panjolski &nbsp;&hellip;<\/p>\n","protected":false},"author":1,"featured_media":0,"parent":0,"menu_order":0,"comment_status":"closed","ping_status":"closed","template":"page-templates\/her-pages.php","meta":{"footnotes":""},"class_list":["post-3152","page","type-page","status-publish","hentry"],"_links":{"self":[{"href":"https:\/\/www.hear-her.com\/hr\/wp-json\/wp\/v2\/pages\/3152","targetHints":{"allow":["GET"]}}],"collection":[{"href":"https:\/\/www.hear-her.com\/hr\/wp-json\/wp\/v2\/pages"}],"about":[{"href":"https:\/\/www.hear-her.com\/hr\/wp-json\/wp\/v2\/types\/page"}],"author":[{"embeddable":true,"href":"https:\/\/www.hear-her.com\/hr\/wp-json\/wp\/v2\/users\/1"}],"replies":[{"embeddable":true,"href":"https:\/\/www.hear-her.com\/hr\/wp-json\/wp\/v2\/comments?post=3152"}],"version-history":[{"count":2,"href":"https:\/\/www.hear-her.com\/hr\/wp-json\/wp\/v2\/pages\/3152\/revisions"}],"predecessor-version":[{"id":3725,"href":"https:\/\/www.hear-her.com\/hr\/wp-json\/wp\/v2\/pages\/3152\/revisions\/3725"}],"wp:attachment":[{"href":"https:\/\/www.hear-her.com\/hr\/wp-json\/wp\/v2\/media?parent=3152"}],"curies":[{"name":"wp","href":"https:\/\/api.w.org\/{rel}","templated":true}]}}