{"id":3171,"date":"2018-09-04T21:06:25","date_gmt":"2018-09-04T19:06:25","guid":{"rendered":"https:\/\/www.hear-her.com\/?page_id=3171"},"modified":"2018-11-12T16:33:53","modified_gmt":"2018-11-12T15:33:53","slug":"cesta-pitanja","status":"publish","type":"page","link":"https:\/\/www.hear-her.com\/hr\/cesta-pitanja\/","title":{"rendered":"\u010cesta pitanja"},"content":{"rendered":"<p class=\"p1\">Ovje \u0107e\u0161 prona\u0107i odgovore na \u010desto postavljana pitanja. Ako tvoje pitanje nije navedeno, mi ti stojimo na raspolaganju. Mo\u017ee\u0161 nas izravno <a href=\"\/kontakt\/\">kontaktirati putem kontakt<\/a> obrasca ili  <a href=\"mailto:support@hear-her.com\"e-mailom.<\/a><\/p>\n<h1><span style=\"color: #ffffff;\">Pitanja o narud\u017ebi<\/span><\/h1>\n<h6 class=\"p1\">Kada \u0107e moja narud\u017eba biti poslana?<\/h6>\n<p>Radnim danom, tvoja \u0107e narud\u017eba biti poslana u roku od 24 sata.<\/p>\n<h6 class=\"p1\">Putem koje usluge \u0107e moja narud\u017eba biti poslana?<\/h6>\n<p>Tvoja \u0107e se narud\u017eba isporu\u010diti putem DHL-a.<\/p>\n<h6 class=\"p1\">Kako mogu poni\u0161titi moju narud\u017ebu?<\/h6>\n<p>Da, uop\u0107e nije problem otkazati tvoju narud\u017ebu. Ako je proizvod ve\u0107 na putu, mo\u017ee se besplatno vratiti.<\/p>\n<h6 class=\"p1\">Mogu li vratiti svoju narud\u017ebu?<\/h6>\n<p>Da, slu\u0161alice h\u00ebr bi ti se trebale svi\u0111ati \u2013 ako unato\u010d o\u010dekivanjima to nije slu\u010daj, u razdoblju otkazivanja mo\u017ee\u0161 besplatno i bez razloga slu\u0161alice vratiti (unutar EU-a).\u00a0<a href=\"https:\/\/www.hear-her.com\/en\/cancellation-policy\/\">Daljnje informacije o opozivu i razdoblju opoziva<\/a><\/p>\n<h6 class=\"p1\">U koje zemlje se vr\u0161i isporuka?<\/h6>\n<p>Slu\u0161alice h\u00ebr isporu\u010dujemo \u0161irom svijeta.<\/p>\n<h6>Koliko iznose tro\u0161kovi dostave?<\/h6>\n<p>Free shipping worldwide \u2013 za tebe nema nikakvih tro\u0161kova dostave. <a href=\"https:\/\/www.hear-her.com\/versand\/\">Vi\u0161e informacija o dostavi<\/a><\/p>\n<h6 class=\"p1\">Kako se provodi pla\u0107anje putem usluge Amazon Pay?<\/h6>\n<p>Pla\u0107anje se provodi na siguran i jednostavan na\u010din putem tvog Amazon ra\u010duna \u2013 pla\u0107anje se provodi brzo te nije potreban dodatan login na na\u0161oj stranici.<\/p>\n<h6 class=\"p1\">Kako se provodi pla\u0107anje kreditnom karticom?<\/h6>\n<p>Pla\u0107anje kreditnom karticom je brzo i jednostavno. Postupak pla\u0107anja se provodi putem usluge PayPal PLUS. Nije potrebno posjedovati PayPal ra\u010dun.<\/p>\n<h1 class=\"p1\"><span style=\"color: #ffffff;\">Pitanja o slu\u0161alicama<\/span><\/h1>\n<h6 class=\"p1\">Od kojih materijala se sastoje slu\u0161alice?<\/h6>\n<p>Ko\u017ea, metal, plastika. Slu\u0161alice posjeduju CE certifikat te odgovaraju najvi\u0161im standardima.<\/p>\n<h1 class=\"p1\"><span style=\"color: #ffffff;\">Pitanja o kompaniji<\/span><\/h1>\n<h6 class=\"p1\">Imam blog i rado bih pisao\/la o vama.<\/h6>\n<p>Drago nam je ako ti se slu\u0161alice svi\u0111aju te da \u017eeli\u0161 o njima napisati izvje\u0161taj. Vi\u0161e informacija o marki prona\u0107i \u0107e\u0161 u na\u0161em About odjeljku. Slobodno nam se javi putem <a href=\"mailto:info@hear-her.com\">e-maila.<\/a><\/p>\n<h6 class=\"p1\">Imam Instagram kanal i rado bih pisao\/la o vama.<\/h6>\n<p>Drago nam je ako ti se slu\u0161alice svi\u0111aju te da \u017eeli\u0161 o njima napisati izvje\u0161taj. Vi\u0161e informacija o marki prona\u0107i \u0107e\u0161 u na\u0161em About odjeljku. Slobodno nam se javi putem <a href=\"mailto:info@hear-her.com\">e-maila.<\/a><\/p>\n<h6 class=\"p1\">Postoji li trgovina u kojoj je mogu\u0107e slu\u0161alice isprobati?<\/h6>\n<p>Da, slu\u0161alice su dostupne u poznatim trgovinama diljem Europe. Ako \u017eelite, mo\u017eete testirati slu\u0161alice naru\u010divanjem u na\u0161em online trgovini. Tvoje slu\u0161alice h\u00ebr mo\u017ee\u0161 opu\u0161teno isprobati kod ku\u0107e te ih besplatno vratiti (unutar EU-a).<\/p>\n","protected":false},"excerpt":{"rendered":"<p>Ovje \u0107e\u0161 prona\u0107i odgovore na \u010desto postavljana pitanja. Ako tvoje pitanje nije navedeno, mi ti stojimo na raspolaganju. Mo\u017ee\u0161 nas izravno kontaktirati putem&hellip;<\/p>\n","protected":false},"author":1,"featured_media":3174,"parent":0,"menu_order":0,"comment_status":"closed","ping_status":"closed","template":"page-templates\/her-pages.php","meta":{"footnotes":""},"class_list":["post-3171","page","type-page","status-publish","has-post-thumbnail","hentry"],"_links":{"self":[{"href":"https:\/\/www.hear-her.com\/hr\/wp-json\/wp\/v2\/pages\/3171","targetHints":{"allow":["GET"]}}],"collection":[{"href":"https:\/\/www.hear-her.com\/hr\/wp-json\/wp\/v2\/pages"}],"about":[{"href":"https:\/\/www.hear-her.com\/hr\/wp-json\/wp\/v2\/types\/page"}],"author":[{"embeddable":true,"href":"https:\/\/www.hear-her.com\/hr\/wp-json\/wp\/v2\/users\/1"}],"replies":[{"embeddable":true,"href":"https:\/\/www.hear-her.com\/hr\/wp-json\/wp\/v2\/comments?post=3171"}],"version-history":[{"count":2,"href":"https:\/\/www.hear-her.com\/hr\/wp-json\/wp\/v2\/pages\/3171\/revisions"}],"predecessor-version":[{"id":3697,"href":"https:\/\/www.hear-her.com\/hr\/wp-json\/wp\/v2\/pages\/3171\/revisions\/3697"}],"wp:featuredmedia":[{"embeddable":true,"href":"https:\/\/www.hear-her.com\/hr\/wp-json\/wp\/v2\/media\/3174"}],"wp:attachment":[{"href":"https:\/\/www.hear-her.com\/hr\/wp-json\/wp\/v2\/media?parent=3171"}],"curies":[{"name":"wp","href":"https:\/\/api.w.org\/{rel}","templated":true}]}}