{"id":3181,"date":"2018-09-04T22:34:56","date_gmt":"2018-09-04T20:34:56","guid":{"rendered":"https:\/\/www.hear-her.com\/?page_id=3181"},"modified":"2018-09-04T22:34:56","modified_gmt":"2018-09-04T20:34:56","slug":"dostava","status":"publish","type":"page","link":"https:\/\/www.hear-her.com\/hr\/dostava\/","title":{"rendered":"Dostava"},"content":{"rendered":"<h2 class=\"p1\">Tro\u0161kovi dostave narud\u017ebe<\/h2>\n<p class=\"p1\"><em>Free Shipping Worldwide<\/em><\/p>\n<p class=\"p1\">Mi \u0107emo preuzeti tro\u0161kove dostave za tebe \u2013 neovisno gdje \u017eivi\u0161.<\/p>\n<h2 class=\"p1\">Tro\u0161kovi dostave, otkazivanje i garancija<\/h2>\n<table style=\"font-weight: 400;\" width=\"321\">\n<tbody>\n<tr>\n<td width=\"80\"><\/td>\n<td width=\"80\">Vrijeme trajanja<\/td>\n<td width=\"80\">EU<\/td>\n<td width=\"80\">izvan EU-a<\/td>\n<\/tr>\n<tr>\n<td width=\"80\">Otkazivanje<\/td>\n<td width=\"80\">14 dana<\/td>\n<td width=\"80\">\u00a0\u00a0\u00a0\u00a0\u00a0\u00a0\u00a0\u00a0\u00a0\u00a0\u00a0\u00a0\u00a0\u00a0\u00a0\u00a0 &#8211;\u00a0\u00a0 \u20ac<\/td>\n<td width=\"80\">\u00a0\u00a0\u00a0\u00a0\u00a0\u00a0\u00a0\u00a0\u00a0\u00a039,00 \u20ac<\/td>\n<\/tr>\n<tr>\n<td width=\"80\">Garancija<\/td>\n<td width=\"80\">1 godinu<\/td>\n<td width=\"80\">\u00a0\u00a0\u00a0\u00a0\u00a0\u00a0\u00a0\u00a0\u00a0\u00a0\u00a0\u00a0\u00a0\u00a0\u00a0\u00a0 &#8211;\u00a0\u00a0 \u20ac<\/td>\n<td width=\"80\">\u00a0\u00a0\u00a0\u00a0\u00a0\u00a0\u00a0\u00a0\u00a0\u00a0\u00a0\u00a0\u00a0\u00a0\u00a0\u00a0\u00a0&#8211;\u00a0\u00a0 \u20ac<\/td>\n<\/tr>\n<\/tbody>\n<\/table>\n<h2 class=\"p1\">Metode dostave<\/h2>\n<p>Tvoja \u0107e se narud\u017eba isporu\u010diti putem DHL-a.<\/p>\n<h2 class=\"p1\">Vrijeme isporuke<\/h2>\n<p>Radnim danom, tvoja \u0107e narud\u017eba biti poslana u roku od 24 sata. Pribli\u017eno trajanje isporuke po\u0161iljke navedeno je u donjoj tablici. Na stranicama <a href=\"https:\/\/www.dhl.de\/de\/geschaeftskunden\/paket\/ab-200-pakete\/internationaler-versand\/paket-international.html\">DHL International<\/a> mo\u017ee\u0161 prona\u0107i zemlje koje nisu na popisu ili mo\u017ee\u0161 pitati i nas.<\/p>\n<table style=\"font-weight: 400;\" width=\"321\">\n<tbody>\n<tr>\n<td width=\"80\">\u00a0<strong>Zemlje<\/strong><\/td>\n<td width=\"80\"><strong>Vrijeme isporuke (radni dani)<\/strong><\/td>\n<\/tr>\n<tr>\n<td width=\"80\">Republika Hrvatska<\/td>\n<td width=\"80\">3\u20134<\/td>\n<\/tr>\n<tr>\n<td width=\"80\">Njema\u010dka<\/td>\n<td width=\"80\">1\u20133<\/td>\n<\/tr>\n<tr>\n<td width=\"80\">Australija<\/td>\n<td width=\"80\">12<\/td>\n<\/tr>\n<tr>\n<td width=\"80\">Francuska<\/td>\n<td width=\"80\">4<\/td>\n<\/tr>\n<tr>\n<td width=\"80\">Velika Britanija i Sjeverna Irska<\/td>\n<td width=\"80\">3\u20134<\/td>\n<\/tr>\n<tr>\n<td width=\"80\">Irska<\/td>\n<td width=\"80\">4\u20135<\/td>\n<\/tr>\n<tr>\n<td width=\"80\">Italija<\/td>\n<td width=\"80\">4<\/td>\n<\/tr>\n<tr>\n<td width=\"80\">Kanada<\/td>\n<td width=\"80\">11<\/td>\n<\/tr>\n<tr>\n<td width=\"80\">Nizozemska<\/td>\n<td width=\"80\">2\u20133<\/td>\n<\/tr>\n<tr>\n<td width=\"80\">Norve\u0161ka<\/td>\n<td width=\"80\">8\u20139<\/td>\n<\/tr>\n<tr>\n<td width=\"80\">Austrija<\/td>\n<td width=\"80\">1\u20133<\/td>\n<\/tr>\n<tr>\n<td width=\"80\">Poljska<\/td>\n<td width=\"80\">3\u20134<\/td>\n<\/tr>\n<tr>\n<td width=\"80\">Portugal<\/td>\n<td width=\"80\">5\u20136<\/td>\n<\/tr>\n<tr>\n<td width=\"80\">\u0160vedska<\/td>\n<td width=\"80\">4<\/td>\n<\/tr>\n<tr>\n<td width=\"80\">\u0160vicarska<\/td>\n<td width=\"80\">5<\/td>\n<\/tr>\n<tr>\n<td width=\"80\">\u0160panjolska<\/td>\n<td width=\"80\">5\u20136<\/td>\n<\/tr>\n<tr>\n<td width=\"80\">Turska<\/td>\n<td width=\"80\">11\u201316<\/td>\n<\/tr>\n<tr>\n<td width=\"80\">Sjedinjene Ameri\u010dke Dr\u017eave<\/td>\n<td width=\"80\">11\u201313<\/td>\n<\/tr>\n<\/tbody>\n<\/table>\n<p>Pra\u0107enje po\u0161iljaka mogu\u0107e je za sva odredi\u0161ta putem <a href=\"http:\/\/www.dhl.de\">www.dhl.de<\/a>.<\/p>\n<h2 class=\"p1\">Carina<\/h2>\n<p>Sonic Sales ne pokriva nikakve carinske ili druge mogu\u0107e tro\u0161kove.<\/p>\n<p><strong>Zemlje koje nisu \u010dlanice EU-a<\/strong><\/p>\n<p>Ako se tvoja narud\u017eba \u0161alje u zemlju izvan EU-a, mogu\u0107i su dodatni tro\u0161kovi, kao \u0161to su carinske pristojbe, porezi i sli\u010dno.<br \/>\nRobu isporu\u010dujemo prema Incoterm DDU-u (&#8220;nepla\u0107eni pristojbe i porezi&#8221;), tj. tvoja narud\u017eba sti\u017ee na mjesto isporuke, ali ne\u0107emo biti odgovorni za dodatne lokalne poreze ili carinske pristojbe.<\/p>\n<p>Osoba kojoj paket odlazi biti \u0107e odgovorna za sve dodatne tro\u0161kove uvoza proizvoda (\u010dak i ako je narud\u017eba odbijena).<\/p>\n<p>Tako\u0111er je mogu\u0107e da \u0107e isporuka narud\u017ebe kasniti zbog carinske inspekcije.<\/p>\n","protected":false},"excerpt":{"rendered":"<p>Tro\u0161kovi dostave narud\u017ebe Free Shipping Worldwide Mi \u0107emo preuzeti tro\u0161kove dostave za tebe \u2013 neovisno gdje \u017eivi\u0161. Tro\u0161kovi dostave, otkazivanje i garancija Vrijeme&hellip;<\/p>\n","protected":false},"author":1,"featured_media":0,"parent":0,"menu_order":0,"comment_status":"closed","ping_status":"closed","template":"page-templates\/her-pages.php","meta":{"footnotes":""},"class_list":["post-3181","page","type-page","status-publish","hentry"],"_links":{"self":[{"href":"https:\/\/www.hear-her.com\/hr\/wp-json\/wp\/v2\/pages\/3181","targetHints":{"allow":["GET"]}}],"collection":[{"href":"https:\/\/www.hear-her.com\/hr\/wp-json\/wp\/v2\/pages"}],"about":[{"href":"https:\/\/www.hear-her.com\/hr\/wp-json\/wp\/v2\/types\/page"}],"author":[{"embeddable":true,"href":"https:\/\/www.hear-her.com\/hr\/wp-json\/wp\/v2\/users\/1"}],"replies":[{"embeddable":true,"href":"https:\/\/www.hear-her.com\/hr\/wp-json\/wp\/v2\/comments?post=3181"}],"version-history":[{"count":1,"href":"https:\/\/www.hear-her.com\/hr\/wp-json\/wp\/v2\/pages\/3181\/revisions"}],"predecessor-version":[{"id":3184,"href":"https:\/\/www.hear-her.com\/hr\/wp-json\/wp\/v2\/pages\/3181\/revisions\/3184"}],"wp:attachment":[{"href":"https:\/\/www.hear-her.com\/hr\/wp-json\/wp\/v2\/media?parent=3181"}],"curies":[{"name":"wp","href":"https:\/\/api.w.org\/{rel}","templated":true}]}}