{"id":3369,"date":"2018-09-28T15:29:35","date_gmt":"2018-09-28T13:29:35","guid":{"rendered":"https:\/\/www.hear-her.com\/?page_id=3369"},"modified":"2021-03-01T20:20:00","modified_gmt":"2021-03-01T19:20:00","slug":"un-women","status":"publish","type":"page","link":"https:\/\/www.hear-her.com\/hr\/un-women\/","title":{"rendered":"Slu\u0161alice h\u00ebr poma\u017eu?"},"content":{"rendered":"<h3>Slu\u0161alice h\u00ebr poma\u017eu?<\/h3>\n<p>Zahvaljuju\u0107i spoju tehnologije i dizajna slu\u0161alice h\u00ebr upe\u010datljiv su modni dodatak na svakoj \u017eeni. Pouzdano i samosvjesno se kre\u0107ite kroz \u017eivot.<\/p>\n<p>Aktivno promoviramo ravnopravnost spolova i osna\u017eivanje \u017eena te \u0107emo aktivno promovirati ovu temu s #hearher hashtagom kako bi \u017eenama diljem svijeta dali glas.<\/p>\n<p>Iz tog razloga, tako\u0111er se obvezujemo da \u0107emo donirati fiksni udio od najmanje 5% na\u0161e dobiti u dobrotvorne projekte koji rade za \u017eene.<\/p>\n","protected":false},"excerpt":{"rendered":"<p>Slu\u0161alice h\u00ebr poma\u017eu? Zahvaljuju\u0107i spoju tehnologije i dizajna slu\u0161alice h\u00ebr upe\u010datljiv su modni dodatak na svakoj \u017eeni. Pouzdano i samosvjesno se kre\u0107ite kroz&hellip;<\/p>\n","protected":false},"author":1,"featured_media":8707,"parent":0,"menu_order":0,"comment_status":"closed","ping_status":"closed","template":"page-templates\/her-pages.php","meta":{"footnotes":""},"class_list":["post-3369","page","type-page","status-publish","has-post-thumbnail","hentry"],"_links":{"self":[{"href":"https:\/\/www.hear-her.com\/hr\/wp-json\/wp\/v2\/pages\/3369","targetHints":{"allow":["GET"]}}],"collection":[{"href":"https:\/\/www.hear-her.com\/hr\/wp-json\/wp\/v2\/pages"}],"about":[{"href":"https:\/\/www.hear-her.com\/hr\/wp-json\/wp\/v2\/types\/page"}],"author":[{"embeddable":true,"href":"https:\/\/www.hear-her.com\/hr\/wp-json\/wp\/v2\/users\/1"}],"replies":[{"embeddable":true,"href":"https:\/\/www.hear-her.com\/hr\/wp-json\/wp\/v2\/comments?post=3369"}],"version-history":[{"count":2,"href":"https:\/\/www.hear-her.com\/hr\/wp-json\/wp\/v2\/pages\/3369\/revisions"}],"predecessor-version":[{"id":9171,"href":"https:\/\/www.hear-her.com\/hr\/wp-json\/wp\/v2\/pages\/3369\/revisions\/9171"}],"wp:featuredmedia":[{"embeddable":true,"href":"https:\/\/www.hear-her.com\/hr\/wp-json\/wp\/v2\/media\/8707"}],"wp:attachment":[{"href":"https:\/\/www.hear-her.com\/hr\/wp-json\/wp\/v2\/media?parent=3369"}],"curies":[{"name":"wp","href":"https:\/\/api.w.org\/{rel}","templated":true}]}}