{"id":3045,"date":"2018-01-30T22:22:22","date_gmt":"2018-01-30T21:22:22","guid":{"rendered":"https:\/\/www.hear-her.com\/produkt\/on-ear-bluetooth-stereo-slusalice-her\/"},"modified":"2026-05-10T21:17:02","modified_gmt":"2026-05-10T19:17:02","slug":"on-ear-bluetooth-stereo-slusalice-her","status":"publish","type":"product","link":"https:\/\/www.hear-her.com\/hr\/produkt\/on-ear-bluetooth-stereo-slusalice-her\/","title":{"rendered":"on-ear bluetooth stereo slu\u0161alice h\u00ebr"},"content":{"rendered":"<h3>Slu\u0161alice h\u00ebr<\/h3>\n<p>Dizajn je posebno kreiran prema tvojim \u017eeljama, jer voli\u0161 proizvode koji se to\u010dno uklapaju u tvoj \u017eivot i odska\u010du od mainstreama. Lagane, graciozne i iznimno udobne, daleko su vi\u0161e od elegantnog pribora i uvjeravaju vas ponajprije o\u0161trim zvukom. Slu\u0161alice h\u00ebr dizajnirane su od strane jednog od najpoznatijih europskih proizvo\u0111a\u010da i trgovaca na veliko u podru\u010dju tonske tehnike i stoga ispunjavaju najvi\u0161e standarde kvalitete.<\/p>\n<h3>Be\u017ei\u010dna sloboda<\/h3>\n<p>Slu\u0161alice h\u00ebr se mogu univerzalno koristiti. Bilo da si na putu, bavi\u0161 se sportom ili si kod ku\u0107e, zahvaljuju\u0107i Bluetooth tehnologiji ima\u0161 potpunu slobodu kretanja. Ako je baterija prazna ili ako koristi\u0161 ure\u0111aj koji ne podr\u017eava Bluetooth tehnologiju, slu\u0161alice se lako mogu koristiti s isporu\u010denim standardnim kabelom.<\/p>\n<h3>Jednostavno postavljanje<\/h3>\n<p>Postavljanje Bluetooth veze je izuzetno lako, ure\u0111aj mora samo imati Bluetooth su\u010delje te biti kompatibilan sa svim ure\u0111ajima kao \u0161to su pametni telefoni, prijenosna ra\u010dunala, tableti, MP3 playeri, ra\u010dunala, kao i iPad, iPod, iPhone, MacBook, iMac. <a href=\"https:\/\/www.hear-her.com\/support\/\">Tutorial Pairing<\/a><\/p>\n<h3>Minimalisti\u010dki dizajn<\/h3>\n<p>Slu\u0161alice h\u00ebr su dizajnirane u elegantnim nudim i be\u017e tonovima te vje\u0161to isti\u010du tvoj stil. Mat metal i mekana ko\u017ea formiraju kvalitetnu kompoziciju uz izvrsan osje\u0107aj dodira. Meki, fleksibilni jastu\u010di\u0107i za u\u0161i (On Ear) pru\u017eaju udobno dr\u017eanje na glavi i daju \u017eenstveni izgled.<\/p>\n<h3>Udobnost no\u0161enja<\/h3>\n<p>Slu\u0161alice h\u00ebr su vrlo lagane i karakterizira ih visoka udobnost no\u0161enja. Slu\u0161alice te\u017ee samo 200 grama, a zahvaljuju\u0107i dodatnoj presvlaci za u\u0161i i glavu pru\u017eaju dugotrajnu udobnost pri no\u0161enju. Diskretna traka za glavu olak\u0161ava prilagodbu veli\u010dine tako da su slu\u0161alice prikladne za sve oblike glave.<\/p>\n<h3>Telefoniranje<\/h3>\n<p>Ugra\u0111en mikrofon omogu\u0107uje brzo primanje poziva pomo\u0107u slu\u0161alica. Putem tipke je mogu\u0107e prihva\u0107ati, odbiti i pauzirati pozive, tako da pri slu\u0161anju glazbe i telefoniranju vi\u0161e nije potrebno posezati za smartphoneom.<\/p>\n<h3>Idealan suputnik<\/h3>\n<p>Jednostavno se spremaju u prilo\u017eenu platnenu vre\u0107icu, \u010dime su slu\u0161alice h\u00ebr lako prenosive i stoga va\u0161 idealan pratilac u svakodnevnom \u017eivotu.<\/p>\n<h3>Brza isporuka<\/h3>\n<p>Kao jedan od najve\u0107ih trgovaca audio opreme u Europi znamo koliko je va\u017ena brza i jednostavna dostava. Tvoja \u0107e se narud\u017eba stoga obraditi odmah i pakirati u roku od 24 sata i dostaviti putem DHL-a.<\/p>\n","protected":false},"excerpt":{"rendered":"<p class=\"currency\">(oko 735,88 Kn)<\/p>\n<h5><em>Lagane, graciozne i udobne<\/em><\/h5>\n<p>Slu\u0161alice h\u00ebr su upravo onakve kako se ti osje\u0107a\u0161. Lagane i fleksibilne, prilago\u0111avaju se tvom stilu i nagla\u0161avaju tvoj samopouzdani izgled. Uroni u svoju omiljenu glazbu bilo kada, bilo gdje i u\u017eivaj u bezgrani\u010dnoj slobodi tvojih pokreta. Tvoje u\u0161i \u0107e ih voljeti jer je zvuk beskompromisan ba\u0161 kao i udobnost. Meka ko\u017ea i podesiva traka za glavu prilago\u0111ene su tebi, stoga ostani kakva jesi i samo u\u017eivaj!<\/p>\n","protected":false},"featured_media":3046,"comment_status":"open","ping_status":"closed","template":"","meta":[],"product_brand":[],"product_cat":[117],"product_tag":[],"class_list":{"0":"post-3045","1":"product","2":"type-product","3":"status-publish","4":"has-post-thumbnail","6":"product_cat-kopfhoerer-hr","8":"first","9":"instock","10":"featured","11":"taxable","12":"shipping-taxable","13":"purchasable","14":"product-type-simple"},"_links":{"self":[{"href":"https:\/\/www.hear-her.com\/hr\/wp-json\/wp\/v2\/product\/3045","targetHints":{"allow":["GET"]}}],"collection":[{"href":"https:\/\/www.hear-her.com\/hr\/wp-json\/wp\/v2\/product"}],"about":[{"href":"https:\/\/www.hear-her.com\/hr\/wp-json\/wp\/v2\/types\/product"}],"replies":[{"embeddable":true,"href":"https:\/\/www.hear-her.com\/hr\/wp-json\/wp\/v2\/comments?post=3045"}],"wp:featuredmedia":[{"embeddable":true,"href":"https:\/\/www.hear-her.com\/hr\/wp-json\/wp\/v2\/media\/3046"}],"wp:attachment":[{"href":"https:\/\/www.hear-her.com\/hr\/wp-json\/wp\/v2\/media?parent=3045"}],"wp:term":[{"taxonomy":"product_brand","embeddable":true,"href":"https:\/\/www.hear-her.com\/hr\/wp-json\/wp\/v2\/product_brand?post=3045"},{"taxonomy":"product_cat","embeddable":true,"href":"https:\/\/www.hear-her.com\/hr\/wp-json\/wp\/v2\/product_cat?post=3045"},{"taxonomy":"product_tag","embeddable":true,"href":"https:\/\/www.hear-her.com\/hr\/wp-json\/wp\/v2\/product_tag?post=3045"}],"curies":[{"name":"wp","href":"https:\/\/api.w.org\/{rel}","templated":true}]}}