{"id":7574,"date":"2019-09-30T22:59:36","date_gmt":"2019-09-30T21:25:57","guid":{"rendered":"https:\/\/www.hear-her.com\/?post_type=product&#038;p=7574"},"modified":"2026-04-08T20:58:37","modified_gmt":"2026-04-08T18:58:37","slug":"her-bluetooth-in-earphones","status":"publish","type":"product","link":"https:\/\/www.hear-her.com\/hr\/produkt\/her-bluetooth-in-earphones\/","title":{"rendered":"h\u00ebr bluetooth <\/br>in-earphones"},"content":{"rendered":"<h3>Unutarnje slu\u0161alice h\u00ebr<\/h3>\n<p>Ove slu\u0161alice izradio je jedan od najpoznatijih proizvo\u0111a\u010da i veleprodava\u010da zvu\u010dne tehnologije u Europi. To zna\u010di da se obratio krajnji pozor na svaku pojedinost audio dizajna, kako bi se osiguralo najbolje mogu\u0107e iskustvo zvuka za va\u0161e unutarnje slu\u0161alice h\u00ebr. Unutarnje slu\u0161alice h\u00ebr su u stvari puno puno vi\u0161e od tek stilskog dodatka za odje\u0107u &#8211; stavite ih u u\u0161i i do\u017eivite visokokvalitetni zvuk sa pouzdanom vezom.<\/p>\n<h3>Be\u017ei\u010dna sloboda<\/h3>\n<p>Zahvaljuju\u0107i najsuvremenijoj tehnologiji Bluetooth, va\u0161e unutarnje slu\u0161alice h\u00ebr osiguravaju potpunu slobodu kretanja, bilo da dr\u017eite svoj pametni telefon u ruci, u torbi, u ru\u010dnoj torbi ili na polici stroja za fitness.<\/p>\n<h3>Lako\u0107a uspostave<\/h3>\n<p>One se mogu uspostaviti putem bluetootha obi\u010dnim dodirom prstom. Va\u0161e unutarnje slu\u0161alice h\u00ebr funkcioniraju na svim ure\u0111ajima na kojima je omogu\u0107en Bluetooth, poput pametnih telefona, prijenosnih ra\u010dunala, tableta, MP3 plejera, osobnih ra\u010dunala, iPada, iPoda, MacBooka, IMaca, itd. Jednostavno uparite i po\u010dnite slu\u0161ati.<\/p>\n<h3>Minimalisti\u010dki dizajn<\/h3>\n<p>Unutarnje slu\u0161alice h\u00ebr dizajnirane su u elegantnoj boji ko\u017ee i stoga ne smetaju kad se nose. Kutija punja\u010da koja se dostavlja s proizvodom priru\u010dna je po veli\u010dini, lako se uklapa u svaku torbu i ima mehanizam rotacije, \u0161to zna\u010di da su va\u0161e unutarnje slu\u0161alice h\u00ebr uvijek savr\u0161eno za\u0161ti\u0107ene kad se nose i tijekom punjenja.<\/p>\n<h3>Udobnost kod no\u0161enja<\/h3>\n<p>Unutarnje slu\u0161alice h\u00ebr\u00a0su savr\u0161eno udobne za nositi i sigurno ostaju na svom mjestu. Za duge sesije tjelovje\u017ebe, putovanja vlakom ili prosto kod ku\u0107e, postavite raspolo\u017eenje sa pravom glazbom a da niste \u010dak ni primijetili da nosite svoje unutarnje slu\u0161alice h\u00ebr . Sa u\u0161nim zvu\u010dnicima u tri razli\u010dite veli\u010dine (S, M. L), lako \u0107ete prona\u0107i najugodniju i najbolju veli\u010dinu za sebe.<\/p>\n<h3>Telefoniranje<\/h3>\n<p>Ugra\u0111en mikrofon omogu\u0107uje brzo primanje poziva pomo\u0107u slu\u0161alica. Putem tipke je mogu\u0107e prihva\u0107ati, odbiti i pauzirati pozive, tako da pri slu\u0161anju glazbe i telefoniranju vi\u0161e nije potrebno posezati za smartphoneom.<\/p>\n<h3>Idealno dru\u0161tvo<\/h3>\n<p>Kutija punja\u010da koja se dostavlja uz proizvod osigurava za\u0161titu a jednovremeno i obnavljanje energije. Kada hodate okolo, va\u0161e unutarnje slu\u0161alice h\u00ebr mogu se dopunjavati do tri puta u za\u0161titnom ku\u0107i\u0161tu.<\/p>\n<h3>on-ear bluetooth stereo slu\u0161alice h\u00ebr<\/h3>\n<p style=\"min-height: 250px;\"><a href=\"https:\/\/www.hear-her.com\/produkt\/her-on-ear-bluetooth-stereo-headphone\/\"><img loading=\"lazy\" decoding=\"async\" class=\"size-medium wp-image-3046 alignleft\" src=\"https:\/\/www.hear-her.com\/wp-content\/uploads\/2018\/01\/HF8-Main-300x300.png\" alt=\"\" width=\"300\" height=\"300\" srcset=\"https:\/\/www.hear-her.com\/wp-content\/uploads\/2018\/01\/HF8-Main-300x300.png 300w, https:\/\/www.hear-her.com\/wp-content\/uploads\/2018\/01\/HF8-Main-790x790.png 790w, https:\/\/www.hear-her.com\/wp-content\/uploads\/2018\/01\/HF8-Main-100x100.png 100w, https:\/\/www.hear-her.com\/wp-content\/uploads\/2018\/01\/HF8-Main-150x150.png 150w, https:\/\/www.hear-her.com\/wp-content\/uploads\/2018\/01\/HF8-Main-768x768.png 768w, https:\/\/www.hear-her.com\/wp-content\/uploads\/2018\/01\/HF8-Main-1024x1024.png 1024w, https:\/\/www.hear-her.com\/wp-content\/uploads\/2018\/01\/HF8-Main-690x690.png 690w, https:\/\/www.hear-her.com\/wp-content\/uploads\/2018\/01\/HF8-Main-600x600.png 600w\" sizes=\"auto, (max-width: 300px) 100vw, 300px\" \/><\/a><\/p>\n","protected":false},"excerpt":{"rendered":"<h5><\/h5>\n<h5><em>Diskretne. lagane kao perce, minimalisti\u010dke i prenosive, vi\u0161enadarene<\/em><\/h5>\n<p>Va\u0161e be\u017ei\u010dne unutarnje slu\u0161alice h\u00ebr idealno su dru\u0161tvo za svaku priliku. Kada idete negdje, bavite se sportom ili ste kod ku\u0107e, one \u0107e vas odu\u0161eviti sa svojim besprijekornim finim, \u010distim zvukom i uravnote\u017eenom akustikom .Kako god da ste raspolo\u017eeni, va\u0161e unutarnje slu\u0161alice h\u00ebr \u0107e odra\u017eavati va\u0161 stil savr\u0161eno zbog svoje diskretne boje ko\u017ee. Va\u0161e unutarnje slu\u0161alice h\u00ebr dolaze sa za\u0161titnim ku\u0107i\u0161tem koje je jednovremeno i mobilna stanica za punjenje.<\/p>\n","protected":false},"featured_media":7271,"comment_status":"open","ping_status":"closed","template":"","meta":[],"product_brand":[],"product_cat":[183],"product_tag":[],"class_list":{"0":"post-7574","1":"product","2":"type-product","3":"status-publish","4":"has-post-thumbnail","6":"product_cat-in-ears-hr","8":"first","9":"instock","10":"taxable","11":"shipping-taxable","12":"purchasable","13":"product-type-simple"},"_links":{"self":[{"href":"https:\/\/www.hear-her.com\/hr\/wp-json\/wp\/v2\/product\/7574","targetHints":{"allow":["GET"]}}],"collection":[{"href":"https:\/\/www.hear-her.com\/hr\/wp-json\/wp\/v2\/product"}],"about":[{"href":"https:\/\/www.hear-her.com\/hr\/wp-json\/wp\/v2\/types\/product"}],"replies":[{"embeddable":true,"href":"https:\/\/www.hear-her.com\/hr\/wp-json\/wp\/v2\/comments?post=7574"}],"wp:featuredmedia":[{"embeddable":true,"href":"https:\/\/www.hear-her.com\/hr\/wp-json\/wp\/v2\/media\/7271"}],"wp:attachment":[{"href":"https:\/\/www.hear-her.com\/hr\/wp-json\/wp\/v2\/media?parent=7574"}],"wp:term":[{"taxonomy":"product_brand","embeddable":true,"href":"https:\/\/www.hear-her.com\/hr\/wp-json\/wp\/v2\/product_brand?post=7574"},{"taxonomy":"product_cat","embeddable":true,"href":"https:\/\/www.hear-her.com\/hr\/wp-json\/wp\/v2\/product_cat?post=7574"},{"taxonomy":"product_tag","embeddable":true,"href":"https:\/\/www.hear-her.com\/hr\/wp-json\/wp\/v2\/product_tag?post=7574"}],"curies":[{"name":"wp","href":"https:\/\/api.w.org\/{rel}","templated":true}]}}