{"id":2071,"date":"2018-07-24T22:55:48","date_gmt":"2018-07-24T20:55:48","guid":{"rendered":"https:\/\/www.hear-her.com\/?page_id=2071"},"modified":"2021-03-01T20:13:09","modified_gmt":"2021-03-01T19:13:09","slug":"rolunk","status":"publish","type":"page","link":"https:\/\/www.hear-her.com\/hu\/rolunk\/","title":{"rendered":"R\u00f3lunk"},"content":{"rendered":"\n\t\t<!-- MasterSlider -->\n\t\t<div id=\"P_MS5e63840a83ef5\" class=\"master-slider-parent fs-slider  ms-parent-id-6\"  >\n\n\t\t\t\n\t\t\t<!-- MasterSlider Main -->\n\t\t\t<div id=\"MS5e63840a83ef5\" class=\"master-slider ms-skin-default\" >\n\t\t\t\t \t\t\t\t \n\n\t\t\t<div  class=\"ms-slide fullwidth-layers\" data-delay=\"7.5\" data-fill-mode=\"fill\"   >\n\t\t\t\t\t<img decoding=\"async\" src=\"https:\/\/www.hear-her.com\/wp-content\/plugins\/masterslider\/public\/assets\/css\/blank.gif\" alt=\"\" title=\"\" data-src=\"https:\/\/www.hear-her.com\/wp-content\/uploads\/2018\/02\/Slide-background-1.jpg\" \/>\n\n\t\t\t\t\t<img decoding=\"async\"  class=\"ms-layer  msp-cn-121-4\" src=\"https:\/\/www.hear-her.com\/wp-content\/plugins\/masterslider\/public\/assets\/css\/blank.gif\" data-src=\"https:\/\/www.hear-her.com\/wp-content\/uploads\/2018\/02\/Slidertest-distel2-1.png\" alt=\"\" style=\"width:290px;\"  data-effect=\"t(true,n,-250,n,-50,n,n,n,n,n,n,n,n,n,n)\" data-duration=\"4000\" data-delay=\"600\" data-ease=\"easeOutQuart\"       data-parallax=\"2\" data-type=\"image\"          data-offset-x=\"508\" data-offset-y=\"-267\" data-origin=\"mc\" data-position=\"normal\" \/>\n\n\t\t\t\t\t<img decoding=\"async\"  class=\"ms-layer  msp-cn-121-5\" src=\"https:\/\/www.hear-her.com\/wp-content\/plugins\/masterslider\/public\/assets\/css\/blank.gif\" data-src=\"https:\/\/www.hear-her.com\/wp-content\/uploads\/2018\/02\/Slidertest-distel1-1.png\" alt=\"\" style=\"width:200px;\"  data-effect=\"t(true,-150,n,n,3,n,n,n,n,n,n,n,n,n,n)\" data-duration=\"5000\" data-delay=\"200\" data-ease=\"easeOutQuart\"       data-parallax=\"1\" data-type=\"image\"          data-offset-x=\"0\" data-offset-y=\"0\" data-origin=\"bl\" data-position=\"normal\" \/>\n\n\t\t\t\t\t<img decoding=\"async\"  class=\"ms-layer  msp-cn-121-2\" src=\"https:\/\/www.hear-her.com\/wp-content\/plugins\/masterslider\/public\/assets\/css\/blank.gif\" data-src=\"https:\/\/www.hear-her.com\/wp-content\/uploads\/2018\/02\/Slider-tastatur.png\" alt=\"\" style=\"\"  data-effect=\"t(true,n,-150,n,n,n,n,n,n,n,n,n,n,n,n)\" data-duration=\"5000\" data-delay=\"1800\" data-ease=\"easeOutQuart\"       data-parallax=\"1\" data-type=\"image\"          data-offset-x=\"181\" data-offset-y=\"404\" data-origin=\"bl\" data-position=\"normal\" \/>\n\n\t\t\t\t\t<img decoding=\"async\"  class=\"ms-layer  msp-cn-6-24\" src=\"https:\/\/www.hear-her.com\/wp-content\/plugins\/masterslider\/public\/assets\/css\/blank.gif\" data-src=\"https:\/\/www.hear-her.com\/wp-content\/uploads\/2018\/02\/Slidertest-herheadphone.png\" alt=\"\" style=\"\"  data-effect=\"t(true,-30,10,n,n,n,n,n,n,n,n,n,n,n,n)\" data-duration=\"5000\" data-delay=\"1800\" data-ease=\"easeOutQuart\"       data-parallax=\"1\" data-type=\"image\"          data-offset-x=\"200\" data-offset-y=\"-43\" data-origin=\"bl\" data-position=\"normal\" \/>\n\n\t\t\t\t\t<div  class=\"ms-layer  msp-cn-6-25\" style=\"\"   data-effect=\"t(true,n,n,1500,250,n,n,n,n,n,n,n,n,n,n)\"   data-ease=\"easeOutQuint\"                data-offset-x=\"0\" data-offset-y=\"0\" data-origin=\"mc\" data-position=\"normal\"  >\n#hearher<\/div>\n\n\n\t\t\t\t<\/div>\n\n\t\t\t<\/div>\n\t\t\t<!-- END MasterSlider Main -->\n\n\t\t\t \n\t\t<\/div>\n\t\t<!-- END MasterSlider -->\n\n\t\t<script>\n\t\t( window.MSReady = window.MSReady || [] ).push( function( $ ) {\n\n\t\t\t\"use strict\";\n\t\t\tvar masterslider_3ef5 = new MasterSlider();\n\n\t\t\t\/\/ slider controls\n\t\t\t\/\/ slider setup\n\t\t\tmasterslider_3ef5.setup(\"MS5e63840a83ef5\", {\n\t\t\t\twidth           : 1280,\n\t\t\t\theight          : 768,\n\t\t\t\tminHeight       : 0,\n\t\t\t\tspace           : 0,\n\t\t\t\tstart           : 1,\n\t\t\t\tgrabCursor      : true,\n\t\t\t\tswipe           : true,\n\t\t\t\tmouse           : true,\n\t\t\t\tkeyboard        : true,\n\t\t\t\tlayout          : \"fullwidth\",\n\t\t\t\twheel           : false,\n\t\t\t\tautoplay        : false,\n                instantStartLayers:false,\n\t\t\t\tmobileBGVideo:false,\n\t\t\t\tloop            : false,\n\t\t\t\tshuffle         : false,\n\t\t\t\tpreload         : 0,\n\t\t\t\theightLimit     : true,\n\t\t\t\tautoHeight      : false,\n\t\t\t\tsmoothHeight    : true,\n\t\t\t\tendPause        : false,\n\t\t\t\toverPause       : false,\n\t\t\t\tfillMode        : \"fill\",\n\t\t\t\tcenterControls  : false,\n\t\t\t\tstartOnAppear   : false,\n\t\t\t\tlayersMode      : \"center\",\n\t\t\t\tautofillTarget  : \"\",\n\t\t\t\thideLayers      : false,\n\t\t\t\tfullscreenMargin: 0,\n\t\t\t\tspeed           : 20,\n\t\t\t\tdir             : \"h\",\n\t\t\t\tparallaxMode    : 'mouse',\n\t\t\t\tview            : \"basic\"\n\t\t\t});\n\n\t\t\t\t\t\tMSScrollParallax.setup( masterslider_3ef5, 30, 50, false );\n\t\t\t$(\"head\").append( \"<link rel='stylesheet' id='ms-fonts'  href='\/\/fonts.googleapis.com\/css?family=Poiret+One:regular' type='text\/css' media='all' \/>\" );\n\n\t\t\twindow.masterslider_instances = window.masterslider_instances || [];\n\t\t\twindow.masterslider_instances.push( masterslider_3ef5 );\n\t\t});\n\t\t<\/script>\n\n\n<h3>Kik vagyunk?<\/h3>\n<p>Eur\u00f3pa egyik legnagyobb hangtechnol\u00f3gi\u00e1val foglalkoz\u00f3 v\u00e1llalata. \u00dcgyfeleink k\u00f6z\u00f6tt eur\u00f3pai zenei szakkeresked\u0151k mellett (t\u00f6bbek k\u00f6z\u00f6tt a Musikhaus Thomann \u00e9s a Musicstore) k\u00f6z\u00e9p-eur\u00f3pai elektronikai keresked\u0151k (mint p\u00e9ld\u00e1ul az Amazon Europa, Media Markt vagy Conrad) is megtal\u00e1lhat\u00f3k \u2013 ehhez j\u00f6nnek m\u00e9g a nemzetk\u00f6zi \u00e1llami r\u00e1di\u00f3szolg\u00e1ltat\u00f3k, iskol\u00e1k \u00e9s egyetemek.<\/p>\n<p><img loading=\"lazy\" decoding=\"async\" class=\"aligncenter size-full wp-image-2829\" src=\"https:\/\/www.hear-her.com\/wp-content\/uploads\/2018\/05\/her-headphones-about-gruppenbild.jpg\" alt=\"\" width=\"1000\" height=\"638\" srcset=\"https:\/\/www.hear-her.com\/wp-content\/uploads\/2018\/05\/her-headphones-about-gruppenbild.jpg 1000w, https:\/\/www.hear-her.com\/wp-content\/uploads\/2018\/05\/her-headphones-about-gruppenbild-300x191.jpg 300w, https:\/\/www.hear-her.com\/wp-content\/uploads\/2018\/05\/her-headphones-about-gruppenbild-768x490.jpg 768w, https:\/\/www.hear-her.com\/wp-content\/uploads\/2018\/05\/her-headphones-about-gruppenbild-790x504.jpg 790w\" sizes=\"auto, (max-width: 1000px) 100vw, 1000px\" \/><br \/>\nSz\u00e1mos mikrofon, hangsz\u00f3r\u00f3 \u00e9s fejhallgat\u00f3 megy \u00e1t a kez\u00fcnk\u00f6n, m\u00edg v\u00e9g\u00fcl a kiskeresked\u0151kt\u0151l Hozz\u00e1d ker\u00fcln\u00e9nek. A fejhallgat\u00f3k ter\u00fclet\u00e9n t\u00f6bb neves gy\u00e1rt\u00f3 term\u00e9k\u00e9t forgalmazzuk, de mi magunk is gy\u00e1rtunk saj\u00e1t term\u00e9keket \u00fcgyfeleink sz\u00e1m\u00e1ra.<\/p>\n<h3>Mi\u00e9rt a h\u00ebr fejhallgat\u00f3?<\/h3>\n<p style=\"margin-top: 20px; font-size: 80%; color: white; line-height: 1.3; font-family: 'Lucida Console' !important;\"><strong style=\"font-family: 'Poiret One' !important; color: white; font-size: 150% !important;\">h\u00f6r<\/strong> [n\u00e9met; a h\u00f6ren ige felsz\u00f3l\u00edt\u00f3 alakja; akusztikus ingerek \u00e9szlel\u00e9se hall\u00e1s \u00fatj\u00e1n]<\/p>\n<p>Nagykeresked\u0151k\u00e9nt \u00e9s gy\u00e1rt\u00f3k\u00e9nt tudjuk, hogy mi fontos a kifinomult hangdesign l\u00e9trehoz\u00e1s\u00e1hoz. A hangsz\u00f3r\u00f3kat gondosan v\u00e1lasztottuk ki, hogy megfeleljenek a legmagasabb audioszabv\u00e1nyoknak. A fejhallgat\u00f3k legnagyobb online magazinj\u00e1ban (Kopfhoerer.de) a piacon l\u00e9tez\u0151 \u00f6sszes modellt megel\u0151zve els\u0151k lett\u00fcnk az \u00e1r\/teljes\u00edtm\u00e9ny kateg\u00f3ri\u00e1ban, \u00e9s megkaptuk a szerkeszt\u0151s\u00e9g aj\u00e1nl\u00e1s\u00e1t (<a href=\"https:\/\/www.kopfhoerer.de\/test\/her-hf8\/\">link a teszteredm\u00e9nyekhez<\/a>).<\/p>\n<p style=\"margin-top: 20px; font-size: 80%; color: white; line-height: 1.3; font-family: 'Lucida Console' !important;\"><strong style=\"font-family: 'Poiret One' !important; color: white; font-size: 150% !important;\">her<\/strong> [angol; \u00f6v\u00e9; egy n\u0151i tulajdonost jel\u00f6l\u0151 birtokos n\u00e9vm\u00e1s]<\/p>\n<p>N\u0151i v\u00e1s\u00e1rl\u00f3ink a puszta hangz\u00e1sn\u00e1l t\u00f6bbet v\u00e1rnak egy fejhallgat\u00f3t\u00f3l. Ez\u00e9rt a h\u00ebr fejhallgat\u00f3kat eleg\u00e1ns \u00e9s k\u00fcl\u00f6n\u00f6sen kecses vonalvezet\u00e9s jellemzi. A piac legk\u00f6nnyebb on-ear fejhaljgat\u00f3i k\u00f6z\u00e9 tartoznak, \u00e9s az extra puha p\u00e1rn\u00e1val kombin\u00e1lva maxim\u00e1lis k\u00e9nyelmet biztos\u00edtanak. A be\u00e9p\u00edtett HD mikrofonnak k\u00f6sz\u00f6nhet\u0151en a h\u00ebr fejhallgat\u00f3k k\u00e9nyelmesen haszn\u00e1lhat\u00f3k telefon\u00e1l\u00e1shoz. A vezet\u00e9k n\u00e9lk\u00fcli mozg\u00e1sszabads\u00e1g \u00e9s az extra hossz\u00fa akkumul\u00e1tor-\u00e9lettartam sokoldal\u00faan kihaszn\u00e1lhat\u00f3v\u00e1 teszi a h\u00ebr fejhallgat\u00f3kat a mindennapi \u00e9letben.<\/p>\n<p><img loading=\"lazy\" decoding=\"async\" class=\"aligncenter size-large wp-image-3339\" src=\"https:\/\/www.hear-her.com\/wp-content\/uploads\/2018\/09\/her-gleichung-logo-1024x221.png\" alt=\"\" width=\"900\" height=\"194\" srcset=\"https:\/\/www.hear-her.com\/wp-content\/uploads\/2018\/09\/her-gleichung-logo-1024x221.png 1024w, https:\/\/www.hear-her.com\/wp-content\/uploads\/2018\/09\/her-gleichung-logo-300x65.png 300w, https:\/\/www.hear-her.com\/wp-content\/uploads\/2018\/09\/her-gleichung-logo-768x165.png 768w, https:\/\/www.hear-her.com\/wp-content\/uploads\/2018\/09\/her-gleichung-logo-1500x323.png 1500w, https:\/\/www.hear-her.com\/wp-content\/uploads\/2018\/09\/her-gleichung-logo-790x170.png 790w\" sizes=\"auto, (max-width: 900px) 100vw, 900px\" \/><\/p>\n<h3>A h\u00ebr fejhallgat\u00f3val seg\u00edteni<\/h3>\n<p>A h\u00ebr fejhallgat\u00f3 minden n\u0151 sz\u00e1m\u00e1ra egy igazi statement, hiszen a h\u00ebr fejhallgat\u00f3kban egyes\u00fcl a technol\u00f3gia \u00e9s a design! L\u00e9gy tudatos \u00e9s hat\u00e1rozott az \u00e9letben!<\/p>\n<p>Mi akt\u00edvan ki\u00e1llunk a nemek k\u00f6z\u00f6tti egyenl\u0151s\u00e9g\u00e9rt \u00e9s a n\u0151k szerep\u00e9nek er\u0151s\u00edt\u00e9s\u00e9\u00e9rt, tov\u00e1bb\u00e1 ezekkel a t\u00e9m\u00e1kkal rendszerint foglalkozunk a hashtag <strong>#hearher<\/strong> c\u00edmsz\u00f3 alatt, hogy a n\u0151k az eg\u00e9sz vil\u00e1gon jobban hallhass\u00e1k hangjukat.<\/p>\n<p>Emiatt elk\u00f6telezz\u00fck magunkat arra is, hogy nyeres\u00e9g\u00fcnk legal\u00e1bb 5% -\u00e1nak fix r\u00e9sz\u00e9t egy n\u0151knek sz\u00f3l\u00f3 j\u00f3t\u00e9konys\u00e1gi projektnek aj\u00e1nljuk fel.<\/p>\n","protected":false},"excerpt":{"rendered":"<p>Kik vagyunk? Eur\u00f3pa egyik legnagyobb hangtechnol\u00f3gi\u00e1val foglalkoz\u00f3 v\u00e1llalata. \u00dcgyfeleink k\u00f6z\u00f6tt eur\u00f3pai zenei szakkeresked\u0151k mellett (t\u00f6bbek k\u00f6z\u00f6tt a Musikhaus Thomann \u00e9s a Musicstore) k\u00f6z\u00e9p-eur\u00f3pai&hellip;<\/p>\n","protected":false},"author":1,"featured_media":0,"parent":0,"menu_order":0,"comment_status":"closed","ping_status":"closed","template":"","meta":{"footnotes":""},"class_list":["post-2071","page","type-page","status-publish","hentry"],"_links":{"self":[{"href":"https:\/\/www.hear-her.com\/hu\/wp-json\/wp\/v2\/pages\/2071","targetHints":{"allow":["GET"]}}],"collection":[{"href":"https:\/\/www.hear-her.com\/hu\/wp-json\/wp\/v2\/pages"}],"about":[{"href":"https:\/\/www.hear-her.com\/hu\/wp-json\/wp\/v2\/types\/page"}],"author":[{"embeddable":true,"href":"https:\/\/www.hear-her.com\/hu\/wp-json\/wp\/v2\/users\/1"}],"replies":[{"embeddable":true,"href":"https:\/\/www.hear-her.com\/hu\/wp-json\/wp\/v2\/comments?post=2071"}],"version-history":[{"count":5,"href":"https:\/\/www.hear-her.com\/hu\/wp-json\/wp\/v2\/pages\/2071\/revisions"}],"predecessor-version":[{"id":9159,"href":"https:\/\/www.hear-her.com\/hu\/wp-json\/wp\/v2\/pages\/2071\/revisions\/9159"}],"wp:attachment":[{"href":"https:\/\/www.hear-her.com\/hu\/wp-json\/wp\/v2\/media?parent=2071"}],"curies":[{"name":"wp","href":"https:\/\/api.w.org\/{rel}","templated":true}]}}