{"id":2075,"date":"2018-07-24T23:01:35","date_gmt":"2018-07-24T21:01:35","guid":{"rendered":"https:\/\/www.hear-her.com\/?page_id=2075"},"modified":"2018-11-12T22:55:44","modified_gmt":"2018-11-12T21:55:44","slug":"support","status":"publish","type":"page","link":"https:\/\/www.hear-her.com\/hu\/support\/","title":{"rendered":"Support"},"content":{"rendered":"<h3>k\u00e9zik\u00f6nyv<\/h3>\n<p>Itt tudod k\u00f6zvetlen\u00fcl let\u00f6lteni a h\u00ebr fejhallgat\u00f3dhoz tartoz\u00f3 k\u00e9zik\u00f6nyvet.<\/p>\n<p><a href=\"https:\/\/hear-her.com\/wp-content\/uploads\/2018\/02\/her-Manual-Deutsch.pdf\"><img loading=\"lazy\" decoding=\"async\" class=\"aligncenter wp-image-2322 size-medium\" src=\"https:\/\/www.hear-her.com\/wp-content\/uploads\/2018\/02\/her-headphone-manual-cover-259x300.jpg\" alt=\"\" width=\"259\" height=\"300\" srcset=\"https:\/\/www.hear-her.com\/wp-content\/uploads\/2018\/02\/her-headphone-manual-cover-259x300.jpg 259w, https:\/\/www.hear-her.com\/wp-content\/uploads\/2018\/02\/her-headphone-manual-cover-768x890.jpg 768w, https:\/\/www.hear-her.com\/wp-content\/uploads\/2018\/02\/her-headphone-manual-cover-883x1024.jpg 883w, https:\/\/www.hear-her.com\/wp-content\/uploads\/2018\/02\/her-headphone-manual-cover-595x690.jpg 595w, https:\/\/www.hear-her.com\/wp-content\/uploads\/2018\/02\/her-headphone-manual-cover-790x916.jpg 790w, https:\/\/www.hear-her.com\/wp-content\/uploads\/2018\/02\/her-headphone-manual-cover.jpg 886w\" sizes=\"auto, (max-width: 259px) 100vw, 259px\" \/><\/a><\/p>\n<p><a href=\"https:\/\/hear-her.com\/wp-content\/uploads\/2018\/02\/her-Manual-Deutsch.pdf\">n\u00e9met<\/a> | <a href=\"https:\/\/hear-her.com\/wp-content\/uploads\/2018\/02\/her-Manual-Englisch.pdf\">angol<\/a> | <a href=\"https:\/\/hear-her.com\/wp-content\/uploads\/2018\/02\/her-Manual-Franzoesisch.pdf\">francia<\/a> | <a href=\"https:\/\/hear-her.com\/wp-content\/uploads\/2018\/02\/her-Manual-Italienisch.pdf\">olasz<\/a> | <a href=\"https:\/\/www.hear-her.com\/wp-content\/uploads\/2018\/11\/her-Manual-Polnisch.pdf\">lengyel<\/a> | <a href=\"https:\/\/hear-her.com\/wp-content\/uploads\/2018\/02\/her-Manual-Spanisch.pdf\">spanyol<\/a><\/p>\n<p>&nbsp;<\/p>\n<h3>Tutorial Pairing<\/h3>\n<p><iframe loading=\"lazy\" src=\"https:\/\/www.youtube-nocookie.com\/embed\/2dZYeqe2clQ?rel=0&amp;color=white\" width=\"560\" height=\"315\" frameborder=\"0\" allowfullscreen=\"allowfullscreen\"><\/iframe><\/p>\n<h3>Support<\/h3>\n<p>Amennyiben probl\u00e9ma mer\u00fcl fel a fejhallgat\u00f3ddal kapcsolatban, jelentkezz n\u00e1lunk k\u00f6zvetlen\u00fcl a <a href=\"\/kontakt\/\">kapcsolatfelv\u00e9teli<\/a> \u0171rlap seg\u00edts\u00e9g\u00e9vel vagy <a href=\"mailto:support@hear-her.com\">e-mailben<\/a>!<\/p>\n<h3>Service<\/h3>\n<p>M\u00e9gsem tetszik a fejhallgat\u00f3d? Az el\u00e1ll\u00e1si id\u0151szakon bel\u00fcl visszak\u00fcldheted a h\u00ebr fejhallgat\u00f3dat ingyenesen (az EU-n bel\u00fcl), m\u00e9gpedig mindenf\u00e9le indokl\u00e1s n\u00e9lk\u00fcl.\u00a0<a href=\"https:\/\/www.hear-her.com\/widerrufsbelehrung\/\">Tov\u00e1bbi inform\u00e1ci\u00f3k az el\u00e1ll\u00e1si jogr\u00f3l \u00e9s az el\u00e1ll\u00e1si id\u0151szakr\u00f3l<\/a><\/p>\n<p>A fejhallgat\u00f3d hib\u00e1s vagy megs\u00e9r\u00fclt? Hogy ellen\u0151rizhess\u00fck a panaszodat, k\u00e9rlek, ne k\u00fcldd vissza egyb\u0151l a term\u00e9ket, hanem el\u0151sz\u00f6r l\u00e9pj vel\u00fcnk kapcsolatba! Amennyiben j\u00f3t\u00e1ll\u00e1s ig\u00e9nye mer\u00fclne fel a v\u00e1s\u00e1rl\u00e1s ut\u00e1n sz\u00e1m\u00edtott els\u0151 \u00e9vben, k\u00e9rlek, t\u00f6ltsd ki a visszaig\u00e9nyl\u00e9shez sz\u00fcks\u00e9ges \u0171rlapot, hogy a lehet\u0151 leggyorsabban megszervezhess\u00fck a visszak\u00fcld\u00e9st:<\/p>\n\n<div class=\"wpcf7 no-js\" id=\"wpcf7-f1333-o1\" lang=\"de-DE\" dir=\"ltr\" data-wpcf7-id=\"1333\">\n<div class=\"screen-reader-response\"><p role=\"status\" aria-live=\"polite\" aria-atomic=\"true\"><\/p> <ul><\/ul><\/div>\n<form action=\"\/hu\/wp-json\/wp\/v2\/pages\/2075#wpcf7-f1333-o1\" method=\"post\" class=\"wpcf7-form init\" aria-label=\"Kontaktformular\" novalidate=\"novalidate\" data-status=\"init\">\n<fieldset class=\"hidden-fields-container\"><input type=\"hidden\" name=\"_wpcf7\" value=\"1333\" \/><input type=\"hidden\" name=\"_wpcf7_version\" value=\"6.1.2\" \/><input type=\"hidden\" name=\"_wpcf7_locale\" value=\"de_DE\" \/><input type=\"hidden\" name=\"_wpcf7_unit_tag\" value=\"wpcf7-f1333-o1\" \/><input type=\"hidden\" name=\"_wpcf7_container_post\" value=\"0\" \/><input type=\"hidden\" name=\"_wpcf7_posted_data_hash\" value=\"\" \/>\n<\/fieldset>\n<p><label> Seriennummer*\/Serial number* (can be found on the package besides QR code)<br \/>\n<span class=\"wpcf7-form-control-wrap\" data-name=\"serial-number\"><input size=\"40\" maxlength=\"400\" class=\"wpcf7-form-control wpcf7-text wpcf7-validates-as-required\" aria-required=\"true\" aria-invalid=\"false\" value=\"\" type=\"text\" name=\"serial-number\" \/><\/span> <\/label>\n<\/p>\n<p><label> Rechnungsnummer* \/ Invoice number*<br \/>\n<span class=\"wpcf7-form-control-wrap\" data-name=\"invoice-number\"><input size=\"40\" maxlength=\"400\" class=\"wpcf7-form-control wpcf7-text wpcf7-validates-as-required\" aria-required=\"true\" aria-invalid=\"false\" value=\"\" type=\"text\" name=\"invoice-number\" \/><\/span> <\/label><br \/>\n<span id=\"wpcf7-69e08dc5f1ac6-wrapper\" class=\"wpcf7-form-control-wrap my-address-wrap\" style=\"display:none !important; visibility:hidden !important;\"><label for=\"wpcf7-69e08dc5f1ac6-field\" class=\"hp-message\">Bitte lasse dieses Feld leer.<\/label><input id=\"wpcf7-69e08dc5f1ac6-field\"  class=\"wpcf7-form-control wpcf7-text\" type=\"text\" name=\"my-address\" value=\"\" size=\"40\" tabindex=\"-1\" autocomplete=\"new-password\" \/><\/span>\n<\/p>\n<p><label> E-Mail \/ email<br \/>\n<span class=\"wpcf7-form-control-wrap\" data-name=\"email-address\"><input size=\"40\" maxlength=\"400\" class=\"wpcf7-form-control wpcf7-email wpcf7-text wpcf7-validates-as-email\" aria-invalid=\"false\" value=\"\" type=\"email\" name=\"email-address\" \/><\/span> <\/label><br \/>\n<span id=\"wpcf7-69e08dc5f1b95-wrapper\" class=\"wpcf7-form-control-wrap my-email-wrap\" style=\"display:none !important; visibility:hidden !important;\"><label for=\"wpcf7-69e08dc5f1b95-field\" class=\"hp-message\">Bitte lasse dieses Feld leer.<\/label><input id=\"wpcf7-69e08dc5f1b95-field\"  class=\"wpcf7-form-control wpcf7-text\" type=\"text\" name=\"my-email\" value=\"\" size=\"40\" tabindex=\"-1\" autocomplete=\"new-password\" \/><\/span>\n<\/p>\n<p><label> Retourengrund*\/Return reason*<br \/>\n<span class=\"wpcf7-form-control-wrap\" data-name=\"return-reason\"><textarea cols=\"40\" rows=\"10\" maxlength=\"2000\" class=\"wpcf7-form-control wpcf7-textarea wpcf7-validates-as-required\" aria-required=\"true\" aria-invalid=\"false\" placeholder=\"Bitte beschreib den Fehler so genau wie m\u00f6glich. Schlagw\u00f6rter wie &quot;defekt&quot;, &quot;geht nicht&quot;, sind unzul\u00e4ssig (mindestens 25 Zeichen). \/ Please describe the error as accurately as possible. Key-words such as &quot;defective&quot;, &quot;not working&quot; are inadmissible (at least 25 characters).\" name=\"return-reason\"><\/textarea><\/span> <\/label>\n<\/p>\n<p><i>Mit dem Absenden des Retourenformulars erkl\u00e4rst du dich damit einverstanden, dass deine Daten zur Bearbeitung des Anliegens verwendet werden (weitere Informationen und Widerrufshinweise findest du in unserer <a href=\"\/datenschutzerklaerung\/\">Datenschutzerkl\u00e4rung<\/a>).<\/i>\n<\/p>\n<p><input class=\"wpcf7-form-control wpcf7-submit has-spinner\" type=\"submit\" value=\"Senden\" \/>\n<\/p><input type='hidden' class='wpcf7-pum' value='{\"closepopup\":false,\"closedelay\":0,\"openpopup\":false,\"openpopup_id\":0}' \/><div class=\"wpcf7-response-output\" aria-hidden=\"true\"><\/div>\n<\/form>\n<\/div>\n\n","protected":false},"excerpt":{"rendered":"<p>k\u00e9zik\u00f6nyv Itt tudod k\u00f6zvetlen\u00fcl let\u00f6lteni a h\u00ebr fejhallgat\u00f3dhoz tartoz\u00f3 k\u00e9zik\u00f6nyvet. n\u00e9met | angol | francia | olasz | lengyel | spanyol &nbsp; Tutorial&hellip;<\/p>\n","protected":false},"author":1,"featured_media":0,"parent":0,"menu_order":0,"comment_status":"closed","ping_status":"closed","template":"page-templates\/her-pages.php","meta":{"footnotes":""},"class_list":["post-2075","page","type-page","status-publish","hentry"],"_links":{"self":[{"href":"https:\/\/www.hear-her.com\/hu\/wp-json\/wp\/v2\/pages\/2075","targetHints":{"allow":["GET"]}}],"collection":[{"href":"https:\/\/www.hear-her.com\/hu\/wp-json\/wp\/v2\/pages"}],"about":[{"href":"https:\/\/www.hear-her.com\/hu\/wp-json\/wp\/v2\/types\/page"}],"author":[{"embeddable":true,"href":"https:\/\/www.hear-her.com\/hu\/wp-json\/wp\/v2\/users\/1"}],"replies":[{"embeddable":true,"href":"https:\/\/www.hear-her.com\/hu\/wp-json\/wp\/v2\/comments?post=2075"}],"version-history":[{"count":3,"href":"https:\/\/www.hear-her.com\/hu\/wp-json\/wp\/v2\/pages\/2075\/revisions"}],"predecessor-version":[{"id":3731,"href":"https:\/\/www.hear-her.com\/hu\/wp-json\/wp\/v2\/pages\/2075\/revisions\/3731"}],"wp:attachment":[{"href":"https:\/\/www.hear-her.com\/hu\/wp-json\/wp\/v2\/media?parent=2075"}],"curies":[{"name":"wp","href":"https:\/\/api.w.org\/{rel}","templated":true}]}}