{"id":2077,"date":"2018-07-24T23:10:58","date_gmt":"2018-07-24T21:10:58","guid":{"rendered":"https:\/\/www.hear-her.com\/?page_id=2077"},"modified":"2018-11-12T16:35:10","modified_gmt":"2018-11-12T15:35:10","slug":"gyik","status":"publish","type":"page","link":"https:\/\/www.hear-her.com\/hu\/gyik\/","title":{"rendered":"GYIK"},"content":{"rendered":"<p class=\"p1\">Itt a gyakran ism\u00e9telt k\u00e9rd\u00e9sekre kapsz v\u00e1laszt. Amennyiben a te k\u00e9rd\u00e9sedet itt nem v\u00e1laszoltuk meg, sz\u00edvesen \u00e1llunk rendelkez\u00e9sedre m\u00e1s csatorn\u00e1n. A <a href=\"\/kontakt\/\">kapcsolattart\u00f3<\/a> \u0171rlapon kereszt\u00fcl vagy <a href=\"mailto:support@hear-her.com\">e-mailben<\/a> is el\u00e9rsz benn\u00fcnket.<\/p>\n<h1><span style=\"color: #ffffff;\">k\u00e9rd\u00e9sek a megrendel\u00e9ssel kapcsolatban<\/span><\/h1>\n<h6 class=\"p1\">Mikor k\u00fcldik a rendel\u00e9semet?<\/h6>\n<p>Rendel\u00e9sedet munkanapokon 24 \u00f3r\u00e1n bel\u00fcl k\u00fcldj\u00fck.<\/p>\n<h6 class=\"p1\">Milyen szolg\u00e1ltat\u00f3val k\u00e9zbes\u00edtik a rendel\u00e9semet?<\/h6>\n<p>DHL-lel k\u00e9zbes\u00edtj\u00fck a rendel\u00e9sedet.<\/p>\n<h6 class=\"p1\">T\u00f6r\u00f6lhetem a rendel\u00e9semet?<\/h6>\n<p>Igen, egy\u00e1ltal\u00e1n nem probl\u00e9ma, ha a rendel\u00e9sedet t\u00f6r\u00f6lni szeretn\u00e9d. Ha a term\u00e9k m\u00e1r \u00faton van, ingyenesen visszak\u00fcldhet\u0151.<\/p>\n<h6 class=\"p1\">Visszaadhatom a rendel\u00e9semet?<\/h6>\n<p>Igen, rem\u00e9lj\u00fck tetszenek neked a h\u00ebr fejhallgat\u00f3k \u2013 amennyiben ez valami\u00e9rt m\u00e9gsem \u00edgy lenne, ingyenesen (az EU-n bel\u00fcl) \u00e9s indokl\u00e1s n\u00e9lk\u00fcl visszak\u00fcldheted azt az el\u00e1ll\u00e1si id\u0151szakon bel\u00fcl.<br \/>\n<a href=\"https:\/\/www.hear-her.com\/widerrufsbelehrung\/\">Tov\u00e1bbi inform\u00e1ci\u00f3k az el\u00e1ll\u00e1si jogr\u00f3l \u00e9s az el\u00e1ll\u00e1si id\u0151szakr\u00f3l<\/a><\/p>\n<h6 class=\"p1\">Milyen orsz\u00e1gokba sz\u00e1ll\u00edtj\u00e1k a term\u00e9keket?<\/h6>\n<p>Az eg\u00e9sz vil\u00e1gon sz\u00e1ll\u00edtunk fejhallgat\u00f3kat.<\/p>\n<h6>Milyen magas a sz\u00e1ll\u00edt\u00e1s k\u00f6lts\u00e9ge?<\/h6>\n<p>Free shipping worldwide \u2013 a sz\u00e1ll\u00edt\u00e1s sz\u00e1modra ingyenes. <a href=\"https:\/\/www.hear-her.com\/versand\/\">Tov\u00e1bbi inform\u00e1ci\u00f3k a sz\u00e1ll\u00edt\u00e1sr\u00f3l<\/a><\/p>\n<h6 class=\"p1\">Hogyan m\u0171k\u00f6dik a fizet\u00e9s az Amazon Payen kereszt\u00fcl?<\/h6>\n<p>Biztons\u00e1gosan \u00e9s egyszer\u0171en fizetsz az Amazon Accountoddal \u2013 ez gyorsan megy \u00e9s nem kell k\u00fcl\u00f6n bejelentkezned az oldalunkon.<\/p>\n<h6 class=\"p1\">Hogyan m\u0171k\u00f6dik a bankk\u00e1rty\u00e1s fizet\u00e9s?<\/h6>\n<p>Biztons\u00e1gosan \u00e9s egyszer\u0171en fizetsz a bankk\u00e1rty\u00e1ddal. A fizet\u00e9s a PayPal PLUS oldalon kereszt\u00fcl t\u00f6rt\u00e9nik. Ehhez nem sz\u00fcks\u00e9ges PayPal sz\u00e1mla.<\/p>\n<h1 class=\"p1\"><span style=\"color: #ffffff;\">k\u00e9rd\u00e9sek a fejhallgat\u00f3val kapcsolatban<\/span><\/h1>\n<h6 class=\"p1\">Milyen anyagb\u00f3l k\u00e9sz\u00fclt a fejhallgat\u00f3?<\/h6>\n<p>B\u0151r, f\u00e9m \u00e9s m\u0171anyag. A fejhallgat\u00f3 CE tan\u00fas\u00edtv\u00e1nnyal rendelkezik, \u00e9s megfelel a legmagasabb min\u0151s\u00e9gi el\u0151\u00edr\u00e1soknak.<\/p>\n<h1 class=\"p1\"><span style=\"color: #ffffff;\">k\u00e9rd\u00e9sek a v\u00e1llalattal kapcsolatban<\/span><\/h1>\n<h6 class=\"p1\">Van egy blogom, sz\u00edvesen \u00edrn\u00e9k r\u00f3latok.<\/h6>\n<p>Nagyon \u00f6r\u00fcl\u00fcnk, ha tetszik a fejhallgat\u00f3nk, \u00e9s err\u0151l \u00edrni szeretn\u00e9l. Tov\u00e1bbi inform\u00e1ci\u00f3kat a m\u00e1rk\u00e1val kapcsolatban a \u201er\u00f3lunk\u201d c\u00edmsz\u00f3 alatt tal\u00e1lsz, vagy jelentkezz n\u00e1lunk k\u00f6zvetlen\u00fcl <a href=\"mailto:info@hear-her.com\">e-mailben<\/a>.<\/p>\n<h6 class=\"p1\">Van egy Instagram csatorn\u00e1m, sz\u00edvesen besz\u00e9ln\u00e9k r\u00f3latok.<\/h6>\n<p>Nagyon \u00f6r\u00fcl\u00fcnk, ha tetszik a fejhallgat\u00f3nk \u00e9s err\u0151l besz\u00e9lni szeretn\u00e9l. Tov\u00e1bbi inform\u00e1ci\u00f3kat a m\u00e1rk\u00e1val kapcsolatban a \u201er\u00f3lunk\u201d c\u00edmsz\u00f3 alatt tal\u00e1lsz, vagy jelentkezz n\u00e1lunk k\u00f6zvetlen\u00fcl <a href=\"mailto:info@hear-her.com\">e-mailben<\/a>.<\/p>\n<h6 class=\"p1\">Van olyan \u00fczlet, ahol kipr\u00f3b\u00e1lhatom a fejhallgat\u00f3kat?<\/h6>\n<p>Igen, a fejhallgat\u00f3k j\u00f3l ismert boltokban kaphat\u00f3k eg\u00e9sz Eur\u00f3p\u00e1ban. Ha szeretn\u00e9, tesztelje a fejhallgat\u00f3t megrendel\u00e9s\u00e9vel az online boltban. Nyugodtan kipr\u00f3b\u00e1lhatod az otthonod k\u00e9nyelm\u00e9ben a h\u00ebr fejhallgat\u00f3dat \u00e9s, amennyiben k\u00e9ts\u00e9geid t\u00e1madnak, visszak\u00fcldheted azt ingyen (az EU-n bel\u00fcl).<\/p>\n","protected":false},"excerpt":{"rendered":"<p>Itt a gyakran ism\u00e9telt k\u00e9rd\u00e9sekre kapsz v\u00e1laszt. Amennyiben a te k\u00e9rd\u00e9sedet itt nem v\u00e1laszoltuk meg, sz\u00edvesen \u00e1llunk rendelkez\u00e9sedre m\u00e1s csatorn\u00e1n. A kapcsolattart\u00f3 \u0171rlapon&hellip;<\/p>\n","protected":false},"author":1,"featured_media":2813,"parent":0,"menu_order":0,"comment_status":"closed","ping_status":"closed","template":"page-templates\/her-pages.php","meta":{"footnotes":""},"class_list":["post-2077","page","type-page","status-publish","has-post-thumbnail","hentry"],"_links":{"self":[{"href":"https:\/\/www.hear-her.com\/hu\/wp-json\/wp\/v2\/pages\/2077","targetHints":{"allow":["GET"]}}],"collection":[{"href":"https:\/\/www.hear-her.com\/hu\/wp-json\/wp\/v2\/pages"}],"about":[{"href":"https:\/\/www.hear-her.com\/hu\/wp-json\/wp\/v2\/types\/page"}],"author":[{"embeddable":true,"href":"https:\/\/www.hear-her.com\/hu\/wp-json\/wp\/v2\/users\/1"}],"replies":[{"embeddable":true,"href":"https:\/\/www.hear-her.com\/hu\/wp-json\/wp\/v2\/comments?post=2077"}],"version-history":[{"count":3,"href":"https:\/\/www.hear-her.com\/hu\/wp-json\/wp\/v2\/pages\/2077\/revisions"}],"predecessor-version":[{"id":3699,"href":"https:\/\/www.hear-her.com\/hu\/wp-json\/wp\/v2\/pages\/2077\/revisions\/3699"}],"wp:featuredmedia":[{"embeddable":true,"href":"https:\/\/www.hear-her.com\/hu\/wp-json\/wp\/v2\/media\/2813"}],"wp:attachment":[{"href":"https:\/\/www.hear-her.com\/hu\/wp-json\/wp\/v2\/media?parent=2077"}],"curies":[{"name":"wp","href":"https:\/\/api.w.org\/{rel}","templated":true}]}}