{"id":2079,"date":"2018-07-24T23:16:10","date_gmt":"2018-07-24T21:16:10","guid":{"rendered":"https:\/\/www.hear-her.com\/?page_id=2079"},"modified":"2018-08-18T23:50:30","modified_gmt":"2018-08-18T21:50:30","slug":"szallitas","status":"publish","type":"page","link":"https:\/\/www.hear-her.com\/hu\/szallitas\/","title":{"rendered":"sz\u00e1ll\u00edt\u00e1s"},"content":{"rendered":"<h2 class=\"p1\">Sz\u00e1ll\u00edt\u00e1si k\u00f6lts\u00e9gek rendel\u00e9s<\/h2>\n<p class=\"p1\"><em>Free Shipping Worldwide<\/em><\/p>\n<p class=\"p1\">Mi v\u00e1llaljuk a sz\u00e1ll\u00edt\u00e1s k\u00f6lts\u00e9geit helyetted \u2013 ak\u00e1rhol is laksz.<\/p>\n<h2 class=\"p1\">Sz\u00e1ll\u00edt\u00e1si k\u00f6lts\u00e9gek el\u00e1ll\u00e1si jog \u00e9s j\u00f3t\u00e1ll\u00e1s<\/h2>\n<table style=\"font-weight: 400;\" width=\"321\">\n<tbody>\n<tr>\n<td width=\"80\"><\/td>\n<td width=\"80\">id\u0151szak<\/td>\n<td width=\"80\">EU<\/td>\n<td width=\"80\">nem EU<\/td>\n<\/tr>\n<tr>\n<td width=\"80\">El\u00e1ll\u00e1si jog<\/td>\n<td width=\"80\">14 nap<\/td>\n<td width=\"80\">\u00a0\u00a0\u00a0\u00a0\u00a0\u00a0\u00a0\u00a0\u00a0\u00a0\u00a0\u00a0\u00a0\u00a0\u00a0\u00a0 &#8211;\u00a0\u00a0 \u20ac<\/td>\n<td width=\"80\">\u00a0\u00a0\u00a0\u00a0\u00a0\u00a0\u00a0\u00a0\u00a0\u00a039,00 \u20ac<\/td>\n<\/tr>\n<tr>\n<td width=\"80\">J\u00f3t\u00e1ll\u00e1s<\/td>\n<td width=\"80\">1 \u00e9v<\/td>\n<td width=\"80\">\u00a0\u00a0\u00a0\u00a0\u00a0\u00a0\u00a0\u00a0\u00a0\u00a0\u00a0\u00a0\u00a0\u00a0\u00a0\u00a0 &#8211;\u00a0\u00a0 \u20ac<\/td>\n<td width=\"80\">\u00a0\u00a0\u00a0\u00a0\u00a0\u00a0\u00a0\u00a0\u00a0\u00a0\u00a0\u00a0\u00a0\u00a0\u00a0\u00a0\u00a0&#8211;\u00a0\u00a0 \u20ac<\/td>\n<\/tr>\n<\/tbody>\n<\/table>\n<h2 class=\"p1\">Sz\u00e1ll\u00edt\u00e1s m\u00f3dja<\/h2>\n<p>Rendel\u00e9sedet a DHL k\u00e9zbes\u00edti.<\/p>\n<h2 class=\"p1\">Sz\u00e1ll\u00edt\u00e1s ideje<\/h2>\n<p>Rendel\u00e9sedet munkanapokon 24 \u00f3r\u00e1n bel\u00fcl k\u00fcldj\u00fck. A k\u00e9zbes\u00edt\u00e9s \u00e1tlagos idej\u00e9t az al\u00e1bbi t\u00e1bl\u00e1zatban tal\u00e1lod. A t\u00e1bl\u00e1zatban nem felt\u00fcntetett orsz\u00e1gokkal kapcsolatban a <a href=\"https:\/\/www.dhl.de\/de\/geschaeftskunden\/paket\/ab-200-pakete\/internationaler-versand\/paket-international.html\">DHL International<\/a> honlapj\u00e1n, vagy t\u0151l\u00fcnk kaphatsz inform\u00e1ci\u00f3kat.<\/p>\n<table style=\"font-weight: 400;\" width=\"321\">\n<tbody>\n<tr>\n<td width=\"80\">\u00a0<strong>orsz\u00e1gok<\/strong><\/td>\n<td width=\"80\"><strong>id\u0151szak (munkanap)<\/strong><\/td>\n<\/tr>\n<tr>\n<td width=\"80\">Magyarorsz\u00e1g<\/td>\n<td width=\"80\">3\u20134<\/td>\n<\/tr>\n<tr>\n<td width=\"80\">N\u00e9metorsz\u00e1g<\/td>\n<td width=\"80\">1\u20133<\/td>\n<\/tr>\n<tr>\n<td width=\"80\">Ausztr\u00e1lia<\/td>\n<td width=\"80\">12<\/td>\n<\/tr>\n<tr>\n<td width=\"80\">Franciaorsz\u00e1g<\/td>\n<td width=\"80\">4<\/td>\n<\/tr>\n<tr>\n<td width=\"80\">Nagy-Britannia<\/td>\n<td width=\"80\">3\u20134<\/td>\n<\/tr>\n<tr>\n<td width=\"80\">\u00cdrorsz\u00e1g<\/td>\n<td width=\"80\">4\u20135<\/td>\n<\/tr>\n<tr>\n<td width=\"80\">Olaszorsz\u00e1g<\/td>\n<td width=\"80\">4<\/td>\n<\/tr>\n<tr>\n<td width=\"80\">Kanada<\/td>\n<td width=\"80\">11<\/td>\n<\/tr>\n<tr>\n<td width=\"80\">Hollandia<\/td>\n<td width=\"80\">2\u20133<\/td>\n<\/tr>\n<tr>\n<td width=\"80\">Norv\u00e9gia<\/td>\n<td width=\"80\">8\u20139<\/td>\n<\/tr>\n<tr>\n<td width=\"80\">Ausztria<\/td>\n<td width=\"80\">1\u20133<\/td>\n<\/tr>\n<tr>\n<td width=\"80\">Lengyelorsz\u00e1g<\/td>\n<td width=\"80\">3\u20134<\/td>\n<\/tr>\n<tr>\n<td width=\"80\">Portug\u00e1lia<\/td>\n<td width=\"80\">5\u20136<\/td>\n<\/tr>\n<tr>\n<td width=\"80\">Sv\u00e9dorsz\u00e1g<\/td>\n<td width=\"80\">4<\/td>\n<\/tr>\n<tr>\n<td width=\"80\">Sv\u00e1jc<\/td>\n<td width=\"80\">5<\/td>\n<\/tr>\n<tr>\n<td width=\"80\">Spanyolorsz\u00e1g<\/td>\n<td width=\"80\">5\u20136<\/td>\n<\/tr>\n<tr>\n<td width=\"80\">T\u00f6r\u00f6korsz\u00e1g<\/td>\n<td width=\"80\">11\u201316<\/td>\n<\/tr>\n<tr>\n<td width=\"80\">Amerikai Egyes\u00fclt \u00c1llamok<\/td>\n<td width=\"80\">11\u201313<\/td>\n<\/tr>\n<\/tbody>\n<\/table>\n<p>A k\u00e9zbes\u00edt\u00e9s nyomon k\u00f6vet\u00e9se minden c\u00e9lorsz\u00e1g tekintet\u00e9ben a <a href=\"http:\/\/www.dhl.de\">www.dhl.de<\/a> oldalon lehets\u00e9ges.<\/p>\n<h2 class=\"p1\">V\u00e1m<\/h2>\n<p>Sonic Sales nem v\u00e1llalja a v\u00e1mk\u00f6lts\u00e9geket, vagy egy\u00e9b felmer\u00fcl\u0151 k\u00f6lts\u00e9geket.<br \/>\n<strong>Nem EU-s orsz\u00e1gok<\/strong><br \/>\nAmennyiben nem EU-s orsz\u00e1gb\u00f3l rendelsz, lehets\u00e9ges, hogy tov\u00e1bbi k\u00f6lts\u00e9gek mer\u00fclnek fel, \u00fagy, mint v\u00e1mk\u00f6lts\u00e9gek, ad\u00f3k stb.<br \/>\nA term\u00e9keinket az Incoterm DDU (\u201eduties and taxes unpaid\u201d) szerint sz\u00e1ll\u00edtjuk, azaz a sz\u00e1ll\u00edt\u00e1s c\u00e9lhely\u00e9re juttatjuk a rendel\u00e9st, azonban nem v\u00e1llalunk felel\u0151ss\u00e9get a tov\u00e1bbi helyi ad\u00f3k vagy v\u00e1mk\u00f6lts\u00e9gek kifizet\u00e9s\u00e9\u00e9rt.<\/p>\n<p>A szem\u00e9ly, akinek a nev\u00e9re a csomag \u00e9rkezik, felel\u0151s a term\u00e9k sz\u00e1ll\u00edt\u00e1sakor felmer\u00fcl\u0151 tov\u00e1bbi k\u00f6lts\u00e9gek kifizet\u00e9s\u00e9\u00e9rt (m\u00e9g a rendel\u00e9s elutas\u00edt\u00e1sakor is).<br \/>\nUgyancsak lehets\u00e9ges, hogy a rendel\u00e9s k\u00e9zbes\u00edt\u00e9se v\u00e1mvizsg\u00e1lati okokb\u00f3l k\u00e9sik.<\/p>\n","protected":false},"excerpt":{"rendered":"<p>Sz\u00e1ll\u00edt\u00e1si k\u00f6lts\u00e9gek rendel\u00e9s Free Shipping Worldwide Mi v\u00e1llaljuk a sz\u00e1ll\u00edt\u00e1s k\u00f6lts\u00e9geit helyetted \u2013 ak\u00e1rhol is laksz. Sz\u00e1ll\u00edt\u00e1si k\u00f6lts\u00e9gek el\u00e1ll\u00e1si jog \u00e9s j\u00f3t\u00e1ll\u00e1s id\u0151szak&hellip;<\/p>\n","protected":false},"author":1,"featured_media":0,"parent":0,"menu_order":0,"comment_status":"closed","ping_status":"closed","template":"page-templates\/her-pages.php","meta":{"footnotes":""},"class_list":["post-2079","page","type-page","status-publish","hentry"],"_links":{"self":[{"href":"https:\/\/www.hear-her.com\/hu\/wp-json\/wp\/v2\/pages\/2079","targetHints":{"allow":["GET"]}}],"collection":[{"href":"https:\/\/www.hear-her.com\/hu\/wp-json\/wp\/v2\/pages"}],"about":[{"href":"https:\/\/www.hear-her.com\/hu\/wp-json\/wp\/v2\/types\/page"}],"author":[{"embeddable":true,"href":"https:\/\/www.hear-her.com\/hu\/wp-json\/wp\/v2\/users\/1"}],"replies":[{"embeddable":true,"href":"https:\/\/www.hear-her.com\/hu\/wp-json\/wp\/v2\/comments?post=2079"}],"version-history":[{"count":3,"href":"https:\/\/www.hear-her.com\/hu\/wp-json\/wp\/v2\/pages\/2079\/revisions"}],"predecessor-version":[{"id":2913,"href":"https:\/\/www.hear-her.com\/hu\/wp-json\/wp\/v2\/pages\/2079\/revisions\/2913"}],"wp:attachment":[{"href":"https:\/\/www.hear-her.com\/hu\/wp-json\/wp\/v2\/media?parent=2079"}],"curies":[{"name":"wp","href":"https:\/\/api.w.org\/{rel}","templated":true}]}}