{"id":3372,"date":"2018-09-28T15:30:39","date_gmt":"2018-09-28T13:30:39","guid":{"rendered":"https:\/\/www.hear-her.com\/?page_id=3372"},"modified":"2021-03-01T20:19:05","modified_gmt":"2021-03-01T19:19:05","slug":"un-women","status":"publish","type":"page","link":"https:\/\/www.hear-her.com\/hu\/un-women\/","title":{"rendered":"A h\u00ebr fejhallgat\u00f3val seg\u00edteni"},"content":{"rendered":"<h3>A h\u00ebr fejhallgat\u00f3val seg\u00edteni<\/h3>\n<p>A h\u00ebr fejhallgat\u00f3 minden n\u0151 sz\u00e1m\u00e1ra egy igazi statement, hiszen a h\u00ebr fejhallgat\u00f3kban egyes\u00fcl a technol\u00f3gia \u00e9s a design! L\u00e9gy tudatos \u00e9s hat\u00e1rozott az \u00e9letben!<\/p>\n<p>Mi akt\u00edvan ki\u00e1llunk a nemek k\u00f6z\u00f6tti egyenl\u0151s\u00e9g\u00e9rt \u00e9s a n\u0151k szerep\u00e9nek er\u0151s\u00edt\u00e9s\u00e9\u00e9rt, tov\u00e1bb\u00e1 ezekkel a t\u00e9m\u00e1kkal rendszerint foglalkozunk a hashtag <strong>#hearher<\/strong> c\u00edmsz\u00f3 alatt, hogy a n\u0151k az eg\u00e9sz vil\u00e1gon jobban hallhass\u00e1k hangjukat.<\/p>\n<p>Emiatt elk\u00f6telezz\u00fck magunkat arra is, hogy nyeres\u00e9g\u00fcnk legal\u00e1bb 5% -\u00e1nak fix r\u00e9sz\u00e9t egy n\u0151knek sz\u00f3l\u00f3 j\u00f3t\u00e9konys\u00e1gi projektnek aj\u00e1nljuk fel.<\/p>\n","protected":false},"excerpt":{"rendered":"<p>A h\u00ebr fejhallgat\u00f3val seg\u00edteni A h\u00ebr fejhallgat\u00f3 minden n\u0151 sz\u00e1m\u00e1ra egy igazi statement, hiszen a h\u00ebr fejhallgat\u00f3kban egyes\u00fcl a technol\u00f3gia \u00e9s a design!&hellip;<\/p>\n","protected":false},"author":1,"featured_media":8710,"parent":0,"menu_order":0,"comment_status":"closed","ping_status":"closed","template":"page-templates\/her-pages.php","meta":{"footnotes":""},"class_list":["post-3372","page","type-page","status-publish","has-post-thumbnail","hentry"],"_links":{"self":[{"href":"https:\/\/www.hear-her.com\/hu\/wp-json\/wp\/v2\/pages\/3372","targetHints":{"allow":["GET"]}}],"collection":[{"href":"https:\/\/www.hear-her.com\/hu\/wp-json\/wp\/v2\/pages"}],"about":[{"href":"https:\/\/www.hear-her.com\/hu\/wp-json\/wp\/v2\/types\/page"}],"author":[{"embeddable":true,"href":"https:\/\/www.hear-her.com\/hu\/wp-json\/wp\/v2\/users\/1"}],"replies":[{"embeddable":true,"href":"https:\/\/www.hear-her.com\/hu\/wp-json\/wp\/v2\/comments?post=3372"}],"version-history":[{"count":2,"href":"https:\/\/www.hear-her.com\/hu\/wp-json\/wp\/v2\/pages\/3372\/revisions"}],"predecessor-version":[{"id":9169,"href":"https:\/\/www.hear-her.com\/hu\/wp-json\/wp\/v2\/pages\/3372\/revisions\/9169"}],"wp:featuredmedia":[{"embeddable":true,"href":"https:\/\/www.hear-her.com\/hu\/wp-json\/wp\/v2\/media\/8710"}],"wp:attachment":[{"href":"https:\/\/www.hear-her.com\/hu\/wp-json\/wp\/v2\/media?parent=3372"}],"curies":[{"name":"wp","href":"https:\/\/api.w.org\/{rel}","templated":true}]}}