{"id":2065,"date":"2018-01-30T22:22:22","date_gmt":"2018-01-30T21:22:22","guid":{"rendered":"https:\/\/www.hear-her.com\/produkt\/her-on-ear-bluetooth-stereo-fejhallgato\/"},"modified":"2026-04-23T21:49:16","modified_gmt":"2026-04-23T19:49:16","slug":"her-on-ear-bluetooth-stereo-fejhallgato","status":"publish","type":"product","link":"https:\/\/www.hear-her.com\/hu\/produkt\/her-on-ear-bluetooth-stereo-fejhallgato\/","title":{"rendered":"h\u00ebr on-ear <br\/>bluetooth stereo fejhallgat\u00f3"},"content":{"rendered":"<h3>h\u00ebr fejhallgat\u00f3<\/h3>\n<p>A design pontosan a te k\u00edv\u00e1ns\u00e1gaid szerint k\u00e9sz\u00fclt, hiszen azokat a term\u00e9keket szereted, amelyek t\u00f6k\u00e9letesen passzolnak az \u00e9letedbe, de nem felt\u00e9tlen\u00fcl k\u00f6vetik a mainstreamet. A fejhallgat\u00f3nk k\u00f6nny\u0171, kecses \u00e9s nagyon k\u00e9nyelmes, sokkal t\u00f6bbet ny\u00fajt, mint egy puszta kieg\u00e9sz\u00edt\u0151, de ami m\u00e9g enn\u00e9l is meggy\u0151z\u0151bb, az a hanghat\u00e1sa. A h\u00ebr fejhallgat\u00f3kat a hangtechnol\u00f3gia ter\u00fclet\u00e9n Eur\u00f3pa egyik nagy m\u00faltra visszatekint\u0151 nagykeresked\u0151je tervezte, \u00edgy ez a magas min\u0151s\u00e9gi ig\u00e9nyeket is kiel\u00e9g\u00edti.<\/p>\n<h3>vezet\u00e9k n\u00e9lk\u00fcli szabads\u00e1g<\/h3>\n<p>A h\u00ebr fejhallgat\u00f3k univerz\u00e1lisan haszn\u00e1lhat\u00f3k. F\u00fcggetlen\u00fcl att\u00f3l, hogy \u00fatk\u00f6zben, sportol\u00e1s k\u00f6zben vagy otthon teszed fel, a Bluetooth-nak k\u00f6sz\u00f6nhet\u0151en teljes mozg\u00e1sszabads\u00e1got biztos\u00edt. Ha lemer\u00fclne az akkumul\u00e1tor, vagy egy nem Bluetooth-kompatibilis eszk\u00f6zt haszn\u00e1lsz, akkor a fejhallgat\u00f3t eg\u00e9sz egyszer\u0171en a csomagban tal\u00e1lhat\u00f3 standard k\u00e1bellel is m\u0171k\u00f6dtetheted.<\/p>\n<h3>egyszer\u0171 be\u00e1ll\u00edt\u00e1s<\/h3>\n<p>A Bluetooth be\u00e1ll\u00edt\u00e1sa pofonegyszer\u0171, a v\u00e9gberendez\u00e9snek ugyanis csup\u00e1n egy Bluetooth interf\u00e9sszel kell rendelkeznie, a fejhallgat\u00f3 minden eszk\u00f6z\u00f6ddel kompatibilis lesz, p\u00e9ld\u00e1ul okostelefonnal, laptoppal, tablettel, MP3 lej\u00e1tsz\u00f3val, PC-vel, iPaddel, iPoddal, iPhone-nal, MacBookkal vagy iMackel.\u00a0<a href=\"https:\/\/www.hear-her.com\/support\/\">Tutorial Pairing<\/a><\/p>\n<h3>minimalista design<\/h3>\n<p>A h\u00ebr fejhallgat\u00f3k eleg\u00e1ns nude \u00e9s b\u00e9zs sz\u00ednben k\u00e9sz\u00fcltek, hogy tudatosan kiemelj\u00e9k st\u00edlusodat. A matt f\u00e9m \u00e9s a puha b\u0151r kiv\u00e1l\u00f3 min\u0151s\u00e9g\u0171 p\u00e1rost alkot, nem besz\u00e9lve a t\u00f6k\u00e9letes tapint\u00e1sr\u00f3l. A fejhez simul\u00f3, flexibilis on-ear f\u00fclp\u00e1rn\u00e1k gondoskodnak a k\u00e9nyelmes tart\u00e1sr\u00f3l, egyben n\u0151ies k\u00fcls\u0151t k\u00f6lcs\u00f6n\u00f6zve a fejhallgat\u00f3nak.<\/p>\n<h3>K\u00e9nyelem<\/h3>\n<p>A h\u00ebr fejhallgat\u00f3k nagyon k\u00f6nny\u0171ek \u00e9s rendk\u00edv\u00fcl k\u00e9nyelmes \u0151ket viselni. S\u00falya mind\u00f6ssze 200 gramm, \u00e9s az extra puha f\u00fcl- \u00e9s fejp\u00e1rna r\u00e9v\u00e9n hossz\u00fa ideig viselve is j\u00f3l simul a f\u00fclekre. A diszkr\u00e9t p\u00e1nt megk\u00f6nny\u00edti a m\u00e9ret be\u00e1ll\u00edt\u00e1s\u00e1t, \u00edgy a fejhallgat\u00f3 minden fejform\u00e1hoz kiv\u00e1l\u00f3an illeszkedik.<\/p>\n<h3>telefon\u00e1l\u00e1s<\/h3>\n<p>Egy be\u00e9p\u00edtett mikrofon gondoskodik arr\u00f3l, hogy gyorsan fogadhass h\u00edv\u00e1sokat a fejhallgat\u00f3n kereszt\u00fcl is. A nyom\u00f3gombok seg\u00edts\u00e9g\u00e9vel fel lehet venni, el lehet utas\u00edtani vagy sz\u00fcneteltetni is lehet a h\u00edv\u00e1sokat az\u00e9rt, hogy ne kelljen sem zenehallgat\u00e1s k\u00f6zben, sem telefon\u00e1l\u00e1skor egyb\u0151l az okostelefonhoz ny\u00falnod.<\/p>\n<h3>az ide\u00e1lis k\u00eds\u00e9r\u0151<\/h3>\n<p>A csomagban tal\u00e1lhat\u00f3 v\u00e1szont\u00e1sk\u00e1nak k\u00f6sz\u00f6nhet\u0151en a h\u00ebr fejhallgat\u00f3k k\u00f6nnyed\u00e9n sz\u00e1ll\u00edthat\u00f3k, \u00e9s ide\u00e1lis k\u00eds\u00e9r\u0151i mindennapjaidnak.<\/p>\n<h3>gyors kisz\u00e1ll\u00edt\u00e1s<\/h3>\n<p>Eur\u00f3pa egyik legnagyobb hangtechnol\u00f3giai keresked\u0151jek\u00e9nt tudjuk, milyen fontos a gyors \u00e9s g\u00f6rd\u00fcl\u00e9keny kisz\u00e1ll\u00edt\u00e1s sz\u00e1modra. Ez\u00e9rt rendel\u00e9sedet azonnal feldolgozzuk, a megrendelt term\u00e9ket pedig 24 \u00f3r\u00e1n bel\u00fcl csomagoljuk \u00e9s a DHL-lel k\u00e9zbes\u00edt\u00e9sre fel is adjuk.<\/p>\n","protected":false},"excerpt":{"rendered":"<p class=\"currency\">(kb.31.914,43 Ft)<\/p>\n<h5><em><span style=\"font-weight: 400;\">k\u00f6nny\u0171, kecses \u00e9s k\u00e9nyelmes<\/span><\/em><\/h5>\n<p><span style=\"font-weight: 400;\">A h\u00ebr fejhallgat\u00f3 idomul hozz\u00e1d. K\u00f6nnyen \u00e9s flexibilisen alkalmazkodik st\u00edlusodhoz, \u00e9s \u00edgy hozz\u00e1j\u00e1rul a magabiztos fell\u00e9p\u00e9shez. Mer\u00fclj el mindig, mindenhol kedvenc zen\u00e9idben, \u00e9s \u00e9lvezd k\u00f6zben a mozg\u00e1s hat\u00e1rtalan szabads\u00e1g\u00e1t! A f\u00fcled is im\u00e1dni fogja, hiszen a hangz\u00e1s tekintet\u00e9ben nem ismer kompromisszumot, \u00e9pp \u00fagy, mint a k\u00e9nyelem szempontj\u00e1b\u00f3l sem. A puha b\u0151r \u00e9s az \u00e1ll\u00edthat\u00f3 p\u00e1nt hozz\u00e1d igazodik, teh\u00e1t maradj mindig olyan, amilyen vagy \u00e9s \u00e9lvezd az \u00e9lm\u00e9nyt!<\/span><\/p>\n","protected":false},"featured_media":2211,"comment_status":"open","ping_status":"closed","template":"","meta":[],"product_brand":[],"product_cat":[97],"product_tag":[],"class_list":{"0":"post-2065","1":"product","2":"type-product","3":"status-publish","4":"has-post-thumbnail","6":"product_cat-kopfhoerer-hu","8":"first","9":"instock","10":"featured","11":"taxable","12":"shipping-taxable","13":"purchasable","14":"product-type-simple"},"_links":{"self":[{"href":"https:\/\/www.hear-her.com\/hu\/wp-json\/wp\/v2\/product\/2065","targetHints":{"allow":["GET"]}}],"collection":[{"href":"https:\/\/www.hear-her.com\/hu\/wp-json\/wp\/v2\/product"}],"about":[{"href":"https:\/\/www.hear-her.com\/hu\/wp-json\/wp\/v2\/types\/product"}],"replies":[{"embeddable":true,"href":"https:\/\/www.hear-her.com\/hu\/wp-json\/wp\/v2\/comments?post=2065"}],"wp:featuredmedia":[{"embeddable":true,"href":"https:\/\/www.hear-her.com\/hu\/wp-json\/wp\/v2\/media\/2211"}],"wp:attachment":[{"href":"https:\/\/www.hear-her.com\/hu\/wp-json\/wp\/v2\/media?parent=2065"}],"wp:term":[{"taxonomy":"product_brand","embeddable":true,"href":"https:\/\/www.hear-her.com\/hu\/wp-json\/wp\/v2\/product_brand?post=2065"},{"taxonomy":"product_cat","embeddable":true,"href":"https:\/\/www.hear-her.com\/hu\/wp-json\/wp\/v2\/product_cat?post=2065"},{"taxonomy":"product_tag","embeddable":true,"href":"https:\/\/www.hear-her.com\/hu\/wp-json\/wp\/v2\/product_tag?post=2065"}],"curies":[{"name":"wp","href":"https:\/\/api.w.org\/{rel}","templated":true}]}}