{"id":7573,"date":"2019-09-30T22:59:36","date_gmt":"2019-09-30T21:41:50","guid":{"rendered":"https:\/\/www.hear-her.com\/?post_type=product&#038;p=7573"},"modified":"2026-04-15T06:32:43","modified_gmt":"2026-04-15T04:32:43","slug":"her-bluetooth-in-ear-fuelhallgato","status":"publish","type":"product","link":"https:\/\/www.hear-her.com\/hu\/produkt\/her-bluetooth-in-ear-fuelhallgato\/","title":{"rendered":"h\u00ebr bluetooth <\/br>in-ear f\u00fclhallgat\u00f3"},"content":{"rendered":"<h3>h\u00ebr in-ear f\u00fclhallgat\u00f3<\/h3>\n<p>A f\u00fclhallgat\u00f3t a hangtechnol\u00f3gia egyik nagy m\u00faltra visszatekint\u0151 eur\u00f3pai gy\u00e1rt\u00f3ja \u00e9s nagykeresked\u0151je tervezte. Ez azt jelenti, hogy k\u00fcl\u00f6n\u00f6s figyelmet ford\u00edtottak a hangz\u00e1s minden egyes r\u00e9szlet\u00e9re, hogy a lehet\u0151 legjobb hang\u00e9lm\u00e9nyben legyen r\u00e9szed, amikor h\u00ebr in-ear f\u00fclhallgat\u00f3dat viseled. A h\u00ebr in-ear f\u00fclhallgat\u00f3 val\u00f3j\u00e1ban sokkal, de sokkal t\u00f6bb egy st\u00edlusos kieg\u00e9sz\u00edt\u0151n\u00e9l &#8211; tedd a f\u00fcledbe, \u00e9s tapasztald meg a kiv\u00e1l\u00f3 min\u0151s\u00e9g\u0171 hangot \u00e9s a megb\u00edzhat\u00f3 csatlakoz\u00e1st.<\/p>\n<h3>Vezet\u00e9k n\u00e9lk\u00fcli szabads\u00e1g<\/h3>\n<p>A cs\u00facstechnol\u00f3gi\u00e1j\u00fa Bluetooth technol\u00f3gi\u00e1nak k\u00f6sz\u00f6nhet\u0151en h\u00ebr in-ear f\u00fclhallgat\u00f3d teljes mozg\u00e1sszabads\u00e1got garant\u00e1l, ak\u00e1r a kezedben, ak\u00e1r a t\u00e1sk\u00e1dban, ak\u00e1r egy karp\u00e1ntban, ak\u00e1r egy fitneszg\u00e9pen tartod az okostelefonodat.<\/p>\n<h3>K\u00f6nny\u0171 be\u00e1ll\u00edt\u00e1s<\/h3>\n<p>Egy egyszer\u0171 \u00e9rint\u00e9ssel Bluetooth-on kereszt\u00fcl be\u00e1ll\u00edthat\u00f3. h\u00ebr in-ear f\u00fclhallgat\u00f3d minden Bluetooth-kompatibilis eszk\u00f6zzel m\u0171k\u00f6dik, pl. MP3-lej\u00e1tsz\u00f3k, PC, iPad, iPod, iPhone, MacBook, iMac stb. Az egyszer\u0171 p\u00e1ros\u00edt\u00e1s ut\u00e1n m\u00e1r kezdheted is a zenehallgat\u00e1st.<\/p>\n<h3>Minimalista diz\u00e1jn<\/h3>\n<p>A h\u00ebr in-ear f\u00fclhallgat\u00f3 eleg\u00e1ns, nude sz\u00ednben k\u00e9sz\u00fclt, \u00edgy visel\u00e9se sor\u00e1n \u00e9szrev\u00e9tlen. A mell\u00e9kelt t\u00f6lt\u0151doboz m\u00e9rete praktikus, k\u00f6nnyen elf\u00e9r b\u00e1rmilyen t\u00e1sk\u00e1ban, \u00e9s csatlakoz\u00f3ja elford\u00edthat\u00f3, ami azt jelenti, hogy h\u00ebr in-ear f\u00fclhallgat\u00f3d mindig t\u00f6k\u00e9letes v\u00e9detts\u00e9get \u00e9lvez hordoz\u00e1s \u00e9s t\u00f6lt\u00e9s k\u00f6zben.<\/p>\n<h3>K\u00e9nyelmes<\/h3>\n<p>A h\u00ebr in-ear f\u00fclhallgat\u00f3t rendk\u00edv\u00fcl k\u00e9nyelmes viselni \u00e9s megb\u00edzhat\u00f3an a hely\u00e9n marad. Teremts megfelel\u0151 zen\u00e9vel j\u00f3 hangulatot a hossz\u00fa edz\u00e9sekhez, vonatutakhoz vagy egyszer\u0171en csak otthon &#8211; nem is fogod \u00e9szrevenni, hogy viseled a h\u00ebr in-ear f\u00fclhallgat\u00f3dat. A mell\u00e9kelt h\u00e1rom k\u00fcl\u00f6nb\u00f6z\u0151 \u00e1tm\u00e9r\u0151j\u0171 (S, M, L) f\u00fclbet\u00e9t k\u00f6z\u00f6tt k\u00f6nnyen megtal\u00e1lod a sz\u00e1modra legk\u00e9nyelmesebb \u00e9s legmegfelel\u0151bb m\u00e9retet.<\/p>\n<h3>Telefon\u00e1l\u00e1s<\/h3>\n<p>Egy be\u00e9p\u00edtett mikrofon gondoskodik arr\u00f3l, hogy gyorsan fogadhass h\u00edv\u00e1sokat a fejhallgat\u00f3n kereszt\u00fcl is. A nyom\u00f3gombok seg\u00edts\u00e9g\u00e9vel fel lehet venni, el lehet utas\u00edtani vagy sz\u00fcneteltetni is lehet a h\u00edv\u00e1sokat az\u00e9rt, hogy ne kelljen sem zenehallgat\u00e1s k\u00f6zben, sem telefon\u00e1l\u00e1skor egyb\u0151l az okostelefonhoz ny\u00falnod.<\/p>\n<h3>Az ide\u00e1lis t\u00e1rs<\/h3>\n<p>A t\u00f6lt\u0151doboz egyszerre ny\u00fajt v\u00e9delmet \u00e9s energiaforr\u00e1st. Amikor \u00faton vagy h\u00ebr in-ear f\u00fclhallgat\u00f3dat ak\u00e1r h\u00e1romszor is felt\u00f6ltheted a v\u00e9d\u0151tokban.<\/p>\n<h3>h\u00ebr on-ear bluetooth stereo fejhallgat\u00f3<\/h3>\n<p style=\"min-height: 250px;\"><a href=\"https:\/\/www.hear-her.com\/produkt\/her-on-ear-bluetooth-stereo-headphone\/\"><img loading=\"lazy\" decoding=\"async\" class=\"size-medium wp-image-2211 alignleft\" src=\"https:\/\/www.hear-her.com\/wp-content\/uploads\/2018\/01\/HF8-Main-300x300.png\" alt=\"\" width=\"300\" height=\"300\" srcset=\"https:\/\/www.hear-her.com\/wp-content\/uploads\/2018\/01\/HF8-Main-300x300.png 300w, https:\/\/www.hear-her.com\/wp-content\/uploads\/2018\/01\/HF8-Main-790x790.png 790w, https:\/\/www.hear-her.com\/wp-content\/uploads\/2018\/01\/HF8-Main-100x100.png 100w, https:\/\/www.hear-her.com\/wp-content\/uploads\/2018\/01\/HF8-Main-150x150.png 150w, https:\/\/www.hear-her.com\/wp-content\/uploads\/2018\/01\/HF8-Main-768x768.png 768w, https:\/\/www.hear-her.com\/wp-content\/uploads\/2018\/01\/HF8-Main-1024x1024.png 1024w, https:\/\/www.hear-her.com\/wp-content\/uploads\/2018\/01\/HF8-Main-690x690.png 690w, https:\/\/www.hear-her.com\/wp-content\/uploads\/2018\/01\/HF8-Main-600x600.png 600w\" sizes=\"auto, (max-width: 300px) 100vw, 300px\" \/><\/a><\/p>\n","protected":false},"excerpt":{"rendered":"<h5><em>Diszkr\u00e9t, k\u00f6nny\u0171, minimalista \u00e9s hordozhat\u00f3 g\u00e9niusz<\/em><\/h5>\n<p>A vezet\u00e9k n\u00e9lk\u00fcli h\u00ebr in-ear f\u00fclhallgat\u00f3 b\u00e1rmilyen alkalomra ide\u00e1lis t\u00e1rs. Utaz\u00e1s alatt, sportol\u00e1s k\u00f6zben vagy otthon leny\u0171g\u00f6z megb\u00edzhat\u00f3an finom, tiszta \u00e9s kiegyens\u00falyozott hangz\u00e1s\u00e1val. Mindegy, milyen hangulatban vagy, mert diszkr\u00e9t nude sz\u00edn\u00e9nek k\u00f6sz\u00f6nhet\u0151en h\u00ebr in-ear f\u00fclhallgat\u00f3d t\u00f6k\u00e9letesen fog illeni a st\u00edlusodhoz. h\u00ebr in-ear f\u00fcllhallgat\u00f3dhoz v\u00e9d\u0151tok is tartozik, amely egyben mobil t\u00f6lt\u0151\u00e1llom\u00e1s.<\/p>\n","protected":false},"featured_media":7274,"comment_status":"open","ping_status":"closed","template":"","meta":[],"product_brand":[],"product_cat":[182],"product_tag":[],"class_list":{"0":"post-7573","1":"product","2":"type-product","3":"status-publish","4":"has-post-thumbnail","6":"product_cat-in-ears-hu","8":"first","9":"instock","10":"taxable","11":"shipping-taxable","12":"purchasable","13":"product-type-simple"},"_links":{"self":[{"href":"https:\/\/www.hear-her.com\/hu\/wp-json\/wp\/v2\/product\/7573","targetHints":{"allow":["GET"]}}],"collection":[{"href":"https:\/\/www.hear-her.com\/hu\/wp-json\/wp\/v2\/product"}],"about":[{"href":"https:\/\/www.hear-her.com\/hu\/wp-json\/wp\/v2\/types\/product"}],"replies":[{"embeddable":true,"href":"https:\/\/www.hear-her.com\/hu\/wp-json\/wp\/v2\/comments?post=7573"}],"wp:featuredmedia":[{"embeddable":true,"href":"https:\/\/www.hear-her.com\/hu\/wp-json\/wp\/v2\/media\/7274"}],"wp:attachment":[{"href":"https:\/\/www.hear-her.com\/hu\/wp-json\/wp\/v2\/media?parent=7573"}],"wp:term":[{"taxonomy":"product_brand","embeddable":true,"href":"https:\/\/www.hear-her.com\/hu\/wp-json\/wp\/v2\/product_brand?post=7573"},{"taxonomy":"product_cat","embeddable":true,"href":"https:\/\/www.hear-her.com\/hu\/wp-json\/wp\/v2\/product_cat?post=7573"},{"taxonomy":"product_tag","embeddable":true,"href":"https:\/\/www.hear-her.com\/hu\/wp-json\/wp\/v2\/product_tag?post=7573"}],"curies":[{"name":"wp","href":"https:\/\/api.w.org\/{rel}","templated":true}]}}