{"id":1207,"date":"2018-04-23T22:46:38","date_gmt":"2018-04-23T20:46:38","guid":{"rendered":"https:\/\/www.hear-her.com\/?page_id=1207"},"modified":"2021-03-01T20:13:30","modified_gmt":"2021-03-01T19:13:30","slug":"about","status":"publish","type":"page","link":"https:\/\/www.hear-her.com\/it\/about\/","title":{"rendered":"Chi Siamo"},"content":{"rendered":"\n\t\t<!-- MasterSlider -->\n\t\t<div id=\"P_MS5e63840a83ef5\" class=\"master-slider-parent fs-slider  ms-parent-id-6\"  >\n\n\t\t\t\n\t\t\t<!-- MasterSlider Main -->\n\t\t\t<div id=\"MS5e63840a83ef5\" class=\"master-slider ms-skin-default\" >\n\t\t\t\t \t\t\t\t \n\n\t\t\t<div  class=\"ms-slide fullwidth-layers\" data-delay=\"7.5\" data-fill-mode=\"fill\"   >\n\t\t\t\t\t<img decoding=\"async\" src=\"https:\/\/www.hear-her.com\/wp-content\/plugins\/masterslider\/public\/assets\/css\/blank.gif\" alt=\"\" title=\"\" data-src=\"https:\/\/www.hear-her.com\/wp-content\/uploads\/2018\/02\/Slide-background-1.jpg\" \/>\n\n\t\t\t\t\t<img decoding=\"async\"  class=\"ms-layer  msp-cn-121-4\" src=\"https:\/\/www.hear-her.com\/wp-content\/plugins\/masterslider\/public\/assets\/css\/blank.gif\" data-src=\"https:\/\/www.hear-her.com\/wp-content\/uploads\/2018\/02\/Slidertest-distel2-1.png\" alt=\"\" style=\"width:290px;\"  data-effect=\"t(true,n,-250,n,-50,n,n,n,n,n,n,n,n,n,n)\" data-duration=\"4000\" data-delay=\"600\" data-ease=\"easeOutQuart\"       data-parallax=\"2\" data-type=\"image\"          data-offset-x=\"508\" data-offset-y=\"-267\" data-origin=\"mc\" data-position=\"normal\" \/>\n\n\t\t\t\t\t<img decoding=\"async\"  class=\"ms-layer  msp-cn-121-5\" src=\"https:\/\/www.hear-her.com\/wp-content\/plugins\/masterslider\/public\/assets\/css\/blank.gif\" data-src=\"https:\/\/www.hear-her.com\/wp-content\/uploads\/2018\/02\/Slidertest-distel1-1.png\" alt=\"\" style=\"width:200px;\"  data-effect=\"t(true,-150,n,n,3,n,n,n,n,n,n,n,n,n,n)\" data-duration=\"5000\" data-delay=\"200\" data-ease=\"easeOutQuart\"       data-parallax=\"1\" data-type=\"image\"          data-offset-x=\"0\" data-offset-y=\"0\" data-origin=\"bl\" data-position=\"normal\" \/>\n\n\t\t\t\t\t<img decoding=\"async\"  class=\"ms-layer  msp-cn-121-2\" src=\"https:\/\/www.hear-her.com\/wp-content\/plugins\/masterslider\/public\/assets\/css\/blank.gif\" data-src=\"https:\/\/www.hear-her.com\/wp-content\/uploads\/2018\/02\/Slider-tastatur.png\" alt=\"\" style=\"\"  data-effect=\"t(true,n,-150,n,n,n,n,n,n,n,n,n,n,n,n)\" data-duration=\"5000\" data-delay=\"1800\" data-ease=\"easeOutQuart\"       data-parallax=\"1\" data-type=\"image\"          data-offset-x=\"181\" data-offset-y=\"404\" data-origin=\"bl\" data-position=\"normal\" \/>\n\n\t\t\t\t\t<img decoding=\"async\"  class=\"ms-layer  msp-cn-6-24\" src=\"https:\/\/www.hear-her.com\/wp-content\/plugins\/masterslider\/public\/assets\/css\/blank.gif\" data-src=\"https:\/\/www.hear-her.com\/wp-content\/uploads\/2018\/02\/Slidertest-herheadphone.png\" alt=\"\" style=\"\"  data-effect=\"t(true,-30,10,n,n,n,n,n,n,n,n,n,n,n,n)\" data-duration=\"5000\" data-delay=\"1800\" data-ease=\"easeOutQuart\"       data-parallax=\"1\" data-type=\"image\"          data-offset-x=\"200\" data-offset-y=\"-43\" data-origin=\"bl\" data-position=\"normal\" \/>\n\n\t\t\t\t\t<div  class=\"ms-layer  msp-cn-6-25\" style=\"\"   data-effect=\"t(true,n,n,1500,250,n,n,n,n,n,n,n,n,n,n)\"   data-ease=\"easeOutQuint\"                data-offset-x=\"0\" data-offset-y=\"0\" data-origin=\"mc\" data-position=\"normal\"  >\n#hearher<\/div>\n\n\n\t\t\t\t<\/div>\n\n\t\t\t<\/div>\n\t\t\t<!-- END MasterSlider Main -->\n\n\t\t\t \n\t\t<\/div>\n\t\t<!-- END MasterSlider -->\n\n\t\t<script>\n\t\t( window.MSReady = window.MSReady || [] ).push( function( $ ) {\n\n\t\t\t\"use strict\";\n\t\t\tvar masterslider_3ef5 = new MasterSlider();\n\n\t\t\t\/\/ slider controls\n\t\t\t\/\/ slider setup\n\t\t\tmasterslider_3ef5.setup(\"MS5e63840a83ef5\", {\n\t\t\t\twidth           : 1280,\n\t\t\t\theight          : 768,\n\t\t\t\tminHeight       : 0,\n\t\t\t\tspace           : 0,\n\t\t\t\tstart           : 1,\n\t\t\t\tgrabCursor      : true,\n\t\t\t\tswipe           : true,\n\t\t\t\tmouse           : true,\n\t\t\t\tkeyboard        : true,\n\t\t\t\tlayout          : \"fullwidth\",\n\t\t\t\twheel           : false,\n\t\t\t\tautoplay        : false,\n                instantStartLayers:false,\n\t\t\t\tmobileBGVideo:false,\n\t\t\t\tloop            : false,\n\t\t\t\tshuffle         : false,\n\t\t\t\tpreload         : 0,\n\t\t\t\theightLimit     : true,\n\t\t\t\tautoHeight      : false,\n\t\t\t\tsmoothHeight    : true,\n\t\t\t\tendPause        : false,\n\t\t\t\toverPause       : false,\n\t\t\t\tfillMode        : \"fill\",\n\t\t\t\tcenterControls  : false,\n\t\t\t\tstartOnAppear   : false,\n\t\t\t\tlayersMode      : \"center\",\n\t\t\t\tautofillTarget  : \"\",\n\t\t\t\thideLayers      : false,\n\t\t\t\tfullscreenMargin: 0,\n\t\t\t\tspeed           : 20,\n\t\t\t\tdir             : \"h\",\n\t\t\t\tparallaxMode    : 'mouse',\n\t\t\t\tview            : \"basic\"\n\t\t\t});\n\n\t\t\t\t\t\tMSScrollParallax.setup( masterslider_3ef5, 30, 50, false );\n\t\t\t$(\"head\").append( \"<link rel='stylesheet' id='ms-fonts'  href='\/\/fonts.googleapis.com\/css?family=Poiret+One:regular' type='text\/css' media='all' \/>\" );\n\n\t\t\twindow.masterslider_instances = window.masterslider_instances || [];\n\t\t\twindow.masterslider_instances.push( masterslider_3ef5 );\n\t\t});\n\t\t<\/script>\n\n\n<h3>Chi siamo?<\/h3>\n<p>Siamo una delle pi\u00f9 grandi aziende all&#8217;ingrosso in Europa per ci\u00f2 che riguarda l\u2019audio. A livello europeo, fra i nostri clienti annoveriamo i rivenditori specializzati nel settore della musica come Musikhaus Thomann e Musicstore, oltre ai rivenditori di elettronica (tra cui Amazon Europe, Media Markt, Conrad), le emittenti statali, scuole e universit\u00e0 in tutto il mondo.<\/p>\n<p><img loading=\"lazy\" decoding=\"async\" class=\"aligncenter size-full wp-image-1560\" src=\"https:\/\/www.hear-her.com\/wp-content\/uploads\/2018\/05\/her-headphones-about-gruppenbild.jpg\" alt=\"\" width=\"1000\" height=\"638\" \/><br \/>\nMolti microfoni, altoparlanti o cuffie passano attraverso le nostre mani prima di venirti inviati dal dettagliante finale. Nel campo delle cuffie vendiamo modelli di produttori famosi, ma produciamo anche personalmente articoli per i nostri clienti.<\/p>\n<h3>Perch\u00e9 scegliere le cuffie h\u00ebr?<\/h3>\n<p style=\"margin-top: 20px; font-size: 80%; color: white; line-height: 1.3; font-family: 'Lucida Console' !important;\"><strong style=\"font-family: 'Poiret One' !important; color: white; font-size: 150% !important;\">h\u00f6r<\/strong> [tedesco; imperativo di &#8220;h\u00f6ren&#8221;, ascoltare; percepire stimoli acustici attraverso l&#8217;udito]<\/p>\n<p>In quanto produttori e distributori sappiamo molto bene come offrirti la migliore qualit\u00e0 del suono. Abbiamo selezionato accuratamente gli altoparlanti, che rispondono ai pi\u00f9 elevati standard tecnologici. Su Kopfhoerer.de, il pi\u00f9 grande portale tedesco per l&#8217;acquisto di cuffie, siamo stati riconosciuti miglior marchio sul mercato per rapporto qualit\u00e0\/prezzo, tanto da guadagnarci il riconoscimento della redazione (<a href=\"https:\/\/www.kopfhoerer.de\/test\/her-hf8\/\">leggi qui l&#8217;articolo<\/a>).<\/p>\n<p style=\"margin-top: 20px; font-size: 80%; color: white; line-height: 1.3; font-family: 'Lucida Console' !important;\"><strong style=\"font-family: 'Poiret One' !important; color: white; font-size: 150% !important;\">her<\/strong> [inglese; suo\/sua; pronome possessivo riferito a soggetto femminile]<\/p>\n<p>Le nostre clienti si aspettano pi\u00f9 della perfetta qualit\u00e0 del suono dalle proprie cuffie. Ecco perch\u00e9 le cuffie h\u00ebr si contraddistinguono per il loro stile elegante e per il design accattivante. Oltre ad essere tra i modelli pi\u00f9 leggeri in commercio, il rivestimento ultra-morbido garantisce il massimo comfort una volta indossati. Grazie al microfono HD integrato le cuffie h\u00ebr possono essere usate comodamente anche per telefonare. A rendere le cuffie h\u00ebr perfette in ogni occasione si aggiungono la massima libert\u00e0 di movimento per l&#8217;assenza di fili e una batteria a lunga durata.<\/p>\n<p><img loading=\"lazy\" decoding=\"async\" class=\"aligncenter size-large wp-image-3340\" src=\"https:\/\/www.hear-her.com\/wp-content\/uploads\/2018\/09\/her-gleichung-logo-1024x221.png\" alt=\"\" width=\"900\" height=\"194\" srcset=\"https:\/\/www.hear-her.com\/wp-content\/uploads\/2018\/09\/her-gleichung-logo-1024x221.png 1024w, https:\/\/www.hear-her.com\/wp-content\/uploads\/2018\/09\/her-gleichung-logo-300x65.png 300w, https:\/\/www.hear-her.com\/wp-content\/uploads\/2018\/09\/her-gleichung-logo-768x165.png 768w, https:\/\/www.hear-her.com\/wp-content\/uploads\/2018\/09\/her-gleichung-logo-1500x323.png 1500w, https:\/\/www.hear-her.com\/wp-content\/uploads\/2018\/09\/her-gleichung-logo-790x170.png 790w\" sizes=\"auto, (max-width: 900px) 100vw, 900px\" \/><\/p>\n<h3>Aiuto per le cuffie h\u00ebr<\/h3>\n<p>Le cuffie h\u00ebr sono un must have per ogni donna! Grazie alle cuffie h\u00ebr, vivi la vita con fiducia ed autodeterminazione, senza dover scendere a compromessi, e sposando tecnologia e design.<\/p>\n<p>Siamo attivamente impegnati a favore della parit\u00e0 di genere e dell&#8217;empowerment delle donne e affronteremo attivamente la questione con l&#8217;hashtag <strong>#hearher<\/strong> per far sentire la propria voce in tutto il mondo.<\/p>\n<p>Per questo motivo, ci impegniamo anche a donare una percentuale fissa di almeno il 5% dei nostri profitti a un progetto di beneficenza che sostiene le donne.<\/p>\n","protected":false},"excerpt":{"rendered":"<p>Chi siamo? Siamo una delle pi\u00f9 grandi aziende all&#8217;ingrosso in Europa per ci\u00f2 che riguarda l\u2019audio. A livello europeo, fra i nostri clienti&hellip;<\/p>\n","protected":false},"author":1,"featured_media":0,"parent":0,"menu_order":0,"comment_status":"closed","ping_status":"closed","template":"","meta":{"footnotes":""},"class_list":["post-1207","page","type-page","status-publish","hentry"],"_links":{"self":[{"href":"https:\/\/www.hear-her.com\/it\/wp-json\/wp\/v2\/pages\/1207","targetHints":{"allow":["GET"]}}],"collection":[{"href":"https:\/\/www.hear-her.com\/it\/wp-json\/wp\/v2\/pages"}],"about":[{"href":"https:\/\/www.hear-her.com\/it\/wp-json\/wp\/v2\/types\/page"}],"author":[{"embeddable":true,"href":"https:\/\/www.hear-her.com\/it\/wp-json\/wp\/v2\/users\/1"}],"replies":[{"embeddable":true,"href":"https:\/\/www.hear-her.com\/it\/wp-json\/wp\/v2\/comments?post=1207"}],"version-history":[{"count":9,"href":"https:\/\/www.hear-her.com\/it\/wp-json\/wp\/v2\/pages\/1207\/revisions"}],"predecessor-version":[{"id":9160,"href":"https:\/\/www.hear-her.com\/it\/wp-json\/wp\/v2\/pages\/1207\/revisions\/9160"}],"wp:attachment":[{"href":"https:\/\/www.hear-her.com\/it\/wp-json\/wp\/v2\/media?parent=1207"}],"curies":[{"name":"wp","href":"https:\/\/api.w.org\/{rel}","templated":true}]}}