{"id":1213,"date":"2018-04-23T22:58:00","date_gmt":"2018-04-23T20:58:00","guid":{"rendered":"https:\/\/www.hear-her.com\/?page_id=1213"},"modified":"2018-11-12T16:31:45","modified_gmt":"2018-11-12T15:31:45","slug":"faq","status":"publish","type":"page","link":"https:\/\/www.hear-her.com\/it\/faq\/","title":{"rendered":"FAQ"},"content":{"rendered":"<p class=\"p1\">In questa sezione rispondiamo alle domande pi\u00f9 frequenti. Se la tua domanda non trova risposta, non esitare a contattarci. Puoi scriverci direttamente tramite il <a href=\"\/kontakt\/\">modulo di contatto<\/a> o via <a href=\"mailto:support@hear-her.com\">e-mail<\/a>.<\/p>\n<h1><span style=\"color: #ffffff;\">Domande per l\u2019ordine<\/span><\/h1>\n<h6 class=\"p1\">Quando verr\u00e0 spedito il mio ordine?<\/h6>\n<p>Il tuo ordine verr\u00e0 spedito entro 48 ore lavorative nei giorni feriali.<\/p>\n<h6 class=\"p1\">Con quale corriere verr\u00e0 spedito il mio ordine?<\/h6>\n<p>Il tuo ordine sar\u00e0 spedito tramite DHL.<\/p>\n<h6 class=\"p1\">Posso annullare il mio ordine?<\/h6>\n<p>S\u00ec, non \u00e8 affatto un problema annullare l&#8217;ordine. Se l&#8217;articolo \u00e8 gi\u00e0 stato spedito, pu\u00f2 essere restituito gratuitamente.<\/p>\n<h6 class=\"p1\">Posso restituire quanto ordinato?<\/h6>\n<p>Le cuffie h\u00ebr dovrebbero piacerti, se per\u00f2 non soddisfano le tue aspettative, \u00e8 possibile restituire le cuffie entro 14 giorni dall&#8217;acquisto. Il reso \u00e8 gratuito\u00a0(all&#8217;interno dell&#8217;UE) e non deve essere motivato.\u00a0<a href=\"https:\/\/www.hear-her.com\/versand\/\">Ulteriori informazioni sulla spedizione<\/a><\/p>\n<h6 class=\"p1\">In quali paesi si effettua la consegna?<\/h6>\n<p>Consegniamo le cuffie acustiche in tutto il mondo.<\/p>\n<h6>Quali sono i costi di spedizione?<\/h6>\n<p>Spedizione gratuita in tutto il mondo &#8211; non ci sono costi di spedizione per voi.\u00a0<a href=\"https:\/\/www.hear-her.com\/versand\/\">Ulteriori informazioni sulla spedizione<\/a><\/p>\n<h6 class=\"p1\">Come funziona il pagamento tramite Amazon Pay?<\/h6>\n<p>Paghi in modo sicuro e semplice con il tuo account Amazon &#8211; \u00e8 veloce e non c&#8217;\u00e8 bisogno di registrarsi sul nostro sito.<\/p>\n<h6 class=\"p1\">Come funziona il pagamento con carta di credito?<\/h6>\n<p>Pagate in modo sicuro e semplice con carta di credito. L&#8217;elaborazione dei pagamenti \u00e8 gestita dal fornitore di servizi PayPal PLUS. Non \u00e8 richiesto alcun conto PayPal.<\/p>\n<h1 class=\"p1\"><span style=\"color: #ffffff;\">Domande riguardanti le cuffie<\/span><\/h1>\n<h6 class=\"p1\">Di che materiali sono fatte le cuffie?<\/h6>\n<p>Pelle, metallo, plastica. Le cuffie sono certificate CE e soddisfano i pi\u00f9 elevati standard qualitativi.<\/p>\n<h1 class=\"p1\"><span style=\"color: #ffffff;\">Domande sull&#8217;azienda<\/span><\/h1>\n<h6 class=\"p1\">Ho un blog e vorrei far conoscere il vostro brand.<\/h6>\n<p>Saremmo felici se ti piacessero le cuffie e se voleste recensirle. Per ulteriori informazioni sul marchio, consultate la sezione Informazioni About. Non esitate a contattarci direttamente via <a href=\"mailto:info@hear-her.com\">e-mail<\/a>.<\/p>\n<h6 class=\"p1\">Ho un canale Instagram e voglio far conoscere il vostro brand.<\/h6>\n<p>Saremmo felici se ti piacessero le cuffie e se voleste recensirle. Per ulteriori informazioni sul marchio, consultate la sezione Informazioni About. Non esitate a contattarci direttamente via <a href=\"mailto:info@hear-her.com\">e-mail<\/a>.<\/p>\n<h6 class=\"p1\">C&#8217;\u00e8 un negozio dove posso provare le cuffie?<\/h6>\n<p>S\u00ec, le cuffie sono disponibili in famosi negozi in tutta Europa. Se lo desiderate, potete provare le cuffie ordinandole nel nostro negozio online. Puoi testare le cuffie h\u00ebr tranquillamente a casa tua e nel dubbio puoi rispedirle indietro gratuitamente (all&#8217;interno dell&#8217;UE).<\/p>\n","protected":false},"excerpt":{"rendered":"<p>In questa sezione rispondiamo alle domande pi\u00f9 frequenti. Se la tua domanda non trova risposta, non esitare a contattarci. Puoi scriverci direttamente tramite&hellip;<\/p>\n","protected":false},"author":1,"featured_media":1314,"parent":0,"menu_order":0,"comment_status":"closed","ping_status":"closed","template":"page-templates\/her-pages.php","meta":{"footnotes":""},"class_list":["post-1213","page","type-page","status-publish","has-post-thumbnail","hentry"],"_links":{"self":[{"href":"https:\/\/www.hear-her.com\/it\/wp-json\/wp\/v2\/pages\/1213","targetHints":{"allow":["GET"]}}],"collection":[{"href":"https:\/\/www.hear-her.com\/it\/wp-json\/wp\/v2\/pages"}],"about":[{"href":"https:\/\/www.hear-her.com\/it\/wp-json\/wp\/v2\/types\/page"}],"author":[{"embeddable":true,"href":"https:\/\/www.hear-her.com\/it\/wp-json\/wp\/v2\/users\/1"}],"replies":[{"embeddable":true,"href":"https:\/\/www.hear-her.com\/it\/wp-json\/wp\/v2\/comments?post=1213"}],"version-history":[{"count":5,"href":"https:\/\/www.hear-her.com\/it\/wp-json\/wp\/v2\/pages\/1213\/revisions"}],"predecessor-version":[{"id":3695,"href":"https:\/\/www.hear-her.com\/it\/wp-json\/wp\/v2\/pages\/1213\/revisions\/3695"}],"wp:featuredmedia":[{"embeddable":true,"href":"https:\/\/www.hear-her.com\/it\/wp-json\/wp\/v2\/media\/1314"}],"wp:attachment":[{"href":"https:\/\/www.hear-her.com\/it\/wp-json\/wp\/v2\/media?parent=1213"}],"curies":[{"name":"wp","href":"https:\/\/api.w.org\/{rel}","templated":true}]}}