{"id":3373,"date":"2018-09-28T15:31:01","date_gmt":"2018-09-28T13:31:01","guid":{"rendered":"https:\/\/www.hear-her.com\/?page_id=3373"},"modified":"2021-03-01T20:18:46","modified_gmt":"2021-03-01T19:18:46","slug":"un-women","status":"publish","type":"page","link":"https:\/\/www.hear-her.com\/it\/un-women\/","title":{"rendered":"Aiuto per le cuffie h\u00ebr"},"content":{"rendered":"<h3>Aiuto per le cuffie h\u00ebr<\/h3>\n<p>Le cuffie h\u00ebr sono un must have per ogni donna! Grazie alle cuffie h\u00ebr, vivi la vita con fiducia ed autodeterminazione, senza dover scendere a compromessi, e sposando tecnologia e design.<\/p>\n<p>Siamo attivamente impegnati a favore della parit\u00e0 di genere e dell&#8217;empowerment delle donne e affronteremo attivamente la questione con l&#8217;hashtag <strong>#hearher<\/strong> per far sentire la propria voce in tutto il mondo.<\/p>\n<p>Per questo motivo, ci impegniamo anche a donare una percentuale fissa di almeno il 5% dei nostri profitti a un progetto di beneficenza che sostiene le donne.<\/p>\n","protected":false},"excerpt":{"rendered":"<p>Aiuto per le cuffie h\u00ebr Le cuffie h\u00ebr sono un must have per ogni donna! Grazie alle cuffie h\u00ebr, vivi la vita con&hellip;<\/p>\n","protected":false},"author":1,"featured_media":8711,"parent":0,"menu_order":0,"comment_status":"closed","ping_status":"closed","template":"page-templates\/her-pages.php","meta":{"footnotes":""},"class_list":["post-3373","page","type-page","status-publish","has-post-thumbnail","hentry"],"_links":{"self":[{"href":"https:\/\/www.hear-her.com\/it\/wp-json\/wp\/v2\/pages\/3373","targetHints":{"allow":["GET"]}}],"collection":[{"href":"https:\/\/www.hear-her.com\/it\/wp-json\/wp\/v2\/pages"}],"about":[{"href":"https:\/\/www.hear-her.com\/it\/wp-json\/wp\/v2\/types\/page"}],"author":[{"embeddable":true,"href":"https:\/\/www.hear-her.com\/it\/wp-json\/wp\/v2\/users\/1"}],"replies":[{"embeddable":true,"href":"https:\/\/www.hear-her.com\/it\/wp-json\/wp\/v2\/comments?post=3373"}],"version-history":[{"count":2,"href":"https:\/\/www.hear-her.com\/it\/wp-json\/wp\/v2\/pages\/3373\/revisions"}],"predecessor-version":[{"id":9168,"href":"https:\/\/www.hear-her.com\/it\/wp-json\/wp\/v2\/pages\/3373\/revisions\/9168"}],"wp:featuredmedia":[{"embeddable":true,"href":"https:\/\/www.hear-her.com\/it\/wp-json\/wp\/v2\/media\/8711"}],"wp:attachment":[{"href":"https:\/\/www.hear-her.com\/it\/wp-json\/wp\/v2\/media?parent=3373"}],"curies":[{"name":"wp","href":"https:\/\/api.w.org\/{rel}","templated":true}]}}