{"id":7571,"date":"2019-09-30T22:59:36","date_gmt":"2019-09-30T21:45:48","guid":{"rendered":"https:\/\/www.hear-her.com\/?post_type=product&#038;p=7571"},"modified":"2026-05-10T10:04:20","modified_gmt":"2026-05-10T08:04:20","slug":"her-bluetooth-in-earphones","status":"publish","type":"product","link":"https:\/\/www.hear-her.com\/it\/produkt\/her-bluetooth-in-earphones\/","title":{"rendered":"h\u00ebr bluetooth <\/br>in-earphones"},"content":{"rendered":"<h3>h\u00ebr in-earphones<\/h3>\n<p>Questi auricolari sono stati sviluppati da uno dei pi\u00f9 affermati produttori e venditori all&#8217;ingrosso in Europa nel settore della tecnica del suono. Cos\u00ec nel design dell&#8217;audio \u00e8 stato considerato ogni dettaglio, in modo che i tuoi h\u00ebr in-ears possano offrirti un&#8217;esperienza acustica eccellente. I h\u00ebr in-earphones infatti sono molto pi\u00f9 di un accessorio elegante: ti basta indossarli per sentire un sound cristallino, con un collegamento di alta qualit\u00e0.<\/p>\n<h3>Libert\u00e0 senza cavi<\/h3>\n<p>Grazie alla pi\u00f9 moderna tecnologia Bluetooth i tuoi h\u00ebr in-ears offrono la massima libert\u00e0 di movimento: non importa se il tuo smartphone si trova in mano tua, in tasca, in un supporto sul braccio o sul ripiano di un attrezzo da palestra.<\/p>\n<h3>Impostazione facile<\/h3>\n<p>L&#8217;impostazione Bluetooth si esegue con un tocco. I tuoi h\u00ebr in-ears funzionano con tutti i dispositivi Bluetooth-compatibili come smartphone, laptop, tablet, lettore MP3, PC, iPad, iPod, iPhone, MacBook, iMac ecc.: una volta eseguito il pairing, puoi subito ascoltare.<\/p>\n<h3>Design minimalista<\/h3>\n<p>I h\u00ebr in-ears sono realizzati in un&#8217;elegante tonalit\u00e0 nude e cos\u00ec si adattano alle tue orecchie in modo discreto. Il box di ricarica fornito in dotazione \u00e8 maneggevole, pu\u00f2 stare in qualsiasi borsetta ed \u00e8 dotato di un meccanismo girevole in modo che i tuoi h\u00ebr in-ears siano sempre perfettamente protetti durante il trasporto e la ricarica.<\/p>\n<h3>Comfort da indossare<\/h3>\n<p>I h\u00ebr in-ears offrono il massimo comfort e un sostegno sicuro. Puoi accompagnare con la musica adatta ore di allenamento, un viaggio in treno o una giornata a casa, senza neanche accorgerti che stai indossando i h\u00ebr in-ears. Con le coppie di auricolari forniti in tre diverse taglie (S, M, L) puoi trovare subito la misura pi\u00f9 comoda e adatta per te.<\/p>\n<h3>Telefonare<\/h3>\n<p>Il microfono integrato ti consente di rispondere con facilit\u00e0 alle chiamate in cuffia. I pulsanti possono essere utilizzati per rispondere, rifiutare e mettere in pausa le chiamate, cos\u00ec da non doversi preoccupare di maneggiare lo smartphone, durante l\u2019ascolto della musica o mentre si effettuano delle chiamate.<\/p>\n<h3>L&#8217;accompagnamento ideale<\/h3>\n<p>Il box di ricarica offre al tempo stesso protezione e nuova energia. Durante il trasporto nella custodia protettiva i h\u00ebr in-ears si caricano fino a tre volte.<\/p>\n<h3>Consegna veloce<\/h3>\n<p>Come uno dei pi\u00f9 grandi grossisti audio in Europa, sappiamo quanto sia importante per voi una spedizione veloce e senza intoppi. Il vostro ordine sar\u00e0 quindi elaborato immediatamente, imballato e spedito da DHL entro 24 ore.<\/p>\n<h3>h\u00ebr on-ear bluetooth cuffie stereo<\/h3>\n<p style=\"min-height: 250px;\"><a href=\"https:\/\/www.hear-her.com\/produkt\/her-on-ear-bluetooth-stereo-headphone\/\"><img loading=\"lazy\" decoding=\"async\" class=\"size-medium wp-image-715 alignleft\" src=\"https:\/\/www.hear-her.com\/wp-content\/uploads\/2018\/01\/HF8-Main-300x300.png\" alt=\"\" width=\"300\" height=\"300\" srcset=\"https:\/\/www.hear-her.com\/wp-content\/uploads\/2018\/01\/HF8-Main-300x300.png 300w, https:\/\/www.hear-her.com\/wp-content\/uploads\/2018\/01\/HF8-Main-790x790.png 790w, https:\/\/www.hear-her.com\/wp-content\/uploads\/2018\/01\/HF8-Main-100x100.png 100w, https:\/\/www.hear-her.com\/wp-content\/uploads\/2018\/01\/HF8-Main-150x150.png 150w, https:\/\/www.hear-her.com\/wp-content\/uploads\/2018\/01\/HF8-Main-768x768.png 768w, https:\/\/www.hear-her.com\/wp-content\/uploads\/2018\/01\/HF8-Main-1024x1024.png 1024w, https:\/\/www.hear-her.com\/wp-content\/uploads\/2018\/01\/HF8-Main-690x690.png 690w, https:\/\/www.hear-her.com\/wp-content\/uploads\/2018\/01\/HF8-Main-600x600.png 600w\" sizes=\"auto, (max-width: 300px) 100vw, 300px\" \/><\/a><\/p>\n","protected":false},"excerpt":{"rendered":"<h5><em>Un articolo versatile, discreto, leggero, minimalista e portatile<\/em><\/h5>\n<p>Gli auricolari senza cavi h\u00ebr in-ears ti accompagnano in ogni situazione nel migliore dei modi. In viaggio, nell&#8217;attivit\u00e0 sportiva o a casa, non mancheranno di entusiasmarti con il loro sound puro e nitido, nonch\u00e9 con l&#8217;acustica equilibrata.\u00a0Qualunque sia il tuo stile, i tuoi h\u00ebr in-ears vi si adattano perfettamente grazie alla discreta tonalit\u00e0 nude. La custodia compresa in dotazione protegge i tuoi h\u00ebr in-ears e al tempo stesso fa da stazione di ricarica mobile.<\/p>\n","protected":false},"featured_media":7275,"comment_status":"open","ping_status":"closed","template":"","meta":[],"product_brand":[],"product_cat":[180],"product_tag":[],"class_list":{"0":"post-7571","1":"product","2":"type-product","3":"status-publish","4":"has-post-thumbnail","6":"product_cat-in-ears-it","8":"first","9":"instock","10":"taxable","11":"shipping-taxable","12":"purchasable","13":"product-type-simple"},"_links":{"self":[{"href":"https:\/\/www.hear-her.com\/it\/wp-json\/wp\/v2\/product\/7571","targetHints":{"allow":["GET"]}}],"collection":[{"href":"https:\/\/www.hear-her.com\/it\/wp-json\/wp\/v2\/product"}],"about":[{"href":"https:\/\/www.hear-her.com\/it\/wp-json\/wp\/v2\/types\/product"}],"replies":[{"embeddable":true,"href":"https:\/\/www.hear-her.com\/it\/wp-json\/wp\/v2\/comments?post=7571"}],"wp:featuredmedia":[{"embeddable":true,"href":"https:\/\/www.hear-her.com\/it\/wp-json\/wp\/v2\/media\/7275"}],"wp:attachment":[{"href":"https:\/\/www.hear-her.com\/it\/wp-json\/wp\/v2\/media?parent=7571"}],"wp:term":[{"taxonomy":"product_brand","embeddable":true,"href":"https:\/\/www.hear-her.com\/it\/wp-json\/wp\/v2\/product_brand?post=7571"},{"taxonomy":"product_cat","embeddable":true,"href":"https:\/\/www.hear-her.com\/it\/wp-json\/wp\/v2\/product_cat?post=7571"},{"taxonomy":"product_tag","embeddable":true,"href":"https:\/\/www.hear-her.com\/it\/wp-json\/wp\/v2\/product_tag?post=7571"}],"curies":[{"name":"wp","href":"https:\/\/api.w.org\/{rel}","templated":true}]}}