{"id":3124,"date":"2018-09-04T20:49:37","date_gmt":"2018-09-04T18:49:37","guid":{"rendered":"https:\/\/www.hear-her.com\/?page_id=3124"},"modified":"2021-03-01T20:13:59","modified_gmt":"2021-03-01T19:13:59","slug":"o-marce","status":"publish","type":"page","link":"https:\/\/www.hear-her.com\/pl\/o-marce\/","title":{"rendered":"O marce"},"content":{"rendered":"\n\t\t<!-- MasterSlider -->\n\t\t<div id=\"P_MS5e63840a83ef5\" class=\"master-slider-parent fs-slider  ms-parent-id-6\"  >\n\n\t\t\t\n\t\t\t<!-- MasterSlider Main -->\n\t\t\t<div id=\"MS5e63840a83ef5\" class=\"master-slider ms-skin-default\" >\n\t\t\t\t \t\t\t\t \n\n\t\t\t<div  class=\"ms-slide fullwidth-layers\" data-delay=\"7.5\" data-fill-mode=\"fill\"   >\n\t\t\t\t\t<img decoding=\"async\" src=\"https:\/\/www.hear-her.com\/wp-content\/plugins\/masterslider\/public\/assets\/css\/blank.gif\" alt=\"\" title=\"\" data-src=\"https:\/\/www.hear-her.com\/wp-content\/uploads\/2018\/02\/Slide-background-1.jpg\" \/>\n\n\t\t\t\t\t<img decoding=\"async\"  class=\"ms-layer  msp-cn-121-4\" src=\"https:\/\/www.hear-her.com\/wp-content\/plugins\/masterslider\/public\/assets\/css\/blank.gif\" data-src=\"https:\/\/www.hear-her.com\/wp-content\/uploads\/2018\/02\/Slidertest-distel2-1.png\" alt=\"\" style=\"width:290px;\"  data-effect=\"t(true,n,-250,n,-50,n,n,n,n,n,n,n,n,n,n)\" data-duration=\"4000\" data-delay=\"600\" data-ease=\"easeOutQuart\"       data-parallax=\"2\" data-type=\"image\"          data-offset-x=\"508\" data-offset-y=\"-267\" data-origin=\"mc\" data-position=\"normal\" \/>\n\n\t\t\t\t\t<img decoding=\"async\"  class=\"ms-layer  msp-cn-121-5\" src=\"https:\/\/www.hear-her.com\/wp-content\/plugins\/masterslider\/public\/assets\/css\/blank.gif\" data-src=\"https:\/\/www.hear-her.com\/wp-content\/uploads\/2018\/02\/Slidertest-distel1-1.png\" alt=\"\" style=\"width:200px;\"  data-effect=\"t(true,-150,n,n,3,n,n,n,n,n,n,n,n,n,n)\" data-duration=\"5000\" data-delay=\"200\" data-ease=\"easeOutQuart\"       data-parallax=\"1\" data-type=\"image\"          data-offset-x=\"0\" data-offset-y=\"0\" data-origin=\"bl\" data-position=\"normal\" \/>\n\n\t\t\t\t\t<img decoding=\"async\"  class=\"ms-layer  msp-cn-121-2\" src=\"https:\/\/www.hear-her.com\/wp-content\/plugins\/masterslider\/public\/assets\/css\/blank.gif\" data-src=\"https:\/\/www.hear-her.com\/wp-content\/uploads\/2018\/02\/Slider-tastatur.png\" alt=\"\" style=\"\"  data-effect=\"t(true,n,-150,n,n,n,n,n,n,n,n,n,n,n,n)\" data-duration=\"5000\" data-delay=\"1800\" data-ease=\"easeOutQuart\"       data-parallax=\"1\" data-type=\"image\"          data-offset-x=\"181\" data-offset-y=\"404\" data-origin=\"bl\" data-position=\"normal\" \/>\n\n\t\t\t\t\t<img decoding=\"async\"  class=\"ms-layer  msp-cn-6-24\" src=\"https:\/\/www.hear-her.com\/wp-content\/plugins\/masterslider\/public\/assets\/css\/blank.gif\" data-src=\"https:\/\/www.hear-her.com\/wp-content\/uploads\/2018\/02\/Slidertest-herheadphone.png\" alt=\"\" style=\"\"  data-effect=\"t(true,-30,10,n,n,n,n,n,n,n,n,n,n,n,n)\" data-duration=\"5000\" data-delay=\"1800\" data-ease=\"easeOutQuart\"       data-parallax=\"1\" data-type=\"image\"          data-offset-x=\"200\" data-offset-y=\"-43\" data-origin=\"bl\" data-position=\"normal\" \/>\n\n\t\t\t\t\t<div  class=\"ms-layer  msp-cn-6-25\" style=\"\"   data-effect=\"t(true,n,n,1500,250,n,n,n,n,n,n,n,n,n,n)\"   data-ease=\"easeOutQuint\"                data-offset-x=\"0\" data-offset-y=\"0\" data-origin=\"mc\" data-position=\"normal\"  >\n#hearher<\/div>\n\n\n\t\t\t\t<\/div>\n\n\t\t\t<\/div>\n\t\t\t<!-- END MasterSlider Main -->\n\n\t\t\t \n\t\t<\/div>\n\t\t<!-- END MasterSlider -->\n\n\t\t<script>\n\t\t( window.MSReady = window.MSReady || [] ).push( function( $ ) {\n\n\t\t\t\"use strict\";\n\t\t\tvar masterslider_3ef5 = new MasterSlider();\n\n\t\t\t\/\/ slider controls\n\t\t\t\/\/ slider setup\n\t\t\tmasterslider_3ef5.setup(\"MS5e63840a83ef5\", {\n\t\t\t\twidth           : 1280,\n\t\t\t\theight          : 768,\n\t\t\t\tminHeight       : 0,\n\t\t\t\tspace           : 0,\n\t\t\t\tstart           : 1,\n\t\t\t\tgrabCursor      : true,\n\t\t\t\tswipe           : true,\n\t\t\t\tmouse           : true,\n\t\t\t\tkeyboard        : true,\n\t\t\t\tlayout          : \"fullwidth\",\n\t\t\t\twheel           : false,\n\t\t\t\tautoplay        : false,\n                instantStartLayers:false,\n\t\t\t\tmobileBGVideo:false,\n\t\t\t\tloop            : false,\n\t\t\t\tshuffle         : false,\n\t\t\t\tpreload         : 0,\n\t\t\t\theightLimit     : true,\n\t\t\t\tautoHeight      : false,\n\t\t\t\tsmoothHeight    : true,\n\t\t\t\tendPause        : false,\n\t\t\t\toverPause       : false,\n\t\t\t\tfillMode        : \"fill\",\n\t\t\t\tcenterControls  : false,\n\t\t\t\tstartOnAppear   : false,\n\t\t\t\tlayersMode      : \"center\",\n\t\t\t\tautofillTarget  : \"\",\n\t\t\t\thideLayers      : false,\n\t\t\t\tfullscreenMargin: 0,\n\t\t\t\tspeed           : 20,\n\t\t\t\tdir             : \"h\",\n\t\t\t\tparallaxMode    : 'mouse',\n\t\t\t\tview            : \"basic\"\n\t\t\t});\n\n\t\t\t\t\t\tMSScrollParallax.setup( masterslider_3ef5, 30, 50, false );\n\t\t\t$(\"head\").append( \"<link rel='stylesheet' id='ms-fonts'  href='\/\/fonts.googleapis.com\/css?family=Poiret+One:regular' type='text\/css' media='all' \/>\" );\n\n\t\t\twindow.masterslider_instances = window.masterslider_instances || [];\n\t\t\twindow.masterslider_instances.push( masterslider_3ef5 );\n\t\t});\n\t\t<\/script>\n\n\n<h3>Kim jeste\u015bmy?<\/h3>\n<p>Jeste\u015bmy jednym z najwi\u0119kszych w Europie przedsi\u0119biorstw zajmuj\u0105cych si\u0119 produkcj\u0105, dystrybucj\u0105 i sprzeda\u017c\u0105 sprz\u0119tu audio. Do naszych klient\u00f3w nale\u017c\u0105 specjalistyczne sklepy muzyczne oraz sklepy ze sprz\u0119tem elektronicznym w ca\u0142ej Europie, a opr\u00f3cz tego r\u00f3wnie\u017c pa\u0144stwowe rozg\u0142o\u015bnie radiowe, szko\u0142y i uczelnie.<\/p>\n<p><img loading=\"lazy\" decoding=\"async\" class=\"aligncenter size-full wp-image-3133\" src=\"https:\/\/www.hear-her.com\/wp-content\/uploads\/2018\/05\/her-headphones-about-gruppenbild.jpg\" alt=\"\" width=\"1000\" height=\"638\" srcset=\"https:\/\/www.hear-her.com\/wp-content\/uploads\/2018\/05\/her-headphones-about-gruppenbild.jpg 1000w, https:\/\/www.hear-her.com\/wp-content\/uploads\/2018\/05\/her-headphones-about-gruppenbild-300x191.jpg 300w, https:\/\/www.hear-her.com\/wp-content\/uploads\/2018\/05\/her-headphones-about-gruppenbild-768x490.jpg 768w, https:\/\/www.hear-her.com\/wp-content\/uploads\/2018\/05\/her-headphones-about-gruppenbild-790x504.jpg 790w\" sizes=\"auto, (max-width: 1000px) 100vw, 1000px\" \/><br \/>\nPrzez nasze r\u0119ce do sklep\u00f3w detalicznych &#8211; a nast\u0119pnie do klient\u00f3w ko\u0144cowych \u2013 trafia wiele mikrofon\u00f3w, g\u0142o\u015bnik\u00f3w i s\u0142uchawek.<\/p>\n<p>Nasze wieloletnie do\u015bwiadczenie, wiedza i pasja w zakresie produkt\u00f3w audio zapewnia bezkompromisowe podej\u015bcie do oferowanych produkt\u00f3w i wspania\u0142e doznania z ich u\u017cytkowania.<\/p>\n<h3>Dlaczego powinna\u015b wybra\u0107 s\u0142uchawki h\u00ebr?<\/h3>\n<p style=\"margin-top: 20px; font-size: 80%; color: white; line-height: 1.3; font-family: 'Lucida Console' !important;\"><strong style=\"font-family: 'Poiret One' !important; color: white; font-size: 150% !important;\">h\u00f6r<\/strong> [po niemiecku h\u00f6ren &#8211; oznacza odbieranie sygna\u0142\u00f3w akustycznych za pomoc\u0105 s\u0142uchu]<\/p>\n<p>Jako hurtownik i producent dobrze wiemy jak zaprojektowa\u0107 s\u0142uchawki klasy Soundesign, kt\u00f3re zadowol\u0105 wymagaj\u0105cych. Starannie wybrali\u015bmy do naszych s\u0142uchawek g\u0142o\u015bniki, kt\u00f3re spe\u0142niaj\u0105 najwy\u017csze standardy audio. W sklepie internetowym oferuj\u0105cym najwi\u0119kszy asortyment s\u0142uchawek (Kopfhoerer.de), nasz produkt wyr\u00f3\u017cnia si\u0119 relacj\u0105 ceny do jako\u015bci na tle wszystkich dost\u0119pnych na rynku modeli. Nasze s\u0142uchawki otrzyma\u0142y rekomendacj\u0119 redakcji (<a href=\"https:\/\/www.kopfhoerer.de\/test\/her-hf8\/\">aby przygotowa\u0107 recenzj\u0119 z testowania<\/a>).<\/p>\n<p style=\"margin-top: 20px; font-size: 80%; color: white; line-height: 1.3; font-family: 'Lucida Console' !important;\"><strong style=\"font-family: 'Poiret One' !important; color: white; font-size: 150% !important;\">her<\/strong> [po angielsku oznacza: jej &#8211; zaimek dzier\u017cawczy rodzaju \u017ce\u0144skiego]<\/p>\n<p>Nasze klientki oczekuj\u0105 od s\u0142uchawek nausznych wi\u0119cej ni\u017c tylko doskona\u0142ej jako\u015bci brzmienia. S\u0142uchawki h\u00ebr wyr\u00f3\u017cnia elegancki i wyj\u0105tkowo subtelny wygl\u0105d P\u0142acisz za najl\u017cejsze na rynku s\u0142uchawki nauszne, a dzi\u0119ki ultrami\u0119kkiej wy\u015bci\u00f3\u0142ce w pakiecie otrzymujesz tak\u017ce maksymalny komfort noszenia. Dzi\u0119ki wbudowanemu mikrofonowi HD s\u0142uchawki h\u00ebr doskonale si\u0119 tak\u017ce nadaj\u0105 do prowadzenia rozm\u00f3w telefonicznych. Swoboda ruchu nie ograniczona przewodami i wyj\u0105tkowo d\u0142ugi okres \u017cycia baterii sprawiaj\u0105, \u017ce b\u0119dziesz u\u017cywa\u0107 swoich s\u0142uchawek h\u00ebr na okr\u0105g\u0142o.<\/p>\n<p><img loading=\"lazy\" decoding=\"async\" class=\"aligncenter size-large wp-image-3341\" src=\"https:\/\/www.hear-her.com\/wp-content\/uploads\/2018\/09\/her-gleichung-logo-1024x221.png\" alt=\"\" width=\"900\" height=\"194\" srcset=\"https:\/\/www.hear-her.com\/wp-content\/uploads\/2018\/09\/her-gleichung-logo-1024x221.png 1024w, https:\/\/www.hear-her.com\/wp-content\/uploads\/2018\/09\/her-gleichung-logo-300x65.png 300w, https:\/\/www.hear-her.com\/wp-content\/uploads\/2018\/09\/her-gleichung-logo-768x165.png 768w, https:\/\/www.hear-her.com\/wp-content\/uploads\/2018\/09\/her-gleichung-logo-1500x323.png 1500w, https:\/\/www.hear-her.com\/wp-content\/uploads\/2018\/09\/her-gleichung-logo-790x170.png 790w\" sizes=\"auto, (max-width: 900px) 100vw, 900px\" \/><\/p>\n<h3>S\u0142uchawki h\u00ebr pomagaj\u0105<\/h3>\n<p>S\u0142uchawki h\u00ebr, w kt\u00f3rych technologia \u0142\u0105czy si\u0119 z designem, s\u0105 dla ka\u017cdej kobiety mo\u017cliwo\u015bci\u0105 wyra\u017cenia siebie. Id\u017a przez \u017cycie zdecydowanie i sama wyznaczaj kierunek.<\/p>\n<p>Dzia\u0142amy aktywnie na rzecz r\u00f3wnouprawnienia p\u0142ci i wzmocnienia roli kobiet. B\u0119dziemy aktywnie podejmowa\u0107 ten temat z hashtagiem #hearher, aby g\u0142os kobiet by\u0142 jeszcze lepiej s\u0142yszalny.<\/p>\n<p>Z tego powodu zobowi\u0105zujemy si\u0119 r\u00f3wnie\u017c do przekazywania sta\u0142ego procentu, co najmniej 5% naszych zysk\u00f3w, na rzecz projekt\u00f3w charytatywnych wspieraj\u0105cych kobiety.<\/p>\n","protected":false},"excerpt":{"rendered":"<p>Kim jeste\u015bmy? Jeste\u015bmy jednym z najwi\u0119kszych w Europie przedsi\u0119biorstw zajmuj\u0105cych si\u0119 produkcj\u0105, dystrybucj\u0105 i sprzeda\u017c\u0105 sprz\u0119tu audio. Do naszych klient\u00f3w nale\u017c\u0105 specjalistyczne sklepy&hellip;<\/p>\n","protected":false},"author":1,"featured_media":0,"parent":0,"menu_order":0,"comment_status":"closed","ping_status":"closed","template":"","meta":{"footnotes":""},"class_list":["post-3124","page","type-page","status-publish","hentry"],"_links":{"self":[{"href":"https:\/\/www.hear-her.com\/pl\/wp-json\/wp\/v2\/pages\/3124","targetHints":{"allow":["GET"]}}],"collection":[{"href":"https:\/\/www.hear-her.com\/pl\/wp-json\/wp\/v2\/pages"}],"about":[{"href":"https:\/\/www.hear-her.com\/pl\/wp-json\/wp\/v2\/types\/page"}],"author":[{"embeddable":true,"href":"https:\/\/www.hear-her.com\/pl\/wp-json\/wp\/v2\/users\/1"}],"replies":[{"embeddable":true,"href":"https:\/\/www.hear-her.com\/pl\/wp-json\/wp\/v2\/comments?post=3124"}],"version-history":[{"count":6,"href":"https:\/\/www.hear-her.com\/pl\/wp-json\/wp\/v2\/pages\/3124\/revisions"}],"predecessor-version":[{"id":9162,"href":"https:\/\/www.hear-her.com\/pl\/wp-json\/wp\/v2\/pages\/3124\/revisions\/9162"}],"wp:attachment":[{"href":"https:\/\/www.hear-her.com\/pl\/wp-json\/wp\/v2\/media?parent=3124"}],"curies":[{"name":"wp","href":"https:\/\/api.w.org\/{rel}","templated":true}]}}