{"id":3153,"date":"2018-09-04T20:54:01","date_gmt":"2018-09-04T18:54:01","guid":{"rendered":"https:\/\/www.hear-her.com\/?page_id=3153"},"modified":"2018-11-12T22:57:30","modified_gmt":"2018-11-12T21:57:30","slug":"pomoc","status":"publish","type":"page","link":"https:\/\/www.hear-her.com\/pl\/pomoc\/","title":{"rendered":"Pomoc"},"content":{"rendered":"<h3>Instrukcja obs\u0142ugi<\/h3>\n<p>Tutaj mo\u017cesz pobra\u0107 instrukcj\u0119 obs\u0142ugi swoich s\u0142uchawek h\u00ebr.<\/p>\n<p><a href=\"https:\/\/www.hear-her.com\/wp-content\/uploads\/2018\/11\/her-Manual-Polnisch.pdf\"><img loading=\"lazy\" decoding=\"async\" class=\"aligncenter wp-image-3158 size-medium\" src=\"https:\/\/www.hear-her.com\/wp-content\/uploads\/2018\/02\/her-headphone-manual-cover-259x300.jpg\" alt=\"\" width=\"259\" height=\"300\" srcset=\"https:\/\/www.hear-her.com\/wp-content\/uploads\/2018\/02\/her-headphone-manual-cover-259x300.jpg 259w, https:\/\/www.hear-her.com\/wp-content\/uploads\/2018\/02\/her-headphone-manual-cover-768x890.jpg 768w, https:\/\/www.hear-her.com\/wp-content\/uploads\/2018\/02\/her-headphone-manual-cover-883x1024.jpg 883w, https:\/\/www.hear-her.com\/wp-content\/uploads\/2018\/02\/her-headphone-manual-cover-595x690.jpg 595w, https:\/\/www.hear-her.com\/wp-content\/uploads\/2018\/02\/her-headphone-manual-cover-790x916.jpg 790w, https:\/\/www.hear-her.com\/wp-content\/uploads\/2018\/02\/her-headphone-manual-cover.jpg 886w\" sizes=\"auto, (max-width: 259px) 100vw, 259px\" \/><\/a><\/p>\n<p><a href=\"https:\/\/hear-her.com\/wp-content\/uploads\/2018\/02\/her-Manual-Deutsch.pdf\">Niemiecki<\/a> | <a href=\"https:\/\/hear-her.com\/wp-content\/uploads\/2018\/02\/her-Manual-Englisch.pdf\">Angielski<\/a> | <a href=\"https:\/\/hear-her.com\/wp-content\/uploads\/2018\/02\/her-Manual-Franzoesisch.pdf\">Francuski<\/a> | <a href=\"https:\/\/hear-her.com\/wp-content\/uploads\/2018\/02\/her-Manual-Italienisch.pdf\">W\u0142oski<\/a> | <a href=\"https:\/\/www.hear-her.com\/wp-content\/uploads\/2018\/11\/her-Manual-Polnisch.pdf\">Polski<\/a> | <a href=\"https:\/\/hear-her.com\/wp-content\/uploads\/2018\/02\/her-Manual-Spanisch.pdf\">Hiszpa\u0144ski<\/a><\/p>\n<p>&nbsp;<\/p>\n<h3>Instrukcja \u0142\u0105czenia s\u0142uchawek z urz\u0105dzeniem<\/h3>\n<p><iframe loading=\"lazy\" src=\"https:\/\/www.youtube-nocookie.com\/embed\/2dZYeqe2clQ?rel=0&amp;color=white\" width=\"560\" height=\"315\" frameborder=\"0\" allowfullscreen=\"allowfullscreen\"><\/iframe><\/p>\n<h3>Pomoc<\/h3>\n<p>Je\u015bli masz jaki\u015b problem ze swoimi s\u0142uchawkami, zach\u0119camy do zg\u0142oszenia nam tego poprzez <a href=\"\/kontakt\/\">formularz kontaktowy<\/a> lub <a href=\"mailto:support@hear-her.com\">e-mail.<\/a><\/p>\n<h3>Serwis<\/h3>\n<p>Zakupione s\u0142uchawki jednak Ci si\u0119 nie podobaj\u0105? W terminie zwrotu mo\u017cesz bezp\u0142atnie (na terenie UE) odes\u0142a\u0107 swoje s\u0142uchawki h\u00ebr, nie podaj\u0105c przyczyny.\u00a0<a href=\"https:\/\/www.hear-her.com\/en\/cancellation-policy\/\">Wi\u0119cej informacji na temat prawa do zwrotu i terminu zwrotu<\/a><\/p>\n<p>Twoje s\u0142uchawki maj\u0105 usterk\u0119 lub s\u0105 uszkodzone? Aby umo\u017cliwi\u0107 nam sprawdzenie reklamacji, prosimy najpierw o kontakt z nami, zanim ode\u015blesz artyku\u0142. Je\u015bli w ci\u0105gu pierwszego roku od zakupu wyst\u0105pi wada obj\u0119ta gwarancj\u0105, wype\u0142nij formularz zwrotu, aby\u015bmy mogli jak najszybciej zorganizowa\u0107 odes\u0142anie towaru:<\/p>\n\n<div class=\"wpcf7 no-js\" id=\"wpcf7-f1333-o1\" lang=\"de-DE\" dir=\"ltr\" data-wpcf7-id=\"1333\">\n<div class=\"screen-reader-response\"><p role=\"status\" aria-live=\"polite\" aria-atomic=\"true\"><\/p> <ul><\/ul><\/div>\n<form action=\"\/pl\/wp-json\/wp\/v2\/pages\/3153#wpcf7-f1333-o1\" method=\"post\" class=\"wpcf7-form init\" aria-label=\"Kontaktformular\" novalidate=\"novalidate\" data-status=\"init\">\n<fieldset class=\"hidden-fields-container\"><input type=\"hidden\" name=\"_wpcf7\" value=\"1333\" \/><input type=\"hidden\" name=\"_wpcf7_version\" value=\"6.1.2\" \/><input type=\"hidden\" name=\"_wpcf7_locale\" value=\"de_DE\" \/><input type=\"hidden\" name=\"_wpcf7_unit_tag\" value=\"wpcf7-f1333-o1\" \/><input type=\"hidden\" name=\"_wpcf7_container_post\" value=\"0\" \/><input type=\"hidden\" name=\"_wpcf7_posted_data_hash\" value=\"\" \/>\n<\/fieldset>\n<p><label> Seriennummer*\/Serial number* (can be found on the package besides QR code)<br \/>\n<span class=\"wpcf7-form-control-wrap\" data-name=\"serial-number\"><input size=\"40\" maxlength=\"400\" class=\"wpcf7-form-control wpcf7-text wpcf7-validates-as-required\" aria-required=\"true\" aria-invalid=\"false\" value=\"\" type=\"text\" name=\"serial-number\" \/><\/span> <\/label>\n<\/p>\n<p><label> Rechnungsnummer* \/ Invoice number*<br \/>\n<span class=\"wpcf7-form-control-wrap\" data-name=\"invoice-number\"><input size=\"40\" maxlength=\"400\" class=\"wpcf7-form-control wpcf7-text wpcf7-validates-as-required\" aria-required=\"true\" aria-invalid=\"false\" value=\"\" type=\"text\" name=\"invoice-number\" \/><\/span> <\/label><br \/>\n<span id=\"wpcf7-69f5311c73245-wrapper\" class=\"wpcf7-form-control-wrap my-address-wrap\" style=\"display:none !important; visibility:hidden !important;\"><label for=\"wpcf7-69f5311c73245-field\" class=\"hp-message\">Bitte lasse dieses Feld leer.<\/label><input id=\"wpcf7-69f5311c73245-field\"  class=\"wpcf7-form-control wpcf7-text\" type=\"text\" name=\"my-address\" value=\"\" size=\"40\" tabindex=\"-1\" autocomplete=\"new-password\" \/><\/span>\n<\/p>\n<p><label> E-Mail \/ email<br \/>\n<span class=\"wpcf7-form-control-wrap\" data-name=\"email-address\"><input size=\"40\" maxlength=\"400\" class=\"wpcf7-form-control wpcf7-email wpcf7-text wpcf7-validates-as-email\" aria-invalid=\"false\" value=\"\" type=\"email\" name=\"email-address\" \/><\/span> <\/label><br \/>\n<span id=\"wpcf7-69f5311c733f2-wrapper\" class=\"wpcf7-form-control-wrap my-email-wrap\" style=\"display:none !important; visibility:hidden !important;\"><label for=\"wpcf7-69f5311c733f2-field\" class=\"hp-message\">Bitte lasse dieses Feld leer.<\/label><input id=\"wpcf7-69f5311c733f2-field\"  class=\"wpcf7-form-control wpcf7-text\" type=\"text\" name=\"my-email\" value=\"\" size=\"40\" tabindex=\"-1\" autocomplete=\"new-password\" \/><\/span>\n<\/p>\n<p><label> Retourengrund*\/Return reason*<br \/>\n<span class=\"wpcf7-form-control-wrap\" data-name=\"return-reason\"><textarea cols=\"40\" rows=\"10\" maxlength=\"2000\" class=\"wpcf7-form-control wpcf7-textarea wpcf7-validates-as-required\" aria-required=\"true\" aria-invalid=\"false\" placeholder=\"Bitte beschreib den Fehler so genau wie m\u00f6glich. Schlagw\u00f6rter wie &quot;defekt&quot;, &quot;geht nicht&quot;, sind unzul\u00e4ssig (mindestens 25 Zeichen). \/ Please describe the error as accurately as possible. Key-words such as &quot;defective&quot;, &quot;not working&quot; are inadmissible (at least 25 characters).\" name=\"return-reason\"><\/textarea><\/span> <\/label>\n<\/p>\n<p><i>Mit dem Absenden des Retourenformulars erkl\u00e4rst du dich damit einverstanden, dass deine Daten zur Bearbeitung des Anliegens verwendet werden (weitere Informationen und Widerrufshinweise findest du in unserer <a href=\"\/datenschutzerklaerung\/\">Datenschutzerkl\u00e4rung<\/a>).<\/i>\n<\/p>\n<p><input class=\"wpcf7-form-control wpcf7-submit has-spinner\" type=\"submit\" value=\"Senden\" \/>\n<\/p><input type='hidden' class='wpcf7-pum' value='{\"closepopup\":false,\"closedelay\":0,\"openpopup\":false,\"openpopup_id\":0}' \/><div class=\"wpcf7-response-output\" aria-hidden=\"true\"><\/div>\n<\/form>\n<\/div>\n\n","protected":false},"excerpt":{"rendered":"<p>Instrukcja obs\u0142ugi Tutaj mo\u017cesz pobra\u0107 instrukcj\u0119 obs\u0142ugi swoich s\u0142uchawek h\u00ebr. Niemiecki | Angielski | Francuski | W\u0142oski | Polski | Hiszpa\u0144ski &nbsp; Instrukcja&hellip;<\/p>\n","protected":false},"author":1,"featured_media":0,"parent":0,"menu_order":0,"comment_status":"closed","ping_status":"closed","template":"page-templates\/her-pages.php","meta":{"footnotes":""},"class_list":["post-3153","page","type-page","status-publish","hentry"],"_links":{"self":[{"href":"https:\/\/www.hear-her.com\/pl\/wp-json\/wp\/v2\/pages\/3153","targetHints":{"allow":["GET"]}}],"collection":[{"href":"https:\/\/www.hear-her.com\/pl\/wp-json\/wp\/v2\/pages"}],"about":[{"href":"https:\/\/www.hear-her.com\/pl\/wp-json\/wp\/v2\/types\/page"}],"author":[{"embeddable":true,"href":"https:\/\/www.hear-her.com\/pl\/wp-json\/wp\/v2\/users\/1"}],"replies":[{"embeddable":true,"href":"https:\/\/www.hear-her.com\/pl\/wp-json\/wp\/v2\/comments?post=3153"}],"version-history":[{"count":4,"href":"https:\/\/www.hear-her.com\/pl\/wp-json\/wp\/v2\/pages\/3153\/revisions"}],"predecessor-version":[{"id":3735,"href":"https:\/\/www.hear-her.com\/pl\/wp-json\/wp\/v2\/pages\/3153\/revisions\/3735"}],"wp:attachment":[{"href":"https:\/\/www.hear-her.com\/pl\/wp-json\/wp\/v2\/media?parent=3153"}],"curies":[{"name":"wp","href":"https:\/\/api.w.org\/{rel}","templated":true}]}}