{"id":3172,"date":"2018-09-04T21:12:13","date_gmt":"2018-09-04T19:12:13","guid":{"rendered":"https:\/\/www.hear-her.com\/?page_id=3172"},"modified":"2018-11-10T08:37:41","modified_gmt":"2018-11-10T07:37:41","slug":"faq","status":"publish","type":"page","link":"https:\/\/www.hear-her.com\/pl\/faq\/","title":{"rendered":"FAQ"},"content":{"rendered":"<p class=\"p1\">Tutaj znajdziesz odpowiedzi na cz\u0119sto zadawane pytania. Je\u015bli nie ma tu Twojego pytania, ch\u0119tnie pomo\u017cemy. Mo\u017cesz skontaktowa\u0107 si\u0119 z nami poprzez <a href=\"\/kontakt\/\">formularz kontaktowy<\/a> lub <a href=\"mailto:support@hear-her.com\">e-mail.<\/a><\/p>\n<h1><span style=\"color: #ffffff;\">Pytania dotycz\u0105ce zam\u00f3wie\u0144<\/span><\/h1>\n<h6 class=\"p1\">Kiedy zostanie wys\u0142ane moje zam\u00f3wienie?<\/h6>\n<p>Twoje zam\u00f3wienie zostanie do Ciebie wys\u0142ane w ci\u0105gu 24 godzin w dzie\u0144 roboczy.<\/p>\n<h6 class=\"p1\">Jak\u0105 firm\u0105 kuriersk\u0105 zostanie wys\u0142ane moje zam\u00f3wienie?<\/h6>\n<p>Zam\u00f3wienia wysy\u0142amy firm\u0105 kuriersk\u0105 DHL.<\/p>\n<h6 class=\"p1\">Czy mog\u0119 anulowa\u0107 moje zam\u00f3wienie?<\/h6>\n<p>Nie ma \u017cadnego problemu, oczywi\u015bcie mo\u017cesz anulowa\u0107 swoje zam\u00f3wienie. Je\u015bli artyku\u0142 zosta\u0142 ju\u017c do Ciebie wys\u0142any, mo\u017cesz go bezp\u0142atnie zwr\u00f3ci\u0107.<\/p>\n<h6 class=\"p1\">Czy mog\u0119 odda\u0107 zam\u00f3wiony towar?<\/h6>\n<p>Tak. Zale\u017cy nam na tym, aby spodoba\u0142y Ci si\u0119 s\u0142uchawki h\u00ebr \u2013 a je\u015bli mimo wszystko nie b\u0119dziesz do nich przekonana, w terminie zwrotu mo\u017cesz je odes\u0142a\u0107 bezp\u0142atnie (na terenie UE), nie podaj\u0105c przyczyny.\u00a0<a href=\"https:\/\/www.hear-her.com\/en\/cancellation-policy\/\">Wi\u0119cej informacji na temat prawa do zwrotu i terminu zwrotu<\/a><\/p>\n<h6 class=\"p1\">Do jakich kraj\u00f3w realizowane s\u0105 dostawy?<\/h6>\n<p>Dostarczamy s\u0142uchawki h\u00ebr do wszystkich kraj\u00f3w \u015bwiata.<\/p>\n<h6>Ile kosztuje dostawa?<\/h6>\n<p>Dostawa jest bezp\u0142atna na ca\u0142ym \u015bwiecie, a wi\u0119c nic za ni\u0105 nie p\u0142acisz. <a href=\"https:\/\/www.hear-her.com\/versand\/\">Wi\u0119cej informacji na temat dostawy<\/a><\/p>\n<h6 class=\"p1\">Jak dzia\u0142a p\u0142atno\u015b\u0107 przez Amazon Pay?<\/h6>\n<p>P\u0142acisz bezpiecznie i w prosty spos\u00f3b przy u\u017cyciu swojego konta Amazon. Jest to szybki spos\u00f3b i nie musisz dodatkowo rejestrowa\u0107 si\u0119 na naszej stronie.<\/p>\n<h6 class=\"p1\">Jak dzia\u0142a p\u0142atno\u015b\u0107 kart\u0105 kredytow\u0105?<\/h6>\n<p>P\u0142acisz bezpiecznie i w prosty spos\u00f3b kart\u0105 kredytow\u0105. P\u0142atno\u015b\u0107 jest realizowana przez operatora PayPal PLUS. Konieczne jest do tego konto PayPal.<\/p>\n<h1 class=\"p1\"><span style=\"color: #ffffff;\">Pytania dotycz\u0105ce s\u0142uchawek<\/span><\/h1>\n<h6 class=\"p1\">Z jakich materia\u0142\u00f3w wykonane s\u0105 s\u0142uchawki?<\/h6>\n<p>Sk\u00f3ra, metal, tworzywo sztuczne. S\u0142uchawki maj\u0105 certyfikat CE i spe\u0142niaj\u0105 najwy\u017csze normy jako\u015bci.<\/p>\n<h1 class=\"p1\"><span style=\"color: #ffffff;\">Pytania dotycz\u0105ce firmy<\/span><\/h1>\n<h6 class=\"p1\">Prowadz\u0119 blog i chcia\u0142abym o Was opowiedzie\u0107.<\/h6>\n<p>Cieszymy si\u0119, \u017ce podobaj\u0105 Ci si\u0119 nasze s\u0142uchawki i chcesz o nich opowiedzie\u0107. Wi\u0119cej informacji na temat marki znajdziesz w cz\u0119\u015bci O marce. Zach\u0119camy do kontaktu <a href=\"mailto:info@hear-her.com\">mailowego.<\/a><\/p>\n<h6 class=\"p1\">Mam konto na Instagramie i chcia\u0142abym o Was opowiedzie\u0107.<\/h6>\n<p>Cieszymy si\u0119, \u017ce podobaj\u0105 Ci si\u0119 nasze s\u0142uchawki i chcesz o nich opowiedzie\u0107. Wi\u0119cej informacji na temat marki znajdziesz w cz\u0119\u015bci O marce. Zach\u0119camy do kontaktu <a href=\"mailto:info@hear-her.com\">mailowego.<\/a><\/p>\n<h6 class=\"p1\">Czy mog\u0119 przetestowa\u0107 s\u0142uchawki w sklepie stacjonarnym?<\/h6>\n<p>Tak. S\u0142uchawki dost\u0119pne s\u0105 w renomowanych sklepach w ca\u0142ej Europie. Je\u017celi jednak chcesz, mo\u017ce przetestowa\u0107 s\u0142uchawki zamawiaj\u0105c je w naszym sklepie internetowym. Mo\u017cesz przetestowa\u0107 je spokojnie w domu i w razie w\u0105tpliwo\u015bci odes\u0142a\u0107 bezp\u0142atnie (na terenie UE).<\/p>\n","protected":false},"excerpt":{"rendered":"<p>Tutaj znajdziesz odpowiedzi na cz\u0119sto zadawane pytania. Je\u015bli nie ma tu Twojego pytania, ch\u0119tnie pomo\u017cemy. Mo\u017cesz skontaktowa\u0107 si\u0119 z nami poprzez formularz kontaktowy&hellip;<\/p>\n","protected":false},"author":1,"featured_media":3177,"parent":0,"menu_order":0,"comment_status":"closed","ping_status":"closed","template":"page-templates\/her-pages.php","meta":{"footnotes":""},"class_list":["post-3172","page","type-page","status-publish","has-post-thumbnail","hentry"],"_links":{"self":[{"href":"https:\/\/www.hear-her.com\/pl\/wp-json\/wp\/v2\/pages\/3172","targetHints":{"allow":["GET"]}}],"collection":[{"href":"https:\/\/www.hear-her.com\/pl\/wp-json\/wp\/v2\/pages"}],"about":[{"href":"https:\/\/www.hear-her.com\/pl\/wp-json\/wp\/v2\/types\/page"}],"author":[{"embeddable":true,"href":"https:\/\/www.hear-her.com\/pl\/wp-json\/wp\/v2\/users\/1"}],"replies":[{"embeddable":true,"href":"https:\/\/www.hear-her.com\/pl\/wp-json\/wp\/v2\/comments?post=3172"}],"version-history":[{"count":3,"href":"https:\/\/www.hear-her.com\/pl\/wp-json\/wp\/v2\/pages\/3172\/revisions"}],"predecessor-version":[{"id":3685,"href":"https:\/\/www.hear-her.com\/pl\/wp-json\/wp\/v2\/pages\/3172\/revisions\/3685"}],"wp:featuredmedia":[{"embeddable":true,"href":"https:\/\/www.hear-her.com\/pl\/wp-json\/wp\/v2\/media\/3177"}],"wp:attachment":[{"href":"https:\/\/www.hear-her.com\/pl\/wp-json\/wp\/v2\/media?parent=3172"}],"curies":[{"name":"wp","href":"https:\/\/api.w.org\/{rel}","templated":true}]}}