{"id":3182,"date":"2018-09-04T21:54:46","date_gmt":"2018-09-04T19:54:46","guid":{"rendered":"https:\/\/www.hear-her.com\/?page_id=3182"},"modified":"2018-09-04T21:54:46","modified_gmt":"2018-09-04T19:54:46","slug":"dostawa","status":"publish","type":"page","link":"https:\/\/www.hear-her.com\/pl\/dostawa\/","title":{"rendered":"Dostawa"},"content":{"rendered":"<h2 class=\"p1\"Koszty dostawy zam\u00f3wienia<\/h2>\n<p class=\"p1\"><em>Bezp\u0142atna dostawa na ca\u0142ym \u015bwiecie<\/em><\/p>\n<p class=\"p1\">Pokryjemy koszty dostawy niezale\u017cnie od tego, gdzie mieszkasz.<\/p>\n<h2 class=\"p1\">Koszty wysy\u0142ki w przypadku zwrotu i gwarancji<\/h2>\n<table style=\"font-weight: 400;\" width=\"321\">\n<tbody>\n<tr>\n<td width=\"80\"><\/td>\n<td width=\"80\">Okres<\/td>\n<td width=\"80\">UE<\/td>\n<td width=\"80\">poza UE<\/td>\n<\/tr>\n<tr>\n<td width=\"80\">Zwrot<\/td>\n<td width=\"80\">14 dni<\/td>\n<td width=\"80\">\u00a0\u00a0\u00a0\u00a0\u00a0\u00a0\u00a0\u00a0\u00a0\u00a0\u00a0\u00a0\u00a0\u00a0\u00a0\u00a0 &#8211;\u00a0\u00a0 \u20ac<\/td>\n<td width=\"80\">\u00a0\u00a0\u00a0\u00a0\u00a0\u00a0\u00a0\u00a0\u00a0\u00a039,00 \u20ac<\/td>\n<\/tr>\n<tr>\n<td width=\"80\">Gwarancja<\/td>\n<td width=\"80\">1 rok<\/td>\n<td width=\"80\">\u00a0\u00a0\u00a0\u00a0\u00a0\u00a0\u00a0\u00a0\u00a0\u00a0\u00a0\u00a0\u00a0\u00a0\u00a0\u00a0 &#8211;\u00a0\u00a0 \u20ac<\/td>\n<td width=\"80\">\u00a0\u00a0\u00a0\u00a0\u00a0\u00a0\u00a0\u00a0\u00a0\u00a0\u00a0\u00a0\u00a0\u00a0\u00a0\u00a0\u00a0&#8211;\u00a0\u00a0 \u20ac<\/td>\n<\/tr>\n<\/tbody>\n<\/table>\n<h2 class=\"p1\">Sposoby dostawy<\/h2>\n<p>Twoje zam\u00f3wienie zostanie wys\u0142ane firm\u0105 kuriersk\u0105 DHL.<\/p>\n<h2 class=\"p1\">Czasy dostawy<\/h2>\n<p>Twoje zam\u00f3wienie zostanie do Ciebie wys\u0142ane w ci\u0105gu 24 godzin w dzie\u0144 roboczy. Przybli\u017cony czas dostawy znajdziesz w poni\u017cszej tabeli. Kraje, kt\u00f3re nie s\u0105 tu wymienione, mo\u017cesz znale\u017a\u0107 na stronie <a href=\"https:\/\/www.dhl.de\/de\/geschaeftskunden\/paket\/ab-200-pakete\/internationaler-versand\/paket-international.html\">DHL International<\/a> lub mo\u017cesz nas o nie zapyta\u0107.<\/p>\n<table style=\"font-weight: 400;\" width=\"321\">\n<tbody>\n<tr>\n<td width=\"80\">\u00a0<strong>Kraje<\/strong><\/td>\n<td width=\"80\"><strong>Czas dostawy (dni robocze)<\/strong><\/td>\n<\/tr>\n<tr>\n<td width=\"80\">Niemcy<\/td>\n<td width=\"80\">1\u20133<\/td>\n<\/tr>\n<tr>\n<td width=\"80\">Australia<\/td>\n<td width=\"80\">12<\/td>\n<\/tr>\n<tr>\n<td width=\"80\">Francja<\/td>\n<td width=\"80\">4<\/td>\n<\/tr>\n<tr>\n<td width=\"80\">Wielka Brytania i Irlandia P\u00f3\u0142nocna<\/td>\n<td width=\"80\">3\u20134<\/td>\n<\/tr>\n<tr>\n<td width=\"80\">Irlandia<\/td>\n<td width=\"80\">4\u20135<\/td>\n<\/tr>\n<tr>\n<td width=\"80\">W\u0142ochy<\/td>\n<td width=\"80\">4<\/td>\n<\/tr>\n<tr>\n<td width=\"80\">Kanada<\/td>\n<td width=\"80\">11<\/td>\n<\/tr>\n<tr>\n<td width=\"80\">Holandia<\/td>\n<td width=\"80\">2\u20133<\/td>\n<\/tr>\n<tr>\n<td width=\"80\">Norwegia<\/td>\n<td width=\"80\">8\u20139<\/td>\n<\/tr>\n<tr>\n<td width=\"80\">Austria<\/td>\n<td width=\"80\">1\u20133<\/td>\n<\/tr>\n<tr>\n<td width=\"80\">Polska<\/td>\n<td width=\"80\">3\u20134<\/td>\n<\/tr>\n<tr>\n<td width=\"80\">Portugalia<\/td>\n<td width=\"80\">5\u20136<\/td>\n<\/tr>\n<tr>\n<td width=\"80\">Szwecja<\/td>\n<td width=\"80\">4<\/td>\n<\/tr>\n<tr>\n<td width=\"80\">Szwajcaria<\/td>\n<td width=\"80\">5<\/td>\n<\/tr>\n<tr>\n<td width=\"80\">Hiszpania<\/td>\n<td width=\"80\">5\u20136<\/td>\n<\/tr>\n<tr>\n<td width=\"80\">Turcja<\/td>\n<td width=\"80\">11\u201316<\/td>\n<\/tr>\n<tr>\n<td width=\"80\">Stany Zjednoczone<\/td>\n<td width=\"80\">11\u201313<\/td>\n<\/tr>\n<\/tbody>\n<\/table>\n<p>Przesy\u0142ki do wszystkich kraj\u00f3w mo\u017cna \u015bledzi\u0107 na stronie <a href=\"http:\/\/www.dhl.de\">www.dhl.de<\/a>.<\/p>\n<h2 class=\"p1\">C\u0142o<\/h2>\n<p>Sonic Sales nie pokrywa koszt\u00f3w c\u0142a ani ewentualnych innych koszt\u00f3w.<\/p>\n<p><strong>Kraje spoza UE<\/strong><\/p>\n<p>Je\u015bli Twoje zam\u00f3wienie jest wysy\u0142ane do kraju spoza UE, mog\u0105 powsta\u0107 dodatkowe koszty, c\u0142a, podatki itp.<br \/>\nWysy\u0142amy towar zgodnie z regu\u0142\u0105 Incoterms DDU (\u201cduties and taxes unpaid\u201d), co oznacza, \u017ce dostarczamy towar na miejsce dostawy, ale nie odpowiadamy za dodatkowe lokalne podatki lub c\u0142a.<\/p>\n<p>Osoba, do kt\u00f3rej adresowana jest przesy\u0142ka, odpowiada za wszystkie dodatkowe koszty importu towar\u00f3w (nawet w przypadku odmowy przyj\u0119cia zam\u00f3wienia).<\/p>\n<p>Mo\u017ce si\u0119 r\u00f3wnie\u017c zdarzy\u0107, \u017ce przesy\u0142ka dotrze z op\u00f3\u017anieniem ze wzgl\u0119du na kontrol\u0119 celn\u0105.<\/p>\n","protected":false},"excerpt":{"rendered":"","protected":false},"author":1,"featured_media":0,"parent":0,"menu_order":0,"comment_status":"closed","ping_status":"closed","template":"page-templates\/her-pages.php","meta":{"footnotes":""},"class_list":["post-3182","page","type-page","status-publish","hentry"],"_links":{"self":[{"href":"https:\/\/www.hear-her.com\/pl\/wp-json\/wp\/v2\/pages\/3182","targetHints":{"allow":["GET"]}}],"collection":[{"href":"https:\/\/www.hear-her.com\/pl\/wp-json\/wp\/v2\/pages"}],"about":[{"href":"https:\/\/www.hear-her.com\/pl\/wp-json\/wp\/v2\/types\/page"}],"author":[{"embeddable":true,"href":"https:\/\/www.hear-her.com\/pl\/wp-json\/wp\/v2\/users\/1"}],"replies":[{"embeddable":true,"href":"https:\/\/www.hear-her.com\/pl\/wp-json\/wp\/v2\/comments?post=3182"}],"version-history":[{"count":1,"href":"https:\/\/www.hear-her.com\/pl\/wp-json\/wp\/v2\/pages\/3182\/revisions"}],"predecessor-version":[{"id":3183,"href":"https:\/\/www.hear-her.com\/pl\/wp-json\/wp\/v2\/pages\/3182\/revisions\/3183"}],"wp:attachment":[{"href":"https:\/\/www.hear-her.com\/pl\/wp-json\/wp\/v2\/media?parent=3182"}],"curies":[{"name":"wp","href":"https:\/\/api.w.org\/{rel}","templated":true}]}}