{"id":3374,"date":"2018-09-28T15:31:26","date_gmt":"2018-09-28T13:31:26","guid":{"rendered":"https:\/\/www.hear-her.com\/?page_id=3374"},"modified":"2021-03-01T20:18:22","modified_gmt":"2021-03-01T19:18:22","slug":"un-women","status":"publish","type":"page","link":"https:\/\/www.hear-her.com\/pl\/un-women\/","title":{"rendered":"S\u0142uchawki h\u00ebr pomagaj\u0105"},"content":{"rendered":"<h3>S\u0142uchawki h\u00ebr pomagaj\u0105<\/h3>\n<p>S\u0142uchawki h\u00ebr, w kt\u00f3rych technologia \u0142\u0105czy si\u0119 z designem, s\u0105 dla ka\u017cdej kobiety mo\u017cliwo\u015bci\u0105 wyra\u017cenia siebie. Id\u017a przez \u017cycie zdecydowanie i sama wyznaczaj kierunek.<\/p>\n<p>Dzia\u0142amy aktywnie na rzecz r\u00f3wnouprawnienia p\u0142ci i wzmocnienia roli kobiet. B\u0119dziemy aktywnie podejmowa\u0107 ten temat z hashtagiem #hearher, aby g\u0142os kobiet by\u0142 jeszcze lepiej s\u0142yszalny.<\/p>\n<p>Z tego powodu zobowi\u0105zujemy si\u0119 r\u00f3wnie\u017c do przekazywania sta\u0142ego procentu, co najmniej 5% naszych zysk\u00f3w, na rzecz projekt\u00f3w charytatywnych wspieraj\u0105cych kobiety.<\/p>\n","protected":false},"excerpt":{"rendered":"<p>S\u0142uchawki h\u00ebr pomagaj\u0105 S\u0142uchawki h\u00ebr, w kt\u00f3rych technologia \u0142\u0105czy si\u0119 z designem, s\u0105 dla ka\u017cdej kobiety mo\u017cliwo\u015bci\u0105 wyra\u017cenia siebie. Id\u017a przez \u017cycie zdecydowanie&hellip;<\/p>\n","protected":false},"author":1,"featured_media":8712,"parent":0,"menu_order":0,"comment_status":"closed","ping_status":"closed","template":"page-templates\/her-pages.php","meta":{"footnotes":""},"class_list":["post-3374","page","type-page","status-publish","has-post-thumbnail","hentry"],"_links":{"self":[{"href":"https:\/\/www.hear-her.com\/pl\/wp-json\/wp\/v2\/pages\/3374","targetHints":{"allow":["GET"]}}],"collection":[{"href":"https:\/\/www.hear-her.com\/pl\/wp-json\/wp\/v2\/pages"}],"about":[{"href":"https:\/\/www.hear-her.com\/pl\/wp-json\/wp\/v2\/types\/page"}],"author":[{"embeddable":true,"href":"https:\/\/www.hear-her.com\/pl\/wp-json\/wp\/v2\/users\/1"}],"replies":[{"embeddable":true,"href":"https:\/\/www.hear-her.com\/pl\/wp-json\/wp\/v2\/comments?post=3374"}],"version-history":[{"count":2,"href":"https:\/\/www.hear-her.com\/pl\/wp-json\/wp\/v2\/pages\/3374\/revisions"}],"predecessor-version":[{"id":9167,"href":"https:\/\/www.hear-her.com\/pl\/wp-json\/wp\/v2\/pages\/3374\/revisions\/9167"}],"wp:featuredmedia":[{"embeddable":true,"href":"https:\/\/www.hear-her.com\/pl\/wp-json\/wp\/v2\/media\/8712"}],"wp:attachment":[{"href":"https:\/\/www.hear-her.com\/pl\/wp-json\/wp\/v2\/media?parent=3374"}],"curies":[{"name":"wp","href":"https:\/\/api.w.org\/{rel}","templated":true}]}}