{"id":2974,"date":"2018-01-30T22:22:22","date_gmt":"2018-01-30T21:22:22","guid":{"rendered":"https:\/\/www.hear-her.com\/produkt\/nauszne-sluchawki-stereo-her-z-bluetooth\/"},"modified":"2026-04-08T20:58:53","modified_gmt":"2026-04-08T18:58:53","slug":"nauszne-sluchawki-stereo-her-z-bluetooth","status":"publish","type":"product","link":"https:\/\/www.hear-her.com\/pl\/produkt\/nauszne-sluchawki-stereo-her-z-bluetooth\/","title":{"rendered":"Nauszne s\u0142uchawki stereo h\u00ebr z Bluetooth"},"content":{"rendered":"<h3>S\u0142uchawki h\u00ebr<\/h3>\n<p>Te s\u0142uchawki zosta\u0142y zaprojektowane tak, aby spe\u0142ni\u0107 Twoje potrzeby, bo wiemy, \u017ce lubisz produkty pasuj\u0105ce idealnie do Twojego stylu i wyr\u00f3\u017cniaj\u0105ce si\u0119 z t\u0142umu. To co\u015b wi\u0119cej ni\u017c tylko stylowy dodatek. S\u0105 lekkie, delikatne i niesamowicie wygodne, a przede wszystkim zapewniaj\u0105 perfekcyjne brzmienie. S\u0142uchawki h\u00ebr spe\u0142niaj\u0105 najwy\u017csze standardy jako\u015bci, poniewa\u017c zosta\u0142y zaprojektowane przez jednego z najbardziej renomowanych europejskich producent\u00f3w i sprzedawc\u00f3w hurtowych specjalizuj\u0105cych si\u0119 w technice d\u017awi\u0119ku.<\/p>\n<h3>Bezprzewodowa wolno\u015b\u0107<\/h3>\n<p>S\u0142uchawki h\u00ebr s\u0105 uniwersalne. Mo\u017cesz ich u\u017cywa\u0107 w podr\u00f3\u017cy, podczas treningu, albo w domu &#8211; i wsz\u0119dzie masz pe\u0142n\u0105 swobod\u0119 dzi\u0119ki technologii Bluetooth. Je\u015bli roz\u0142aduje si\u0119 bateria albo zechcesz je pod\u0142\u0105czy\u0107 do urz\u0105dzenia bez funkcji Bluetooth, wystarczy u\u017cy\u0107 dostarczonego wraz ze s\u0142uchawkami standardowego kabla z wtyczk\u0105 jack.<\/p>\n<h3>\u0141atwa konfiguracja<\/h3>\n<p>Konfiguracja po\u0142\u0105czenia Bluetooth jest bardzo prosta, urz\u0105dzenie ko\u0144cowe musi tylko posiada\u0107 funkcj\u0119 Bluetooth. S\u0142uchawki s\u0105 kompatybilne ze wszystkimi Twoimi urz\u0105dzeniami takimi jak smartfon, laptop, tablet, odtwarzacz MP3, komputer stacjonarny, iPad, iPod, iPhone, MacBook czy iMac. <a href=\"https:\/\/www.hear-her.com\/support\/\">Tutorial Pairing<\/a><\/p>\n<h3>Minimalistyczny design<\/h3>\n<p>S\u0142uchawki h\u00ebr s\u0105 zaprojektowane w odcieniach nude i be\u017cu, dzi\u0119ki czemu doskonale podkre\u015bl\u0105 Tw\u00f3j w\u0142asny styl. Matowy metal i mi\u0119kka sk\u00f3ra doskonale si\u0119 uzupe\u0142niaj\u0105 i s\u0105 przyjemne w dotyku. Mi\u0142e w dotyku, mi\u0119kkie nauszniki dobrze trzymaj\u0105 si\u0119 na uszach, a do tego kobieco wygl\u0105daj\u0105.<\/p>\n<h3>Du\u017cy komfort noszenia<\/h3>\n<p>S\u0142uchawki h\u00ebr s\u0105 bardzo lekkie i wyr\u00f3\u017cniaj\u0105 si\u0119 du\u017cym komfortem noszenia. S\u0142uchawki wa\u017c\u0105 zaledwie 200 gram\u00f3w, a dzi\u0119ki ultrami\u0119kkiej wy\u015bci\u00f3\u0142ce s\u0142uchawek i pa\u0142\u0105ka prawie ich nie czu\u0107 podczas noszenia, nawet przez d\u0142u\u017cszy czas. Dzieki dyskretnemu mechanizmowi regulacji s\u0142uchawki mo\u017cna \u0142atwo \u015bci\u015ble dopasowa\u0107 do rozmiaru w\u0142asnej g\u0142owy.<\/p>\n<h3>Rozmowy telefoniczne<\/h3>\n<p>Dzi\u0119ki wbudowanemu mikrofonowi przez te s\u0142uchawki mo\u017cesz prowadzi\u0107 rozmowy telefoniczne. Przyciskami mo\u017cna odbiera\u0107, odrzuca\u0107 lub zawiesza\u0107 po\u0142\u0105czenia, a wi\u0119c zar\u00f3wno podczas dzwonienia, jak i podczas s\u0142uchania muzyki nie trzeba obs\u0142ugiwa\u0107 smartfona.<\/p>\n<h3>Zawsze z Tob\u0105<\/h3>\n<p>S\u0142uchawki h\u00ebr mo\u017cesz schowa\u0107 do znajduj\u0105cego si\u0119 w komplecie p\u0142\u00f3ciennego woreczka i codziennie mie\u0107 je przy sobie.<\/p>\n<h3>Szybka dostawa<\/h3>\n<p>Jako jeden z najwi\u0119kszych europejskich hurtowych sprzedawc\u00f3w sprz\u0119tu audio wiemy, jak wa\u017cna jest dla Ciebie szybka i bezproblemowa dostawa. Dlatego od razu rozpoczynamy realizacj\u0119 Twojego zam\u00f3wienia i w ci\u0105gu 24 godzin zostaje ono zapakowane i wys\u0142ane kurierem DHL.<br \/>\nS\u0142uchawki te znajdziesz r\u00f3wnie\u017c w renomowanych sklepach na ca\u0142ym \u015bwiecie.<\/p>\n","protected":false},"excerpt":{"rendered":"<p class=\"currency\">(oko\u0142o 469 z\u0142)<\/p>\n<h5><em>Lekkie, delikatne i wygodne<\/em><\/h5>\n<p>S\u0142uchawki h\u00ebr s\u0105 takie, jak Twoje samopoczucie. Z \u0142atwo\u015bci\u0105 dopasuj\u0105 si\u0119 do Twojego stylu i podkre\u015bl\u0105 Tw\u00f3j zdecydowany wizerunek. Zawsze i wsz\u0119dzie mo\u017cesz s\u0142ucha\u0107 swojej ulubionej muzyki i jednocze\u015bnie mie\u0107 ca\u0142kowit\u0105 swobod\u0119 ruchu. Twoje uszy je pokochaj\u0105, poniewa\u017c zapewniaj\u0105 bezkompromisowy d\u017awi\u0119k i bezkompromisowy komfort. Mi\u0119kka sk\u00f3ra i regulowany pa\u0142\u0105k dostosuj\u0105 si\u0119 do Ciebie, a wi\u0119c pozosta\u0144 sob\u0105 i ciesz si\u0119 swobod\u0105!<\/p>\n","protected":false},"featured_media":2975,"comment_status":"open","ping_status":"closed","template":"","meta":[],"product_brand":[],"product_cat":[116],"product_tag":[],"class_list":{"0":"post-2974","1":"product","2":"type-product","3":"status-publish","4":"has-post-thumbnail","6":"product_cat-kopfhoerer-pl","8":"first","9":"instock","10":"featured","11":"taxable","12":"shipping-taxable","13":"purchasable","14":"product-type-simple"},"_links":{"self":[{"href":"https:\/\/www.hear-her.com\/pl\/wp-json\/wp\/v2\/product\/2974","targetHints":{"allow":["GET"]}}],"collection":[{"href":"https:\/\/www.hear-her.com\/pl\/wp-json\/wp\/v2\/product"}],"about":[{"href":"https:\/\/www.hear-her.com\/pl\/wp-json\/wp\/v2\/types\/product"}],"replies":[{"embeddable":true,"href":"https:\/\/www.hear-her.com\/pl\/wp-json\/wp\/v2\/comments?post=2974"}],"wp:featuredmedia":[{"embeddable":true,"href":"https:\/\/www.hear-her.com\/pl\/wp-json\/wp\/v2\/media\/2975"}],"wp:attachment":[{"href":"https:\/\/www.hear-her.com\/pl\/wp-json\/wp\/v2\/media?parent=2974"}],"wp:term":[{"taxonomy":"product_brand","embeddable":true,"href":"https:\/\/www.hear-her.com\/pl\/wp-json\/wp\/v2\/product_brand?post=2974"},{"taxonomy":"product_cat","embeddable":true,"href":"https:\/\/www.hear-her.com\/pl\/wp-json\/wp\/v2\/product_cat?post=2974"},{"taxonomy":"product_tag","embeddable":true,"href":"https:\/\/www.hear-her.com\/pl\/wp-json\/wp\/v2\/product_tag?post=2974"}],"curies":[{"name":"wp","href":"https:\/\/api.w.org\/{rel}","templated":true}]}}