{"id":3887,"date":"2018-11-19T13:48:20","date_gmt":"2018-11-19T12:48:20","guid":{"rendered":"https:\/\/www.hear-her.com\/?page_id=3887"},"modified":"2021-03-01T20:14:39","modified_gmt":"2021-03-01T19:14:39","slug":"sobre","status":"publish","type":"page","link":"https:\/\/www.hear-her.com\/pt-pt\/sobre\/","title":{"rendered":"Sobre"},"content":{"rendered":"\n\t\t<!-- MasterSlider -->\n\t\t<div id=\"P_MS5e63840a83ef5\" class=\"master-slider-parent fs-slider  ms-parent-id-6\"  >\n\n\t\t\t\n\t\t\t<!-- MasterSlider Main -->\n\t\t\t<div id=\"MS5e63840a83ef5\" class=\"master-slider ms-skin-default\" >\n\t\t\t\t \t\t\t\t \n\n\t\t\t<div  class=\"ms-slide fullwidth-layers\" data-delay=\"7.5\" data-fill-mode=\"fill\"   >\n\t\t\t\t\t<img decoding=\"async\" src=\"https:\/\/www.hear-her.com\/wp-content\/plugins\/masterslider\/public\/assets\/css\/blank.gif\" alt=\"\" title=\"\" data-src=\"https:\/\/www.hear-her.com\/wp-content\/uploads\/2018\/02\/Slide-background-1.jpg\" \/>\n\n\t\t\t\t\t<img decoding=\"async\"  class=\"ms-layer  msp-cn-121-4\" src=\"https:\/\/www.hear-her.com\/wp-content\/plugins\/masterslider\/public\/assets\/css\/blank.gif\" data-src=\"https:\/\/www.hear-her.com\/wp-content\/uploads\/2018\/02\/Slidertest-distel2-1.png\" alt=\"\" style=\"width:290px;\"  data-effect=\"t(true,n,-250,n,-50,n,n,n,n,n,n,n,n,n,n)\" data-duration=\"4000\" data-delay=\"600\" data-ease=\"easeOutQuart\"       data-parallax=\"2\" data-type=\"image\"          data-offset-x=\"508\" data-offset-y=\"-267\" data-origin=\"mc\" data-position=\"normal\" \/>\n\n\t\t\t\t\t<img decoding=\"async\"  class=\"ms-layer  msp-cn-121-5\" src=\"https:\/\/www.hear-her.com\/wp-content\/plugins\/masterslider\/public\/assets\/css\/blank.gif\" data-src=\"https:\/\/www.hear-her.com\/wp-content\/uploads\/2018\/02\/Slidertest-distel1-1.png\" alt=\"\" style=\"width:200px;\"  data-effect=\"t(true,-150,n,n,3,n,n,n,n,n,n,n,n,n,n)\" data-duration=\"5000\" data-delay=\"200\" data-ease=\"easeOutQuart\"       data-parallax=\"1\" data-type=\"image\"          data-offset-x=\"0\" data-offset-y=\"0\" data-origin=\"bl\" data-position=\"normal\" \/>\n\n\t\t\t\t\t<img decoding=\"async\"  class=\"ms-layer  msp-cn-121-2\" src=\"https:\/\/www.hear-her.com\/wp-content\/plugins\/masterslider\/public\/assets\/css\/blank.gif\" data-src=\"https:\/\/www.hear-her.com\/wp-content\/uploads\/2018\/02\/Slider-tastatur.png\" alt=\"\" style=\"\"  data-effect=\"t(true,n,-150,n,n,n,n,n,n,n,n,n,n,n,n)\" data-duration=\"5000\" data-delay=\"1800\" data-ease=\"easeOutQuart\"       data-parallax=\"1\" data-type=\"image\"          data-offset-x=\"181\" data-offset-y=\"404\" data-origin=\"bl\" data-position=\"normal\" \/>\n\n\t\t\t\t\t<img decoding=\"async\"  class=\"ms-layer  msp-cn-6-24\" src=\"https:\/\/www.hear-her.com\/wp-content\/plugins\/masterslider\/public\/assets\/css\/blank.gif\" data-src=\"https:\/\/www.hear-her.com\/wp-content\/uploads\/2018\/02\/Slidertest-herheadphone.png\" alt=\"\" style=\"\"  data-effect=\"t(true,-30,10,n,n,n,n,n,n,n,n,n,n,n,n)\" data-duration=\"5000\" data-delay=\"1800\" data-ease=\"easeOutQuart\"       data-parallax=\"1\" data-type=\"image\"          data-offset-x=\"200\" data-offset-y=\"-43\" data-origin=\"bl\" data-position=\"normal\" \/>\n\n\t\t\t\t\t<div  class=\"ms-layer  msp-cn-6-25\" style=\"\"   data-effect=\"t(true,n,n,1500,250,n,n,n,n,n,n,n,n,n,n)\"   data-ease=\"easeOutQuint\"                data-offset-x=\"0\" data-offset-y=\"0\" data-origin=\"mc\" data-position=\"normal\"  >\n#hearher<\/div>\n\n\n\t\t\t\t<\/div>\n\n\t\t\t<\/div>\n\t\t\t<!-- END MasterSlider Main -->\n\n\t\t\t \n\t\t<\/div>\n\t\t<!-- END MasterSlider -->\n\n\t\t<script>\n\t\t( window.MSReady = window.MSReady || [] ).push( function( $ ) {\n\n\t\t\t\"use strict\";\n\t\t\tvar masterslider_3ef5 = new MasterSlider();\n\n\t\t\t\/\/ slider controls\n\t\t\t\/\/ slider setup\n\t\t\tmasterslider_3ef5.setup(\"MS5e63840a83ef5\", {\n\t\t\t\twidth           : 1280,\n\t\t\t\theight          : 768,\n\t\t\t\tminHeight       : 0,\n\t\t\t\tspace           : 0,\n\t\t\t\tstart           : 1,\n\t\t\t\tgrabCursor      : true,\n\t\t\t\tswipe           : true,\n\t\t\t\tmouse           : true,\n\t\t\t\tkeyboard        : true,\n\t\t\t\tlayout          : \"fullwidth\",\n\t\t\t\twheel           : false,\n\t\t\t\tautoplay        : false,\n                instantStartLayers:false,\n\t\t\t\tmobileBGVideo:false,\n\t\t\t\tloop            : false,\n\t\t\t\tshuffle         : false,\n\t\t\t\tpreload         : 0,\n\t\t\t\theightLimit     : true,\n\t\t\t\tautoHeight      : false,\n\t\t\t\tsmoothHeight    : true,\n\t\t\t\tendPause        : false,\n\t\t\t\toverPause       : false,\n\t\t\t\tfillMode        : \"fill\",\n\t\t\t\tcenterControls  : false,\n\t\t\t\tstartOnAppear   : false,\n\t\t\t\tlayersMode      : \"center\",\n\t\t\t\tautofillTarget  : \"\",\n\t\t\t\thideLayers      : false,\n\t\t\t\tfullscreenMargin: 0,\n\t\t\t\tspeed           : 20,\n\t\t\t\tdir             : \"h\",\n\t\t\t\tparallaxMode    : 'mouse',\n\t\t\t\tview            : \"basic\"\n\t\t\t});\n\n\t\t\t\t\t\tMSScrollParallax.setup( masterslider_3ef5, 30, 50, false );\n\t\t\t$(\"head\").append( \"<link rel='stylesheet' id='ms-fonts'  href='\/\/fonts.googleapis.com\/css?family=Poiret+One:regular' type='text\/css' media='all' \/>\" );\n\n\t\t\twindow.masterslider_instances = window.masterslider_instances || [];\n\t\t\twindow.masterslider_instances.push( masterslider_3ef5 );\n\t\t});\n\t\t<\/script>\n\n\n<h3>Quem somos?<\/h3>\n<p>Somos uma das maiores empresas europeias na distribui\u00e7\u00e3o de tecnologia de \u00e1udio. Entre os nossos clientes, al\u00e9m das maiores lojas de m\u00fasica em toda a Europa (ente outras, a Musikhaus Thomann e a Musicstore) tamb\u00e9m temos lojas de produtos eletr\u00f3nicos na Europa Central (como a Amazon Europa, a Media Markt e a Conrad), bem como em emissoras de r\u00e1dio estatais, escolas e universidades de todo o mundo.<\/p>\n<p><img loading=\"lazy\" decoding=\"async\" class=\"aligncenter size-full wp-image-3893\" src=\"https:\/\/www.hear-her.com\/wp-content\/uploads\/2018\/05\/her-headphones-about-gruppenbild.jpg\" alt=\"\" width=\"1000\" height=\"638\" srcset=\"https:\/\/www.hear-her.com\/wp-content\/uploads\/2018\/05\/her-headphones-about-gruppenbild.jpg 1000w, https:\/\/www.hear-her.com\/wp-content\/uploads\/2018\/05\/her-headphones-about-gruppenbild-300x191.jpg 300w, https:\/\/www.hear-her.com\/wp-content\/uploads\/2018\/05\/her-headphones-about-gruppenbild-768x490.jpg 768w, https:\/\/www.hear-her.com\/wp-content\/uploads\/2018\/05\/her-headphones-about-gruppenbild-790x504.jpg 790w\" sizes=\"auto, (max-width: 1000px) 100vw, 1000px\" \/><br \/>\nMuitos microfones, colunas ou auscultadores passam pelas nossas m\u00e3os at\u00e9 serem enviados das lojas para os clientes. No que toca a auscultadores, vendemos modelos de fabricantes conhecidos, mas tamb\u00e9m produzimos artigos para as\/os nossas\/os clientes.<\/p>\n<h3>Porqu\u00ea os auscultadores h\u00ebr?<\/h3>\n<p style=\"margin-top: 20px; font-size: 80%; color: white; line-height: 1.3; font-family: 'Lucida Console' !important;\"><strong style=\"font-family: 'Poiret One' !important; color: white; font-size: 150% !important;\">h\u00f6r<\/strong> [em alem\u00e3o, imperativo de &#8220;h\u00f6ren&#8221; (ouvir); perce\u00e7\u00e3o de est\u00edmulos ac\u00fasticos pelo ouvido]<\/p>\n<p>Como distribuidores e fabricantes, sabemos o que \u00e9 importante para criar um design de som sofisticado. Os altifalantes foram cuidadosamente selecionados para satisfazer os mais elevados padr\u00f5es de \u00e1udio. No maior site sobre avalia\u00e7\u00e3o de auscultadores (Kopfhoerer.de), ganhamos, contra todos os modelos estabelecidos no mercado, na categoria qualidade\/pre\u00e7o e recebemos, dos editores, o selo de Recomenda\u00e7\u00e3o (<a href=\"https:\/\/www.kopfhoerer.de\/test\/her-hf8\/\">no relat\u00f3rio de teste<\/a>).<\/p>\n<p style=\"margin-top: 20px; font-size: 80%; color: white; line-height: 1.3; font-family: 'Lucida Console' !important;\"><strong style=\"font-family: 'Poiret One' !important; color: white; font-size: 150% !important;\">her<\/strong> [em ingl\u00eas; seu\/dela; pronome possessivo de uma pessoa do sexo feminino]<\/p>\n<p>As nossas clientes esperam de um par de auscultadores muito mais do que um som perfeito. Por esse motivo, os auscultadores destacam-se pelo seu design elegante e particularmente sofisticado. Estes auscultadores s\u00e3o uns dos mais leves do mercado e, juntamente com o seu revestimento macio, proporcionam o m\u00e1ximo conforto \u00e0s clientes.<br \/>\nGra\u00e7as ao microfone HD inegrado, os auscultadores h\u00ebr podem ser convenientemente utilizados para telefonar. A liberdade de movimentos sem fios e uma autonomia de bateria muito longa tornam os auscultadores h\u00ebr um produto imprescind\u00edvel para o dia-a-dia.<\/p>\n<p><img loading=\"lazy\" decoding=\"async\" class=\"aligncenter size-large wp-image-3898\" src=\"https:\/\/www.hear-her.com\/wp-content\/uploads\/2018\/09\/her-gleichung-logo-1024x221.png\" alt=\"\" width=\"900\" height=\"194\" srcset=\"https:\/\/www.hear-her.com\/wp-content\/uploads\/2018\/09\/her-gleichung-logo-1024x221.png 1024w, https:\/\/www.hear-her.com\/wp-content\/uploads\/2018\/09\/her-gleichung-logo-300x65.png 300w, https:\/\/www.hear-her.com\/wp-content\/uploads\/2018\/09\/her-gleichung-logo-768x165.png 768w, https:\/\/www.hear-her.com\/wp-content\/uploads\/2018\/09\/her-gleichung-logo-1500x323.png 1500w, https:\/\/www.hear-her.com\/wp-content\/uploads\/2018\/09\/her-gleichung-logo-790x170.png 790w\" sizes=\"auto, (max-width: 900px) 100vw, 900px\" \/><\/p>\n<h3>Os auscultadores h\u00ebr ajudam<\/h3>\n<p>Os auscultadores h\u00ebr s\u00e3o uma afirma\u00e7\u00e3o de bom gosto para todas as mulheres, um encontro perfeito entre tecnologia e design! Leva a vida com autoconfian\u00e7a e autodetermina\u00e7\u00e3o.<\/p>\n<p>Estamos a promover ativamente a igualdade de g\u00e9nero e o empoderamento das mulheres, e abordamos ativamente esta quest\u00e3o com a hashtag <strong>#hearher<\/strong> , para fazer com que as vozes das mulheres sejam ouvidas em todo o mundo.<\/p>\n<p>Por esta raz\u00e3o, comprometemo-nos tamb\u00e9m a doar uma percentagem fixa de pelo menos 5% dos nossos lucros a um projecto caritativo que apoia as mulheres.<\/p>\n","protected":false},"excerpt":{"rendered":"<p>Quem somos? Somos uma das maiores empresas europeias na distribui\u00e7\u00e3o de tecnologia de \u00e1udio. Entre os nossos clientes, al\u00e9m das maiores lojas de&hellip;<\/p>\n","protected":false},"author":48,"featured_media":0,"parent":0,"menu_order":0,"comment_status":"closed","ping_status":"closed","template":"","meta":{"footnotes":""},"class_list":["post-3887","page","type-page","status-publish","hentry"],"_links":{"self":[{"href":"https:\/\/www.hear-her.com\/pt-pt\/wp-json\/wp\/v2\/pages\/3887","targetHints":{"allow":["GET"]}}],"collection":[{"href":"https:\/\/www.hear-her.com\/pt-pt\/wp-json\/wp\/v2\/pages"}],"about":[{"href":"https:\/\/www.hear-her.com\/pt-pt\/wp-json\/wp\/v2\/types\/page"}],"author":[{"embeddable":true,"href":"https:\/\/www.hear-her.com\/pt-pt\/wp-json\/wp\/v2\/users\/48"}],"replies":[{"embeddable":true,"href":"https:\/\/www.hear-her.com\/pt-pt\/wp-json\/wp\/v2\/comments?post=3887"}],"version-history":[{"count":3,"href":"https:\/\/www.hear-her.com\/pt-pt\/wp-json\/wp\/v2\/pages\/3887\/revisions"}],"predecessor-version":[{"id":9163,"href":"https:\/\/www.hear-her.com\/pt-pt\/wp-json\/wp\/v2\/pages\/3887\/revisions\/9163"}],"wp:attachment":[{"href":"https:\/\/www.hear-her.com\/pt-pt\/wp-json\/wp\/v2\/media?parent=3887"}],"curies":[{"name":"wp","href":"https:\/\/api.w.org\/{rel}","templated":true}]}}