{"id":3985,"date":"2018-11-19T14:21:40","date_gmt":"2018-11-19T13:21:40","guid":{"rendered":"https:\/\/www.hear-her.com\/?page_id=3985"},"modified":"2018-11-19T14:21:40","modified_gmt":"2018-11-19T13:21:40","slug":"perguntas-frequentes","status":"publish","type":"page","link":"https:\/\/www.hear-her.com\/pt-pt\/perguntas-frequentes\/","title":{"rendered":"Perguntas Frequentes"},"content":{"rendered":"<p class=\"p1\">As perguntas mais frequentes s\u00e3o respondidas aqui. Se n\u00e3o encontrares resposta \u00e0 tua pergunta, estamos ao teu dispor. Podes contactar-nos diretamente atrav\u00e9s do <a href=\"\/kontakt\/\">formul\u00e1rio de contacto<\/a> ou por <a href=\"mailto:support@hear-her.com\">e-mail.<\/a><\/p>\n<h1><span style=\"color: #ffffff;\">Perguntas sobre a encomenda<\/span><\/h1>\n<h6 class=\"p1\">Quando \u00e9 que a minha encomenda ser\u00e1 enviada?<\/h6>\n<p>A tua encomenda ser\u00e1 enviada dentro de 24 horas, nos dias \u00fateis.<\/p>\n<h6 class=\"p1\">Em que transportadora \u00e9 que a minha encomenda ser\u00e1 enviada?<\/h6>\n<p>Enviamos a tua encomenda pela DHL.<\/p>\n<h6 class=\"p1\">Posso cancelar a minha encomenda?<\/h6>\n<p>Sim, n\u00e3o h\u00e1 qualquer problema em cancelares a tua encomenda. Se o artigo j\u00e1 estiver a caminho, poder\u00e1 ser devolvido gratuitamente.<\/p>\n<h6 class=\"p1\">Posso devolver a minha encomenda?<\/h6>\n<p>Sim \u2013 achamos que vais gostar dos auscultadores h\u00ebr; mas se n\u00e3o corresponderem \u00e0s expetativas, podes devolver gratuitamente os os auscultadores durante o per\u00edodo de cancelamento (dentro da UE) sem dar quaisquer justifica\u00e7\u00f5es.\u00a0<a href=\"https:\/\/www.hear-her.com\/widerrufsbelehrung\/\">Mais informa\u00e7\u00f5es sobre o cancelamento e o per\u00edodo de cancelamento<\/a><\/p>\n<h6 class=\"p1\">Para que pa\u00edses fazem o envio?<\/h6>\n<p>Enviamos os auscultadores para todo o mundo.<\/p>\n<h6>Qual \u00e9 o valor dos portes de envio?<\/h6>\n<p>Portes de envio gratuitos para todo o mundo \u2013 n\u00e3o h\u00e1 custos de envio para ti.<a href=\"https:\/\/www.hear-her.com\/versand\/\"> Mais informa\u00e7\u00f5es sobre o envio <\/a><\/p>\n<h6 class=\"p1\">Como funciona o pagamento com Amazon Pay?<\/h6>\n<p>Podes pagar de forma f\u00e1cil e segura atrav\u00e9s da tua conta na Amazon \u2013 \u00e9 r\u00e1pido e n\u00e3o precisas de qualquer registo adicional no nosso site.<\/p>\n<h6 class=\"p1\">Como funciona o pagamento com cart\u00e3o de cr\u00e9dito?<\/h6>\n<p>Podes pagar de forma f\u00e1cil e segura com cart\u00e3o de cr\u00e9dito. O pagamento \u00e9 feito atrav\u00e9s do prestador de servi\u00e7os PayPal PLUS. Para isto, n\u00e3o \u00e9 preciso ter conta no PayPal.<\/p>\n<h1 class=\"p1\"><span style=\"color: #ffffff;\">Perguntas sobre os auscultadores<\/span><\/h1>\n<h6 class=\"p1\">De que materiais s\u00e3o feitos os auscultadores?<\/h6>\n<p>Pele, metal, pl\u00e1stico. Os auscultadores t\u00eam a certifica\u00e7\u00e3o CE e satisfazem os mais elevados padr\u00f5es.<\/p>\n<h1 class=\"p1\"><span style=\"color: #ffffff;\">Perguntas sobre a empresa<\/span><\/h1>\n<h6 class=\"p1\">Tenho um blogue e tenho interesse em falar de voc\u00eas.<\/h6>\n<p>Ficamos felizes se gostares dos auscultadores e quiseres falar deles. Podes encontrar mais informa\u00e7\u00f5es sobre a marca na nossa sec\u00e7\u00e3o Sobre. N\u00e3o hesites em contactar-nos diretamente por <a href=\"mailto:info@hear-her.com\">e-mail.<\/a><\/p>\n<h6 class=\"p1\">Eu tenho um canal no Instagram e pretendo falar de voc\u00eas.<\/h6>\n<p>Ficamos felizes se gostares dos auscultadores e quiseres falar deles. Podes encontrar mais informa\u00e7\u00f5es sobre a marca na nossa sec\u00e7\u00e3o Sobre. N\u00e3o hesites em contactar-nos diretamente por <a href=\"mailto:info@hear-her.com\">e-mail.<\/a><\/p>\n<h6 class=\"p1\">Existe alguma loja onde possa experimentar os auscultadores?<\/h6>\n<p>Os auscultadores h\u00ebr s\u00f3 est\u00e3o dispon\u00edveis aqui, na nossa loja online. Podes experimentar tranquilamente os teus auscultadores h\u00ebr em casa e, caso n\u00e3o fiques convencida, devolv\u00ea-los gratuitamente (dentro da UE).<\/p>\n","protected":false},"excerpt":{"rendered":"<p>As perguntas mais frequentes s\u00e3o respondidas aqui. Se n\u00e3o encontrares resposta \u00e0 tua pergunta, estamos ao teu dispor. Podes contactar-nos diretamente atrav\u00e9s do&hellip;<\/p>\n","protected":false},"author":48,"featured_media":3987,"parent":0,"menu_order":0,"comment_status":"closed","ping_status":"closed","template":"page-templates\/her-pages.php","meta":{"footnotes":""},"class_list":["post-3985","page","type-page","status-publish","has-post-thumbnail","hentry"],"_links":{"self":[{"href":"https:\/\/www.hear-her.com\/pt-pt\/wp-json\/wp\/v2\/pages\/3985","targetHints":{"allow":["GET"]}}],"collection":[{"href":"https:\/\/www.hear-her.com\/pt-pt\/wp-json\/wp\/v2\/pages"}],"about":[{"href":"https:\/\/www.hear-her.com\/pt-pt\/wp-json\/wp\/v2\/types\/page"}],"author":[{"embeddable":true,"href":"https:\/\/www.hear-her.com\/pt-pt\/wp-json\/wp\/v2\/users\/48"}],"replies":[{"embeddable":true,"href":"https:\/\/www.hear-her.com\/pt-pt\/wp-json\/wp\/v2\/comments?post=3985"}],"version-history":[{"count":1,"href":"https:\/\/www.hear-her.com\/pt-pt\/wp-json\/wp\/v2\/pages\/3985\/revisions"}],"predecessor-version":[{"id":3994,"href":"https:\/\/www.hear-her.com\/pt-pt\/wp-json\/wp\/v2\/pages\/3985\/revisions\/3994"}],"wp:featuredmedia":[{"embeddable":true,"href":"https:\/\/www.hear-her.com\/pt-pt\/wp-json\/wp\/v2\/media\/3987"}],"wp:attachment":[{"href":"https:\/\/www.hear-her.com\/pt-pt\/wp-json\/wp\/v2\/media?parent=3985"}],"curies":[{"name":"wp","href":"https:\/\/api.w.org\/{rel}","templated":true}]}}