{"id":3997,"date":"2018-11-19T14:37:23","date_gmt":"2018-11-19T13:37:23","guid":{"rendered":"https:\/\/www.hear-her.com\/?page_id=3997"},"modified":"2018-11-19T14:37:23","modified_gmt":"2018-11-19T13:37:23","slug":"envio","status":"publish","type":"page","link":"https:\/\/www.hear-her.com\/pt-pt\/envio\/","title":{"rendered":"Envio"},"content":{"rendered":"<h2 class=\"p1\">Custos de envio da encomenda<\/h2>\n<p class=\"p1\"><em>Envio gratuito para todo o mundo<\/em><\/p>\n<p class=\"p1\">Os portes de envio s\u00e3o por nossa conta &#8211; independentemente de onde vives.<\/p>\n<h2 class=\"p1\">Portes de envio no cancelamento e garantia<\/h2>\n<table style=\"font-weight: 400;\" width=\"321\">\n<tbody>\n<tr>\n<td width=\"80\"><\/td>\n<td width=\"80\">Prazo<\/td>\n<td width=\"80\">EU<\/td>\n<td width=\"80\">fora da UE<\/td>\n<\/tr>\n<tr>\n<td width=\"80\">Cancelamento<\/td>\n<td width=\"80\">14 dias<\/td>\n<td width=\"80\">\u00a0\u00a0\u00a0\u00a0\u00a0\u00a0\u00a0\u00a0\u00a0\u00a0\u00a0\u00a0\u00a0\u00a0\u00a0\u00a0 &#8211;\u00a0\u00a0 \u20ac<\/td>\n<td width=\"80\">\u00a0\u00a0\u00a0\u00a0\u00a0\u00a0\u00a0\u00a0\u00a0\u00a039,00 \u20ac<\/td>\n<\/tr>\n<tr>\n<td width=\"80\">Garantia<\/td>\n<td width=\"80\">1 Ano<\/td>\n<td width=\"80\">\u00a0\u00a0\u00a0\u00a0\u00a0\u00a0\u00a0\u00a0\u00a0\u00a0\u00a0\u00a0\u00a0\u00a0\u00a0\u00a0 &#8211;\u00a0\u00a0 \u20ac<\/td>\n<td width=\"80\">\u00a0\u00a0\u00a0\u00a0\u00a0\u00a0\u00a0\u00a0\u00a0\u00a0\u00a0\u00a0\u00a0\u00a0\u00a0\u00a0\u00a0&#8211;\u00a0\u00a0 \u20ac<\/td>\n<\/tr>\n<\/tbody>\n<\/table>\n<h2 class=\"p1\">M\u00e9todos de envio<\/h2>\n<p>A tua encomenda ser\u00e1 expedida pela DHL.<\/p>\n<h2 class=\"p1\">Prazos de entrega<\/h2>\n<p>A tua encomenda ser\u00e1 enviada dentro de 24 horas, nos dias \u00fateis. Na tabela abaixo, podes encontrar os prazos aproximados de entrega. Caso encontres pa\u00edses n\u00e3o listados no site da <a href=\"https:\/\/www.dhl.de\/de\/geschaeftskunden\/paket\/ab-200-pakete\/internationaler-versand\/paket-international.html\">DHL International,<\/a>\u00a0podes entrar em contacto connosco.<\/p>\n<table style=\"font-weight: 400;\" width=\"321\">\n<tbody>\n<tr>\n<td width=\"80\">\u00a0<strong>Pa\u00edses<\/strong><\/td>\n<td width=\"80\"><strong>Prazo (dias \u00fateis)<\/strong><\/td>\n<\/tr>\n<tr>\n<td width=\"80\">Alemanha<\/td>\n<td width=\"80\">1\u20133<\/td>\n<\/tr>\n<tr>\n<td width=\"80\">Austr\u00e1lia<\/td>\n<td width=\"80\">12<\/td>\n<\/tr>\n<tr>\n<td width=\"80\">Fran\u00e7a<\/td>\n<td width=\"80\">4<\/td>\n<\/tr>\n<tr>\n<td width=\"80\">Reino Unido<\/td>\n<td width=\"80\">3\u20134<\/td>\n<\/tr>\n<tr>\n<td width=\"80\">Irlanda<\/td>\n<td width=\"80\">4\u20135<\/td>\n<\/tr>\n<tr>\n<td width=\"80\">It\u00e1lia<\/td>\n<td width=\"80\">4<\/td>\n<\/tr>\n<tr>\n<td width=\"80\">Canad\u00e1<\/td>\n<td width=\"80\">11<\/td>\n<\/tr>\n<tr>\n<td width=\"80\">Pa\u00edses Baixos<\/td>\n<td width=\"80\">2\u20133<\/td>\n<\/tr>\n<tr>\n<td width=\"80\">Noruega<\/td>\n<td width=\"80\">8\u20139<\/td>\n<\/tr>\n<tr>\n<td width=\"80\">\u00c1ustria<\/td>\n<td width=\"80\">1\u20133<\/td>\n<\/tr>\n<tr>\n<td width=\"80\">Pol\u00f3nia<\/td>\n<td width=\"80\">3\u20134<\/td>\n<\/tr>\n<tr>\n<td width=\"80\">Portugal<\/td>\n<td width=\"80\">5\u20136<\/td>\n<\/tr>\n<tr>\n<td width=\"80\">Su\u00e9cia<\/td>\n<td width=\"80\">4<\/td>\n<\/tr>\n<tr>\n<td width=\"80\">Su\u00ed\u00e7a<\/td>\n<td width=\"80\">5<\/td>\n<\/tr>\n<tr>\n<td width=\"80\">Espanha<\/td>\n<td width=\"80\">5\u20136<\/td>\n<\/tr>\n<tr>\n<td width=\"80\">Turquia<\/td>\n<td width=\"80\">11\u201316<\/td>\n<\/tr>\n<tr>\n<td width=\"80\">Estados Unidos da Am\u00e9rica<\/td>\n<td width=\"80\">11\u201313<\/td>\n<\/tr>\n<\/tbody>\n<\/table>\n<p>\u00c9 poss\u00edvel obter um c\u00f3digo de acompanhamento para todos os destinos em <a href=\"http:\/\/www.dhl.de\">www.dhl.de .<\/a><\/p>\n<h2 class=\"p1\">Alf\u00e2ndega<\/h2>\n<p>A Sonic Sales n\u00e3o cobre qualquer custo alfandeg\u00e1rio ou outras despesas incorridas.<\/p>\n<p><strong>Pa\u00edses fora da UE<\/strong><\/p>\n<p>Se a sua encomenda for expedida para um pa\u00eds fora da EU, poder\u00e1 haver custos adicionais, como taxas alfandeg\u00e1rias, impostos e outros.<br \/>\nExpedimos os bens em conformidade com a pol\u00edtica Incoterm DDU (\u201ctaxas e impostos n\u00e3o pagos\u201d), isto \u00e9, expedimos a sua encomenda para o local de entrega, mas n\u00e3o somos respons\u00e1veis por impostos locais ou taxas alfandeg\u00e1rias adicionais.<\/p>\n<p>A pessoa cujo nome est\u00e1 inscrito na embalagem \u00e9 a respons\u00e1vel por todos os custos adicionais de importa\u00e7\u00e3o dos produtos (mesmo que a encomenda seja recusada).<\/p>\n<p>Tamb\u00e9m \u00e9 poss\u00edvel que haja atrasos na entrega da encomenda por motivos de inspe\u00e7\u00e3o aduaneira.<\/p>\n","protected":false},"excerpt":{"rendered":"<p>Custos de envio da encomenda Envio gratuito para todo o mundo Os portes de envio s\u00e3o por nossa conta &#8211; independentemente de onde&hellip;<\/p>\n","protected":false},"author":48,"featured_media":0,"parent":0,"menu_order":0,"comment_status":"closed","ping_status":"closed","template":"page-templates\/her-pages.php","meta":{"footnotes":""},"class_list":["post-3997","page","type-page","status-publish","hentry"],"_links":{"self":[{"href":"https:\/\/www.hear-her.com\/pt-pt\/wp-json\/wp\/v2\/pages\/3997","targetHints":{"allow":["GET"]}}],"collection":[{"href":"https:\/\/www.hear-her.com\/pt-pt\/wp-json\/wp\/v2\/pages"}],"about":[{"href":"https:\/\/www.hear-her.com\/pt-pt\/wp-json\/wp\/v2\/types\/page"}],"author":[{"embeddable":true,"href":"https:\/\/www.hear-her.com\/pt-pt\/wp-json\/wp\/v2\/users\/48"}],"replies":[{"embeddable":true,"href":"https:\/\/www.hear-her.com\/pt-pt\/wp-json\/wp\/v2\/comments?post=3997"}],"version-history":[{"count":1,"href":"https:\/\/www.hear-her.com\/pt-pt\/wp-json\/wp\/v2\/pages\/3997\/revisions"}],"predecessor-version":[{"id":4026,"href":"https:\/\/www.hear-her.com\/pt-pt\/wp-json\/wp\/v2\/pages\/3997\/revisions\/4026"}],"wp:attachment":[{"href":"https:\/\/www.hear-her.com\/pt-pt\/wp-json\/wp\/v2\/media?parent=3997"}],"curies":[{"name":"wp","href":"https:\/\/api.w.org\/{rel}","templated":true}]}}