{"id":3900,"date":"2018-01-30T22:22:22","date_gmt":"2018-01-30T21:22:22","guid":{"rendered":"https:\/\/www.hear-her.com\/produkt\/her-on-ear-bluetooth-stereo-headphone\/"},"modified":"2026-04-29T23:29:56","modified_gmt":"2026-04-29T21:29:56","slug":"her-on-ear-bluetooth-stereo-headphone","status":"publish","type":"product","link":"https:\/\/www.hear-her.com\/pt-pt\/produkt\/her-on-ear-bluetooth-stereo-headphone\/","title":{"rendered":"Auscultadores h\u00ebr bluetooth stereo"},"content":{"rendered":"<h3>Auscultadores h\u00ebr<\/h3>\n<p>O design foi a pensar especialmente em ti, pois sabemos que adoras que os teus produtos sejam diferentes do comum e encaixem perfeitamente na tua vida. Uma vez que s\u00e3o leves, finos e extremamente confort\u00e1veis, s\u00e3o muito mais do que um mero acess\u00f3rio elegante e s\u00e3o sobretudo convincentes com o seu som impecavelmente n\u00edtido. Os auscultadores h\u00ebr foram desenvolvidos por um dos mais reputados produtores e distribuidores da Europa na \u00e1rea da tecnologia de som e, portanto, satisfazem os mais elevados padr\u00f5es de qualidade.<\/p>\n<h3>Liberdade sem fios<\/h3>\n<p>Os auscultadores h\u00ebr s\u00e3o para qualquer circunst\u00e2ncia. Seja em casa, fora de casa ou a praticar de desporto, tens uma liberdade total de movimentos, gra\u00e7as \u00e0 tecnologia bluetooth. Se ficares sem bateria ou n\u00e3o tiver um dispositivo com bluetooth, podes facilmente utilizar os auscultadores com um cabo normal, que est\u00e1 inclu\u00eddo.<\/p>\n<h3>Configura\u00e7\u00e3o simples<\/h3>\n<p>\u00c9 muito f\u00e1cil configurar o bluetooth \u2013 s\u00f3 \u00e9 necess\u00e1rio que o teu dispositivo suporte tamb\u00e9m bluetooth. Os auscultadores s\u00e3o compat\u00edveis com todos os teus dispositivos, incluindo telem\u00f3vel, port\u00e1til, tablet, leitor de MP3, PC, iPad, iPod, iPhone, MacBook e iMac. <a href=\"https:\/\/www.hear-her.com\/pt-pt\/support\/\">Tutorial Pairing<\/a><\/p>\n<h3>Design minimalista<\/h3>\n<p>Os auscultadores h\u00ebr s\u00e3o feitos em elegantes tons de pele e bege e real\u00e7am o teu estilo com eleg\u00e2ncia. O metal opaco e a pele macia formam uma composi\u00e7\u00e3o de alta qualidade e com uma sensa\u00e7\u00e3o de excel\u00eancia. As almofadas, confort\u00e1veis e flex\u00edveis, assentam na perfei\u00e7\u00e3o sobre as tuas orelhas e, al\u00e9m do ajuste agrad\u00e1vel sobre a cabe\u00e7a, tamb\u00e9m podes reparar no look muito feminino que te \u00e9 proporcionado.<\/p>\n<h3>Conforto<\/h3>\n<p>Os auscultadores h\u00ebr s\u00e3o muito leves e caracterizam-se pelo seu elevado conforto na utiliza\u00e7\u00e3o. Estes auscultadores pesam apenas 200 gramas e, gra\u00e7as \u00e0s almofadas macias e ao confort\u00e1vel revestimento que assenta na cabe\u00e7a, \u00e9 confort\u00e1vel us\u00e1-los durante muito tempo. O arco dos auscultadores \u00e9 discreto e facilita o seu ajuste, o que permite que seja adequado a todos os tamanhos de cabe\u00e7a.<\/p>\n<h3>Telefonar<\/h3>\n<p>Com o microfone integrado, \u00e9 ainda mais f\u00e1cil atender chamadas com os teus auscultadores. Os bot\u00f5es podem ser usados para atender e rejeitar chamadas, bem como controlar a m\u00fasica, evitando assim que tenhas de procurar o teu telefone sempre que quiseres telefonar ou ouvir m\u00fasica.<\/p>\n<h3>A companhia ideal<\/h3>\n<p>F\u00e1ceis de guardar no saco de tecido inclu\u00eddo, estes auscultadores s\u00e3o muito port\u00e1teis e, por isso, s\u00e3o uma companhia ideal para utiliza\u00e7\u00e3o di\u00e1ria.<\/p>\n<h3>Entrega r\u00e1pida<\/h3>\n<p>Uma vez que somos um dos maiores distribuidores de produtos \u00e1udio da Europa, sabemos o qu\u00e3o importante \u00e9, para ti, um envio r\u00e1pido e sem complica\u00e7\u00f5es. A tua encomenda ser\u00e1 processada de imediato, embalada nas pr\u00f3ximas 24 horas e enviada pela transportadora DHL.<\/p>\n","protected":false},"excerpt":{"rendered":"<h5>Leves, finos e confort\u00e1veis<\/h5>\n<p>Os auscultadores h\u00ebr adaptam-se \u00e0quilo que sentes. Leves e flex\u00edveis, adaptam-se ao teu estilo e destacam a confian\u00e7a com que te apresentas. Deixa-te envolver pela tua m\u00fasica favorita, a qualquer momento e em qualquer lugar, e desfruta da liberdade ilimitada dos teus movimentos. Os teus ouvidos v\u00e3o ador\u00e1-los, pois o som tem tanta qualidade quanto o conforto. A pele e os suportes ajust\u00e1veis adaptam-se a ti; portanto, fica como est\u00e1s e desfruta!<\/p>\n","protected":false},"featured_media":3901,"comment_status":"open","ping_status":"closed","template":"","meta":[],"product_brand":[],"product_cat":[154],"product_tag":[],"class_list":{"0":"post-3900","1":"product","2":"type-product","3":"status-publish","4":"has-post-thumbnail","6":"product_cat-kopfhoerer-pt-pt","8":"first","9":"instock","10":"featured","11":"taxable","12":"shipping-taxable","13":"purchasable","14":"product-type-simple"},"_links":{"self":[{"href":"https:\/\/www.hear-her.com\/pt-pt\/wp-json\/wp\/v2\/product\/3900","targetHints":{"allow":["GET"]}}],"collection":[{"href":"https:\/\/www.hear-her.com\/pt-pt\/wp-json\/wp\/v2\/product"}],"about":[{"href":"https:\/\/www.hear-her.com\/pt-pt\/wp-json\/wp\/v2\/types\/product"}],"replies":[{"embeddable":true,"href":"https:\/\/www.hear-her.com\/pt-pt\/wp-json\/wp\/v2\/comments?post=3900"}],"wp:featuredmedia":[{"embeddable":true,"href":"https:\/\/www.hear-her.com\/pt-pt\/wp-json\/wp\/v2\/media\/3901"}],"wp:attachment":[{"href":"https:\/\/www.hear-her.com\/pt-pt\/wp-json\/wp\/v2\/media?parent=3900"}],"wp:term":[{"taxonomy":"product_brand","embeddable":true,"href":"https:\/\/www.hear-her.com\/pt-pt\/wp-json\/wp\/v2\/product_brand?post=3900"},{"taxonomy":"product_cat","embeddable":true,"href":"https:\/\/www.hear-her.com\/pt-pt\/wp-json\/wp\/v2\/product_cat?post=3900"},{"taxonomy":"product_tag","embeddable":true,"href":"https:\/\/www.hear-her.com\/pt-pt\/wp-json\/wp\/v2\/product_tag?post=3900"}],"curies":[{"name":"wp","href":"https:\/\/api.w.org\/{rel}","templated":true}]}}