{"id":7572,"date":"2019-09-30T22:59:36","date_gmt":"2019-09-30T21:48:03","guid":{"rendered":"https:\/\/www.hear-her.com\/?post_type=product&#038;p=7572"},"modified":"2026-04-19T09:38:46","modified_gmt":"2026-04-19T07:38:46","slug":"her-bluetooth-in-earphones","status":"publish","type":"product","link":"https:\/\/www.hear-her.com\/pt-pt\/produkt\/her-bluetooth-in-earphones\/","title":{"rendered":"h\u00ebr bluetooth <\/br>in-earphones"},"content":{"rendered":"<h3>auriculares h\u00ebr<\/h3>\n<p>Os auriculares foram desenvolvidos por uma das fabricantes e distribuidoras mais populares da Europa no dom\u00ednio da tecnologia de som. Cada detalhe do design de \u00e1udio foi concebido para lhe proporcionar uma experi\u00eancia sonora ideal pelos seus auriculares h\u00ebr. Porque os auriculares h\u00ebr s\u00e3o muito mais do que um acess\u00f3rio elegante \u2013 coloque-os nos ouvidos e sinta a nitidez de um som de alta qualidade atrav\u00e9s de uma liga\u00e7\u00e3o fi\u00e1vel.<\/p>\n<h3>Liberdade sem fios<\/h3>\n<p>Gra\u00e7as \u00e0 mais recente tecnologia Bluetooth, os seus auriculares h\u00ebr oferecem total liberdade de movimento \u2013 esteja o seu smartphone na m\u00e3o, no bolso, num suporte de bra\u00e7o ou encaixado num equipamento de fitness.<\/p>\n<h3>F\u00e1cil de configurar<\/h3>\n<p>A configura\u00e7\u00e3o do Bluetooth \u00e9 feita com o toque de um dedo. Os seus auriculares h\u00ebr ffuncionam com todos os dispositivos compat\u00edveis com Bluetooth, como smartphones, port\u00e1teis, tablets, leitores de MP3, computadores de secret\u00e1ria, iPads, iPods, iPhones, MacBooks, iMacs, etc. \u2013 basta emparelhar e ouvir.<\/p>\n<h3>Design minimalista<\/h3>\n<p>Os auriculares h\u00ebr s\u00e3o feitos num elegante tom de pele, adaptando-se assim discretamente aos seus ouvidos. A caixa de carregamento vem inclu\u00edda e cabe confortavelmente na sua m\u00e3o, podendo guard\u00e1-la em qualquer bolsa. Est\u00e1 equipada com um mecanismo rotativo para que os auriculares h\u00ebr estejam sempre perfeitamente protegidos durante o transporte e o carregamento.<\/p>\n<h3>Conforto m\u00e1ximo<\/h3>\n<p>Os auriculares h\u00ebr oferecem o maior conforto na utiliza\u00e7\u00e3o e uma fixa\u00e7\u00e3o segura. Horas de exerc\u00edcio f\u00edsico, uma viagem de comboio ou um dia em casa podem ser acompanhados por m\u00fasica sem que note os auriculares h\u00ebr. Com as borrachas de prote\u00e7\u00e3o inclu\u00eddas em tr\u00eas tamanhos diferentes (S, M, L), pode encontrar facilmente aquele que melhor se adapta a sim.<\/p>\n<h3>Telefonar<\/h3>\n<p>Com o microfone integrado, \u00e9 ainda mais f\u00e1cil atender chamadas com os teus auscultadores. Os bot\u00f5es podem ser usados para atender e rejeitar chamadas, bem como controlar a m\u00fasica, evitando assim que tenhas de procurar o teu telefone sempre que quiseres telefonar ou ouvir m\u00fasica.<\/p>\n<h3>A companhia ideal<\/h3>\n<p>A caixa de carregamento inclu\u00edda oferece-lhe prote\u00e7\u00e3o e, ao mesmo tempo, mais bateria. Durante o transporte na sua caixa de prote\u00e7\u00e3o, os auriculares h\u00ebr podem ser recarregadas at\u00e9 tr\u00eas vezes.<\/p>\n<h3>Entrega r\u00e1pida<\/h3>\n<p>Como um dos maiores grossistas de \u00e1udio da Europa, sabemos o qu\u00e3o importante \u00e9 para si o transporte r\u00e1pido e suave. Seu pedido ser\u00e1, portanto, processado imediatamente, embalado e enviado pela DHL dentro de 24 horas.<\/p>\n<h3>auscultadores h\u00ebr bluetooth stereo<\/h3>\n<p style=\"min-height: 250px;\"><a href=\"https:\/\/www.hear-her.com\/produkt\/her-on-ear-bluetooth-stereo-headphone\/\"><img loading=\"lazy\" decoding=\"async\" class=\"size-medium wp-image-3901 alignleft\" src=\"https:\/\/www.hear-her.com\/wp-content\/uploads\/2018\/01\/HF8-Main-300x300.png\" alt=\"\" width=\"300\" height=\"300\" srcset=\"https:\/\/www.hear-her.com\/wp-content\/uploads\/2018\/01\/HF8-Main-300x300.png 300w, https:\/\/www.hear-her.com\/wp-content\/uploads\/2018\/01\/HF8-Main-790x790.png 790w, https:\/\/www.hear-her.com\/wp-content\/uploads\/2018\/01\/HF8-Main-100x100.png 100w, https:\/\/www.hear-her.com\/wp-content\/uploads\/2018\/01\/HF8-Main-150x150.png 150w, https:\/\/www.hear-her.com\/wp-content\/uploads\/2018\/01\/HF8-Main-768x768.png 768w, https:\/\/www.hear-her.com\/wp-content\/uploads\/2018\/01\/HF8-Main-1024x1024.png 1024w, https:\/\/www.hear-her.com\/wp-content\/uploads\/2018\/01\/HF8-Main-690x690.png 690w, https:\/\/www.hear-her.com\/wp-content\/uploads\/2018\/01\/HF8-Main-600x600.png 600w\" sizes=\"auto, (max-width: 300px) 100vw, 300px\" \/><\/a><\/p>\n","protected":false},"excerpt":{"rendered":"<h5><em>Multifuncional, discreto, leve, minimalista e port\u00e1til<\/em><\/h5>\n<p>Para qualquer ocasi\u00e3o, os auriculares h\u00ebr s\u00e3o a sua companhia perfeita. Sempre que sair, fizer desporto ou ficar em casa, ficar\u00e1 encantada com o seu som n\u00edtido e elegante e a ac\u00fastica equilibrada. Independentemente de como estiver, os auriculares h\u00ebr combinar\u00e3o na perfei\u00e7\u00e3o com o seu estilo, pois t\u00eam uma discreta cor de pele. A caixa inclu\u00edda protege os seus auriculares h\u00ebr e servem tamb\u00e9m para recarreg\u00e1-los em qualquer lugar.<\/p>\n","protected":false},"featured_media":7277,"comment_status":"open","ping_status":"closed","template":"","meta":[],"product_brand":[],"product_cat":[181],"product_tag":[],"class_list":{"0":"post-7572","1":"product","2":"type-product","3":"status-publish","4":"has-post-thumbnail","6":"product_cat-in-ears-pt-pt","8":"first","9":"instock","10":"taxable","11":"shipping-taxable","12":"purchasable","13":"product-type-simple"},"_links":{"self":[{"href":"https:\/\/www.hear-her.com\/pt-pt\/wp-json\/wp\/v2\/product\/7572","targetHints":{"allow":["GET"]}}],"collection":[{"href":"https:\/\/www.hear-her.com\/pt-pt\/wp-json\/wp\/v2\/product"}],"about":[{"href":"https:\/\/www.hear-her.com\/pt-pt\/wp-json\/wp\/v2\/types\/product"}],"replies":[{"embeddable":true,"href":"https:\/\/www.hear-her.com\/pt-pt\/wp-json\/wp\/v2\/comments?post=7572"}],"wp:featuredmedia":[{"embeddable":true,"href":"https:\/\/www.hear-her.com\/pt-pt\/wp-json\/wp\/v2\/media\/7277"}],"wp:attachment":[{"href":"https:\/\/www.hear-her.com\/pt-pt\/wp-json\/wp\/v2\/media?parent=7572"}],"wp:term":[{"taxonomy":"product_brand","embeddable":true,"href":"https:\/\/www.hear-her.com\/pt-pt\/wp-json\/wp\/v2\/product_brand?post=7572"},{"taxonomy":"product_cat","embeddable":true,"href":"https:\/\/www.hear-her.com\/pt-pt\/wp-json\/wp\/v2\/product_cat?post=7572"},{"taxonomy":"product_tag","embeddable":true,"href":"https:\/\/www.hear-her.com\/pt-pt\/wp-json\/wp\/v2\/product_tag?post=7572"}],"curies":[{"name":"wp","href":"https:\/\/api.w.org\/{rel}","templated":true}]}}